{"id":97097,"date":"2024-01-24T11:31:24","date_gmt":"2024-01-19T15:18:00","guid":{"rendered":"https:\/\/www.editorialelpirata.com\/?post_type=product&#038;p=97097"},"modified":"2026-03-30T09:51:48","modified_gmt":"2026-03-30T09:51:48","slug":"els-basquet-prodigis-el-torneig-dels-somnis","status":"publish","type":"product","link":"https:\/\/www.editorialelpirata.com\/ca\/Producte\/els-basquet-prodigis-el-torneig-dels-somnis\/","title":{"rendered":"Els B\u00e0squet Prodigis 1- EL TORNEIG DELS SOMNIS"},"content":{"rendered":"<div class=\"wpb-content-wrapper\"><p>[vc_row][vc_column][vc_column_text uncode_shortcode_id=&#8221;902355&#8243;]<strong>Els B\u00e0squet Prodigis<\/strong>\u00a0\u00e9s una col\u00b7lecci\u00f3 sobre b\u00e0squet amb molt d\u2019humor, protagonitzada per un grup de nois i noies de nou anys que van al mateix col\u00b7legi. No cal ser un expert en b\u00e0squet per gaudir amb les esbojarrades aventures d\u2019en Joel i els seus amics!<\/p>\n<p>Totes les p\u00e0gines tenen il\u00b7lustracions a color i hi ha di\u00e0legs en bafarades de c\u00f2mic. El ritme de la lectura \u00e9s trepidant i ple d\u2019humor. Aquest llibre de b\u00e0squet es recomana per a nens i nenes a partir de 8 fins a 11 anys.<\/p>\n<p>A <em>El torneig dels somnis<\/em>, en Joel i el seu millor amic, en Berm\u00fadez, s&#8217;hauran de posar les piles si pensen aprovar Educaci\u00f3 F\u00edsica aquest any, perqu\u00e8 el seu nou professor, el <em>coach<\/em> Evans, \u00e9s m\u00e9s estricte que un sergent. Ha arribat l&#8217;hora de posar-se en forma i, per fer-ho, no se&#8217;ls acudeix res millor que\u2026 formar el seu propi equip de b\u00e0squet i guanyar un campionat! Cosa que, sens dubte, seria molt m\u00e9s senzilla si algun dels molt variats membres de l&#8217;equip tingu\u00e9s la menor idea de jugar al b\u00e0squet.<\/p>\n<p>En <strong>&#8220;Els B\u00e0squet Prodigis: El torneig dels somnis&#8221;<\/strong>, en Joel i en Berm\u00fadez s&#8217;enfronten al rigor\u00f3s <em>coach<\/em> Evans i decideixen formar un equip de b\u00e0squet per guanyar el campionat d&#8217;educaci\u00f3 f\u00edsica. Tot i que cap dels membres t\u00e9 experi\u00e8ncia, la seva determinaci\u00f3 i les situacions c\u00f2miques fan de cada partit una aventura hilarant. Amb il\u00b7lustracions vibrants i di\u00e0legs enginyosos, aquesta s\u00e8rie captiva lectors de 8 a 11 anys, oferint ritme fren\u00e8tic i molta diversi\u00f3.<\/p>\n<p><strong>Altres t\u00edtols de la col\u00b7lecci\u00f3:<\/strong><\/p>\n<ul>\n<li><a href=\"https:\/\/www.editorialelpirata.com\/ca\/producte\/els-basquet-prodigis-el-misteri-dels-joves-dor\/\" target=\"_blank\" rel=\"noopener\">El misteri dels Joves d\u2019Or<\/a><\/li>\n<li><a href=\"https:\/\/www.editorialelpirata.com\/ca\/Producte\/basquet-prodigis-profecia-escorpi\/\" target=\"_blank\" rel=\"noopener\">La profecia de l\u2019escorp\u00ed<\/a><\/li>\n<\/ul>\n<p>[\/vc_column_text][vc_column_text uncode_shortcode_id=&#8221;387296&#8243;]<\/p>\n<blockquote><p><strong>Merc\u00e8 Company, escriptora de llibres infantils i juvenils:<\/strong> &#8220;Els b\u00e0squet prodigis\u00a0funciona molt b\u00e9! T\u00e9 molta gr\u00e0cia, \u00e9s fresca i directa. Els di\u00e0legs i els personatges s\u00f3n naturals i els nanos s&#8217;hi emmirallaran.&#8221;<\/p>\n<p><strong>Client Amazon:<\/strong> &#8220;Un llibre divertid\u00edssim, per a regalar a un nen de 9 anys que \u00e9s fan del b\u00e0squet. Li encanta i juga a b\u00e0squet, aix\u00ed que de seguida li ha enganxat!&#8221;<\/p><\/blockquote>\n<p>[\/vc_column_text][\/vc_column][\/vc_row][vc_row][vc_column column_width_percent=&#8221;100&#8243; align_horizontal=&#8221;align_center&#8221; gutter_size=&#8221;3&#8243; overlay_alpha=&#8221;50&#8243; shift_x=&#8221;0&#8243; shift_y=&#8221;0&#8243; shift_y_down=&#8221;0&#8243; z_index=&#8221;0&#8243; medium_width=&#8221;0&#8243; mobile_width=&#8221;0&#8243; width=&#8221;1\/1&#8243; uncode_shortcode_id=&#8221;263627&#8243;][vc_raw_html]JTNDaWZyYW1lJTIwd2lkdGglM0QlMjI2MDBweCUyMiUyMGhlaWdodCUzRCUyMjQwMHB4JTIyJTIwc3JjJTNEJTIyaHR0cHMlM0ElMkYlMkZ3d3cueXVtcHUuY29tJTJGeHglMkZlbWJlZCUyRnZpZXclMkY3UWlwM1hmVTZDNTJneXduJTIyJTIwZnJhbWVib3JkZXIlM0QlMjIwJTIyJTIwYWxsb3dmdWxsc2NyZWVuJTNEJTIydHJ1ZSUyMiUyMGFsbG93dHJhbnNwYXJlbmN5JTNEJTIydHJ1ZSUyMiUzRSUzQyUyRmlmcmFtZSUzRSUyMCUyMCUyMCUyMCUyMCUyMCUyMCUyMCUyMCUyMCUyMCUyMCUyMCUyMCUyMCUyMCUyMCUyMCUyMCUyMCUyMCUyMCUyMCUyMCUyMCUyMCUyMCUyMCUyMCUyMCUyMCUyMCUyMCUyMCUyMCUyMCUyMCUyMCUyMCUyMCUyMA==[\/vc_raw_html][\/vc_column][\/vc_row][vc_row][vc_column width=&#8221;1\/1&#8243;][vc_column_text uncode_shortcode_id=&#8221;350493&#8243;]<\/p>\n<hr \/>\n<p>Amb el suport de:<\/p>\n<p><a href=\"https:\/\/www.editorialelpirata.com\/wp-content\/uploads\/2024\/11\/Logo-icec.jpg\"><img decoding=\"async\" class=\"alignnone size-medium wp-image-100854\" src=\"https:\/\/www.editorialelpirata.com\/wp-content\/uploads\/2024\/11\/Logo-icec-300x45.jpg\" alt=\"Logo icec complert\" width=\"300\" height=\"45\" title=\"\"><\/a>[\/vc_column_text][\/vc_column][\/vc_row]<\/p>\n<\/div>","protected":false},"excerpt":{"rendered":"<h2>El b\u00e0squet mai havia estat tan divertit!<\/h2>\n<p>Coneix els B\u00e0squets Prodigis, l&#8217;equip de b\u00e0squet m\u00e9s ins\u00f2lit que puguis imaginar: encara que els B\u00e0squets Prodigis estan molt lluny de ser el millor equip, la seva amistat i humor inunda les seves novel\u00b7les.<\/p>\n<p>Un llibre de b\u00e0squet a partir de 8 anys, pensat per a nenes i nens.<\/p>\n<p>Autor: <a href=\"https:\/\/www.edicionsdelpirata.cat\/alberto-casamayor\/\" target=\"_blank\" rel=\"noopener\">Alberto Casamayor<\/a><br \/>\nIl\u00b7lustradors: <a href=\"https:\/\/www.edicionsdelpirata.cat\/contes\/escriptors\/josep-carrasco-kako\/\" target=\"_blank\" rel=\"noopener\">Palma &amp; Kako<\/a><\/p>\n","protected":false},"featured_media":99893,"template":"","meta":[],"product_brand":[],"product_cat":[2376,2377,2878,2879,2123,3194,2164,3195,2170,2328,2349],"product_tag":[3228,3229,2896,3215,3216,3217],"class_list":{"0":"post-97097","1":"product","2":"type-product","3":"status-publish","4":"has-post-thumbnail","6":"product_cat-josep-carrasco-kako-escriptors","7":"product_cat-pepe-palma-illustradors","8":"product_cat-alberto-casamayor-escriptors","9":"product_cat-josep-carrasco","10":"product_cat-tots-els-llibres","11":"product_cat-no-ficcio-ca","12":"product_cat-llibres-per-8-anys","13":"product_cat-tots-els-llibres-ca","14":"product_cat-llibres-per-10-anys","15":"product_cat-llibres-per-9-anys","16":"product_cat-llibres-aventures-10-anys","17":"product_tag-basquet-regalos","18":"product_tag-basquet-ninos","19":"product_tag-en-catala-ca","20":"product_tag-llibres-en-catala-8-anys","21":"product_tag-basquet","22":"product_tag-llibres-infantils-en-catala-8-anys","23":"product_shipping_class-envio-estandar-ca","25":"first","26":"instock","27":"shipping-taxable","28":"purchasable","29":"product-type-variable","30":"has-default-attributes"},"_links":{"self":[{"href":"https:\/\/www.editorialelpirata.com\/ca\/wp-json\/wp\/v2\/product\/97097","targetHints":{"allow":["GET"]}}],"collection":[{"href":"https:\/\/www.editorialelpirata.com\/ca\/wp-json\/wp\/v2\/product"}],"about":[{"href":"https:\/\/www.editorialelpirata.com\/ca\/wp-json\/wp\/v2\/types\/product"}],"wp:featuredmedia":[{"embeddable":true,"href":"https:\/\/www.editorialelpirata.com\/ca\/wp-json\/wp\/v2\/media\/99893"}],"wp:attachment":[{"href":"https:\/\/www.editorialelpirata.com\/ca\/wp-json\/wp\/v2\/media?parent=97097"}],"wp:term":[{"taxonomy":"product_brand","embeddable":true,"href":"https:\/\/www.editorialelpirata.com\/ca\/wp-json\/wp\/v2\/product_brand?post=97097"},{"taxonomy":"product_cat","embeddable":true,"href":"https:\/\/www.editorialelpirata.com\/ca\/wp-json\/wp\/v2\/product_cat?post=97097"},{"taxonomy":"product_tag","embeddable":true,"href":"https:\/\/www.editorialelpirata.com\/ca\/wp-json\/wp\/v2\/product_tag?post=97097"}],"curies":[{"name":"wp","href":"https:\/\/api.w.org\/{rel}","templated":true}]}}