{"id":97077,"date":"2022-02-24T15:29:12","date_gmt":"2022-02-24T15:29:12","guid":{"rendered":"https:\/\/www.editorialelpirata.com\/?post_type=product&#038;p=97077"},"modified":"2025-03-05T14:53:34","modified_gmt":"2025-03-05T14:53:34","slug":"a-la-recerca-den-gigantosaurus","status":"publish","type":"product","link":"https:\/\/www.editorialelpirata.com\/ca\/Producte\/a-la-recerca-den-gigantosaurus\/","title":{"rendered":"A LA RECERCA D&#8217;EN GIGANTOSAURUS"},"content":{"rendered":"<div class=\"wpb-content-wrapper\"><p>[vc_row][vc_column][vc_column_text uncode_shortcode_id=&#8221;209458&#8243;]<strong>Benvinguts al m\u00f3n del cretaci.<\/strong> La Mazu, la Tiny, en Rocky i en Bill s\u00f3n quatre petits dinosaures a la recerca d\u2019en Gigantosaurus, el dinosaure m\u00e9s gran i perill\u00f3s de tots els que hi hagi hagut mai. S\u2019embarcaran en una divertida aventura per trobar en Gigantosaurus i coneixeran un munt de dinosaures diferents!<br \/>\n<em>A la recerca d\u2019en Gigantosaurus<\/em> \u00e9s un \u00e0lbum il\u00b7lustrat amb text rimat que combina la lletra de PAL amb la lletra d\u2019impremta. Est\u00e0 recomanat <strong>de 2 anys i mig fins a 6 anys<\/strong>.<\/p>\n<p>Aquest fant\u00e0stic llibre \u00e9s una perfecta entrada al m\u00f3n del fenomen <strong>Gigantosaurus<\/strong>. Els acompanyes? Despr\u00e9s del llibre <a href=\"https:\/\/www.edicionsdelpirata.cat\/producte\/gegantosaure-llibres-nens\/\" target=\"_blank\" rel=\"noopener\"><strong><em>Gegantosaure<\/em><\/strong><\/a>, amb m\u00e9s de 500.000 c\u00f2pies venudes, i que en fessin una s\u00e8rie d\u2019animaci\u00f3 infantil, per fi ha arribat <em>A la recerca d\u2019en Gigantosaurus<\/em>!<\/p>\n<p><strong>Llibres d\u2019en Jonny Duddle:<\/strong><\/p>\n<p>\u2022 <a href=\"https:\/\/www.edicionsdelpirata.cat\/producte\/gegantosaure-llibres-nens\/\" target=\"_blank\" rel=\"noopener\">Gegantosaure<\/a><br \/>\n\u2022 <a href=\"https:\/\/www.edicionsdelpirata.cat\/producte\/meus-veins-pirates\/\" target=\"_blank\" rel=\"noopener\">Els meus ve\u00efns pirates<\/a><br \/>\n\u2022 <a href=\"https:\/\/www.edicionsdelpirata.cat\/producte\/l-enfonsa-pirates\/\" target=\"_blank\" rel=\"noopener\">L\u2019enfonsa Pirates<\/a><br \/>\n\u2022 <a href=\"https:\/\/www.edicionsdelpirata.cat\/producte\/pirates-illa-calavera\/\" target=\"_blank\" rel=\"noopener\">Els pirates de l\u2019illa Calavera<\/a><br \/>\n\u2022 <a href=\"https:\/\/www.edicionsdelpirata.cat\/producte\/rei-espai-llibre-infantil-divertit\/\" target=\"_blank\" rel=\"noopener\">El rei de l&#8217;espai<\/a>[\/vc_column_text][\/vc_column][\/vc_row][vc_row][vc_column column_width_percent=&#8221;100&#8243; align_horizontal=&#8221;align_center&#8221; gutter_size=&#8221;3&#8243; overlay_alpha=&#8221;50&#8243; shift_x=&#8221;0&#8243; shift_y=&#8221;0&#8243; shift_y_down=&#8221;0&#8243; z_index=&#8221;0&#8243; medium_width=&#8221;0&#8243; mobile_width=&#8221;0&#8243; width=&#8221;1\/1&#8243; uncode_shortcode_id=&#8221;331287&#8243;][vc_raw_html]JTNDaWZyYW1lJTIwd2lkdGglM0QlMjI2MjBweCUyMiUyMGhlaWdodCUzRCUyMjQ2OXB4JTIyJTIwc3JjJTNEJTIyaHR0cHMlM0ElMkYlMkZ3d3cueXVtcHUuY29tJTJGeHglMkZlbWJlZCUyRnZpZXclMkZ5UG90RHpJRk0zVUNLclJmJTIyJTIwZnJhbWVib3JkZXIlM0QlMjIwJTIyJTIwYWxsb3dmdWxsc2NyZWVuJTNEJTIydHJ1ZSUyMiUyMCUyMGFsbG93dHJhbnNwYXJlbmN5JTNEJTIydHJ1ZSUyMiUzRSUzQyUyRmlmcmFtZSUzRQ==[\/vc_raw_html][\/vc_column][\/vc_row][vc_row][vc_column column_width_percent=&#8221;100&#8243; align_horizontal=&#8221;align_center&#8221; gutter_size=&#8221;3&#8243; overlay_alpha=&#8221;50&#8243; shift_x=&#8221;0&#8243; shift_y=&#8221;0&#8243; shift_y_down=&#8221;0&#8243; z_index=&#8221;0&#8243; medium_width=&#8221;0&#8243; mobile_width=&#8221;0&#8243; width=&#8221;1\/1&#8243; uncode_shortcode_id=&#8221;139325&#8243;][vc_column_text uncode_shortcode_id=&#8221;467550&#8243;]<\/p>\n<p><iframe title=\"A la recerca d&#039;en Gigantosaurus\" width=\"840\" height=\"473\" src=\"https:\/\/www.youtube.com\/embed\/07RLCM8HqlQ?feature=oembed&#038;width=840&#038;height=1000&#038;discover=1\" frameborder=\"0\" allow=\"accelerometer; autoplay; clipboard-write; encrypted-media; gyroscope; picture-in-picture; web-share\" referrerpolicy=\"strict-origin-when-cross-origin\" allowfullscreen><\/iframe><\/p>\n<p>[\/vc_column_text][\/vc_column][\/vc_row]<\/p>\n<\/div>","protected":false},"excerpt":{"rendered":"<h3>El llibre de la s\u00e8rie de dibuixos!<\/h3>\n<p>Endinsa&#8217;t al meravell\u00f3s m\u00f3n del <strong>Gigantosaurus<\/strong> amb aquest \u00e0lbum il\u00b7lustrat a tot color i amb el text en vers.<\/p>\n<p>Basat en el llibre de Jonny Duddle, <a href=\"https:\/\/www.edicionsdelpirata.cat\/producte\/gegantosaure-llibres-nens\/\" target=\"_blank\" rel=\"noopener\">Gegantosaure<\/a><\/p>\n","protected":false},"featured_media":97381,"template":"","meta":[],"product_brand":[],"product_cat":[2339,2344,2354,2117,2123,2330,2333,2334],"product_tag":[352,2635,655,2636,2637],"class_list":{"0":"post-97077","1":"product","2":"type-product","3":"status-publish","4":"has-post-thumbnail","6":"product_cat-jonny-duddle-2","7":"product_cat-llibres-de-3-a-6-anys","8":"product_cat-novetats","9":"product_cat-llibres-per-6-anys","10":"product_cat-tots-els-llibres","11":"product_cat-albums-illustrats","12":"product_cat-llibres-per-a-explicar","13":"product_cat-albums-illustrats-6-anys","14":"product_tag-jonny-duddle","15":"product_tag-contes-dinosaures","16":"product_tag-dinosaures","17":"product_tag-gigantosaurus","18":"product_tag-llibres-3-anys","20":"first","21":"instock","22":"featured","23":"shipping-taxable","24":"purchasable","25":"product-type-simple"},"_links":{"self":[{"href":"https:\/\/www.editorialelpirata.com\/ca\/wp-json\/wp\/v2\/product\/97077","targetHints":{"allow":["GET"]}}],"collection":[{"href":"https:\/\/www.editorialelpirata.com\/ca\/wp-json\/wp\/v2\/product"}],"about":[{"href":"https:\/\/www.editorialelpirata.com\/ca\/wp-json\/wp\/v2\/types\/product"}],"wp:featuredmedia":[{"embeddable":true,"href":"https:\/\/www.editorialelpirata.com\/ca\/wp-json\/wp\/v2\/media\/97381"}],"wp:attachment":[{"href":"https:\/\/www.editorialelpirata.com\/ca\/wp-json\/wp\/v2\/media?parent=97077"}],"wp:term":[{"taxonomy":"product_brand","embeddable":true,"href":"https:\/\/www.editorialelpirata.com\/ca\/wp-json\/wp\/v2\/product_brand?post=97077"},{"taxonomy":"product_cat","embeddable":true,"href":"https:\/\/www.editorialelpirata.com\/ca\/wp-json\/wp\/v2\/product_cat?post=97077"},{"taxonomy":"product_tag","embeddable":true,"href":"https:\/\/www.editorialelpirata.com\/ca\/wp-json\/wp\/v2\/product_tag?post=97077"}],"curies":[{"name":"wp","href":"https:\/\/api.w.org\/{rel}","templated":true}]}}