{"id":97073,"date":"2024-09-19T15:29:09","date_gmt":"2022-08-05T01:37:14","guid":{"rendered":"https:\/\/www.editorialelpirata.com\/?post_type=product&#038;p=97073"},"modified":"2025-06-19T11:44:53","modified_gmt":"2025-06-19T11:44:53","slug":"tan-diferents-com-iguals","status":"publish","type":"product","link":"https:\/\/www.editorialelpirata.com\/ca\/Producte\/tan-diferents-com-iguals\/","title":{"rendered":"TAN DIFERENTS COM IGUALS"},"content":{"rendered":"<div class=\"wpb-content-wrapper\"><p>[vc_row][vc_column][vc_column_text uncode_shortcode_id=&#8221;260868&#8243;]<\/p>\n<h1 class=\"p1\"><span class=\"s1\"><strong>Una hist\u00f2ria per aprendre qu\u00e8 \u00e9s la diversitat<\/strong><\/span><\/h1>\n<p class=\"p1\"><span class=\"s1\"><strong>Ning\u00fa no \u00e9s perfecte<\/strong> i hem d\u2019acceptar els altres com s\u00f3n.<\/span><\/p>\n<p class=\"p1\"><span class=\"s1\">La Lula \u00e9s una petita tortuga que arriba nova a l\u2019escola. Per\u00f2 es troba amb la sorpresa que els seus nous companys se\u2019n riuen.<\/span><\/p>\n<p class=\"p1\"><span class=\"s1\">El professor se n\u2019adona i, mitjan\u00e7ant un joc, els fa veure que tots tenen virtuts i defectes. Els explica que ning\u00fa no \u00e9s perfecte i que hem de respectar-nos els uns als altres perqu\u00e8, en el fons,<strong> tots som tan diferents com iguals<\/strong>.<\/span><\/p>\n<hr \/>\n<blockquote>\n<h3><\/h3>\n<h3>&#8220;Llibre imprescindible a totes les aules, cases, espais de lleure, educatius&#8230; Directe a la meva prestatgeria d&#8217;imprescindibles per sempre m\u00e9s.&#8221; &#8211; <strong><a href=\"https:\/\/creaduca.com\/tan-diferents-com-iguals\/\" target=\"_blank\" rel=\"noopener noreferrer\">Creaduca<\/a><\/strong><\/h3>\n<p>&nbsp;<\/p><\/blockquote>\n<hr \/>\n<p><strong>Criatures Ara Llegim<\/strong><\/p>\n<blockquote>\n<h3>&#8220;Un fant\u00e0stic conte per explicar als m\u00e9s petits de casa que tots som diferents i que aix\u00f2 no \u00e9s dolent, tot al contrari! Bona eina per parlar-los de la diversitat i treballar amb ells les emocions per evitar casos de bullying.&#8221;<\/h3>\n<\/blockquote>\n<p>&nbsp;<\/p>\n<hr \/>\n<p>Amb el suport de:<\/p>\n<p><a href=\"https:\/\/www.editorialelpirata.com\/wp-content\/uploads\/2024\/11\/Logo-icec.jpg\"><img decoding=\"async\" class=\"alignnone size-medium wp-image-100854\" src=\"https:\/\/www.editorialelpirata.com\/wp-content\/uploads\/2024\/11\/Logo-icec-300x45.jpg\" alt=\"Logo icec complert\" width=\"300\" height=\"45\" title=\"\"><\/a>[\/vc_column_text][\/vc_column][\/vc_row]<\/p>\n<\/div>","protected":false},"excerpt":{"rendered":"<h3 class=\"p1\">El llibre anti-bullying<\/h3>\n<p>Un m\u00e0gic llibre de carton\u00e9 que ens ensenyar\u00e0 a respectar-nos els uns als altres.<\/p>\n<p>&nbsp;<\/p>\n<p>Autor: Javi Costales<\/p>\n","protected":false},"featured_media":97074,"template":"","meta":[],"product_brand":[],"product_cat":[2123,2333,2362,2363],"product_tag":[3034,3040,651,652,653],"class_list":{"0":"post-97073","1":"product","2":"type-product","3":"status-publish","4":"has-post-thumbnail","6":"product_cat-tots-els-llibres","7":"product_cat-llibres-per-a-explicar","8":"product_cat-contes-cartrone","9":"product_cat-javi-costales-guardia-escriptors","10":"product_tag-llibres-valors-ca","11":"product_tag-contes-explicar-ca","12":"product_tag-bullying","13":"product_tag-llibres-educatius","14":"product_tag-contes-educatius","16":"first","17":"instock","18":"shipping-taxable","19":"purchasable","20":"product-type-variable","21":"has-default-attributes"},"_links":{"self":[{"href":"https:\/\/www.editorialelpirata.com\/ca\/wp-json\/wp\/v2\/product\/97073","targetHints":{"allow":["GET"]}}],"collection":[{"href":"https:\/\/www.editorialelpirata.com\/ca\/wp-json\/wp\/v2\/product"}],"about":[{"href":"https:\/\/www.editorialelpirata.com\/ca\/wp-json\/wp\/v2\/types\/product"}],"wp:featuredmedia":[{"embeddable":true,"href":"https:\/\/www.editorialelpirata.com\/ca\/wp-json\/wp\/v2\/media\/97074"}],"wp:attachment":[{"href":"https:\/\/www.editorialelpirata.com\/ca\/wp-json\/wp\/v2\/media?parent=97073"}],"wp:term":[{"taxonomy":"product_brand","embeddable":true,"href":"https:\/\/www.editorialelpirata.com\/ca\/wp-json\/wp\/v2\/product_brand?post=97073"},{"taxonomy":"product_cat","embeddable":true,"href":"https:\/\/www.editorialelpirata.com\/ca\/wp-json\/wp\/v2\/product_cat?post=97073"},{"taxonomy":"product_tag","embeddable":true,"href":"https:\/\/www.editorialelpirata.com\/ca\/wp-json\/wp\/v2\/product_tag?post=97073"}],"curies":[{"name":"wp","href":"https:\/\/api.w.org\/{rel}","templated":true}]}}