{"id":97050,"date":"2024-09-19T15:28:39","date_gmt":"2024-09-19T15:28:39","guid":{"rendered":"https:\/\/www.editorialelpirata.com\/?post_type=product&#038;p=97050"},"modified":"2026-03-11T08:27:23","modified_gmt":"2026-03-11T08:27:23","slug":"lot-de-3-contes-de-pirates","status":"publish","type":"product","link":"https:\/\/www.editorialelpirata.com\/ca\/Producte\/lot-de-3-contes-de-pirates\/","title":{"rendered":"LOT DE 3 CONTES DE PIRATES"},"content":{"rendered":"<div class=\"wpb-content-wrapper\"><p>[vc_row][vc_column][vc_column_text uncode_shortcode_id=&#8221;197381&#8243;]<\/p>\n<h1>3 llibres infantils de pirates en tapa dura<\/h1>\n<p>Jonny Duddle, l&#8217;il\u00b7lustrador del moment, ens porta tres incre\u00efbles <strong>\u00e0lbums il\u00b7lustrats sobre pirates<\/strong> amb els que els m\u00e9s petits de la casa s&#8217;ho passaran d&#8217; all\u00f2 m\u00e9s b\u00e9! Arrr, a l&#8217;abordatge!<\/p>\n<p>&nbsp;<\/p>\n<h2><a href=\"https:\/\/www.edicionsdelpirata.cat\/producte\/l-enfonsa-pirates\/\" target=\"_blank\" rel=\"noopener\">L&#8217;enfonsa pirates<\/a><a href=\"https:\/\/www.edicionsdelpirata.cat\/producte\/l-enfonsa-pirates\/\" target=\"_blank\" rel=\"noopener\"><img decoding=\"async\" class=\"alignleft wp-image-90517 size-thumbnail\" src=\"https:\/\/www.edicionsdelpirata.cat\/wp-content\/uploads\/2017\/01\/Enfonsa_pirates_llibre-1-150x150.jpg\" alt=\"\u00e0lbum il\u00b7lustrat, l&#039;enfonsa pirates, jonny duddle, llibre de pirates, llibre infantil\" width=\"150\" height=\"150\" title=\"\"><\/a><\/h2>\n<p>Un grup de pirates parteixen en busca de la famosa illa del tresor, sense saber que l&#8217;illa amaga un misteri\u00f3s secret&#8230; i que t\u00e9 molta gana!<\/p>\n<p>&nbsp;<\/p>\n<p>&nbsp;<\/p>\n<p>&nbsp;<\/p>\n<hr \/>\n<h2><a href=\"https:\/\/www.edicionsdelpirata.cat\/producte\/meus-veins-pirates\/\" target=\"_blank\" rel=\"noopener\">Els meus ve\u00efns pirates<\/a><a href=\"https:\/\/www.edicionsdelpirata.cat\/producte\/meus-veins-pirates\/\" target=\"_blank\" rel=\"noopener\"><img decoding=\"async\" class=\"alignleft wp-image-90475 size-thumbnail\" src=\"https:\/\/www.edicionsdelpirata.cat\/wp-content\/uploads\/2018\/01\/Meus_veins_pirates_album_illustrat-1-150x150.jpg\" alt=\"llibres pirates, edicions del pirata, els meus ve\u00efns pirates, jonny duddle, \u00e0lbum il\u00b7lustrat, llibre il\u00b7lustrat, llibre per 6 anys, llibres de nens, llibres novetats\" width=\"150\" height=\"150\" title=\"\"><\/a><\/h2>\n<p>La fam\u00edlia pirata dels Jolley-Rogers es muda a viure a un tranquil poblet de costa, Vilaensopida del Mar, on causaran un gran rebombori entre el ve\u00efnat.<\/p>\n<p>&nbsp;<\/p>\n<p>&nbsp;<\/p>\n<p>&nbsp;<\/p>\n<hr \/>\n<h2><a href=\"https:\/\/www.edicionsdelpirata.cat\/producte\/pirates-illa-calavera\/\" target=\"_blank\" rel=\"noopener\">Els pirates de l&#8217;Illa Calavera<\/a><a href=\"https:\/\/www.edicionsdelpirata.cat\/producte\/pirates-illa-calavera\/\" target=\"_blank\" rel=\"noopener\"><img decoding=\"async\" class=\"alignleft wp-image-90462 size-thumbnail\" src=\"https:\/\/www.edicionsdelpirata.cat\/wp-content\/uploads\/2018\/07\/Pirates_illa_calavera_llibre_nens-1-150x150.jpg\" alt=\"llibres aventures, illa calavera, Els pirates de l&#039;Illa Calavera, llibre de pirates, \u00e0lbum il\u00b7lustrat, Jonny Duddle, llibre per a 6 anys, faig 6 anys, jolley-rogers\" width=\"150\" height=\"150\" title=\"\"><\/a><\/h2>\n<p>La Matilda, una nena normal i corrent, se&#8217;n va a passar unes vacances a la llegend\u00e0ria illa Calavera amb els seus nous amics, els pirates Jolley-Rogers.[\/vc_column_text][\/vc_column][\/vc_row][vc_row][vc_column width=&#8221;1\/1&#8243;][vc_column_text uncode_shortcode_id=&#8221;179049&#8243;]<strong>Llibres d\u2019en Jonny Duddle:<\/strong><\/p>\n<ul>\n<li><a href=\"https:\/\/www.edicionsdelpirata.cat\/producte\/gegantosaure-llibres-nens\/\" target=\"_blank\" rel=\"noopener\">Gegantosaure<\/a><\/li>\n<li><a href=\"https:\/\/www.edicionsdelpirata.cat\/producte\/meus-veins-pirates\/\" target=\"_blank\" rel=\"noopener\">Els meus ve\u00efns pirates<\/a><\/li>\n<li><a href=\"https:\/\/www.edicionsdelpirata.cat\/producte\/l-enfonsa-pirates\/\" target=\"_blank\" rel=\"noopener\">L\u2019enfonsa Pirates<\/a><\/li>\n<li><a href=\"https:\/\/www.edicionsdelpirata.cat\/producte\/pirates-illa-calavera\/\" target=\"_blank\" rel=\"noopener\">Els pirates de l\u2019illa Calavera<\/a><\/li>\n<li><a href=\"https:\/\/www.edicionsdelpirata.cat\/producte\/rei-espai-llibre-infantil-divertit\/\" target=\"_blank\" rel=\"noopener\">El rei de l&#8217;espai<\/a><\/li>\n<li><a href=\"https:\/\/www.edicionsdelpirata.cat\/producte\/recerca-gigantosaurus-contes-dinosaures\/\" target=\"_blank\" rel=\"noopener\">A la recerca d&#8217;en Gigantosaurus<\/a><\/li>\n<\/ul>\n<p>[\/vc_column_text][\/vc_column][\/vc_row]<\/p>\n<\/div>","protected":false},"excerpt":{"rendered":"<h3>La col\u00b7lecci\u00f3 completa dels famosos pirates d&#8217;en <strong>Jonny Duddle<\/strong>!<\/h3>\n<p>L&#8217;il\u00b7lustrador de <strong>Harry Potter<\/strong> ens porta tres meravellosos \u00e0lbums il\u00b7lustrats amb aventures de pirates per als m\u00e9s petits de la casa.<\/p>\n<p>&nbsp;<\/p>\n<p>Autor: <a href=\"https:\/\/www.edicionsdelpirata.cat\/jonny-duddle-2\/\" target=\"_blank\" rel=\"noopener noreferrer\">Jonny Duddle<\/a><\/p>\n<p>&nbsp;<\/p>\n","protected":false},"featured_media":97117,"template":"","meta":[],"product_brand":[],"product_cat":[2338,2396],"product_tag":[481,602,632,352,427,429],"class_list":{"0":"post-97050","1":"product","2":"type-product","3":"status-publish","4":"has-post-thumbnail","6":"product_cat-jonny-duddle","7":"product_cat-lots","8":"product_tag-pirates-nens","9":"product_tag-llibres-pirates","10":"product_tag-contes-pirates","11":"product_tag-jonny-duddle","12":"product_tag-llibres-nens","13":"product_tag-contes-infantils","15":"first","16":"instock","17":"shipping-taxable","18":"purchasable","19":"product-type-simple"},"_links":{"self":[{"href":"https:\/\/www.editorialelpirata.com\/ca\/wp-json\/wp\/v2\/product\/97050","targetHints":{"allow":["GET"]}}],"collection":[{"href":"https:\/\/www.editorialelpirata.com\/ca\/wp-json\/wp\/v2\/product"}],"about":[{"href":"https:\/\/www.editorialelpirata.com\/ca\/wp-json\/wp\/v2\/types\/product"}],"wp:featuredmedia":[{"embeddable":true,"href":"https:\/\/www.editorialelpirata.com\/ca\/wp-json\/wp\/v2\/media\/97117"}],"wp:attachment":[{"href":"https:\/\/www.editorialelpirata.com\/ca\/wp-json\/wp\/v2\/media?parent=97050"}],"wp:term":[{"taxonomy":"product_brand","embeddable":true,"href":"https:\/\/www.editorialelpirata.com\/ca\/wp-json\/wp\/v2\/product_brand?post=97050"},{"taxonomy":"product_cat","embeddable":true,"href":"https:\/\/www.editorialelpirata.com\/ca\/wp-json\/wp\/v2\/product_cat?post=97050"},{"taxonomy":"product_tag","embeddable":true,"href":"https:\/\/www.editorialelpirata.com\/ca\/wp-json\/wp\/v2\/product_tag?post=97050"}],"curies":[{"name":"wp","href":"https:\/\/api.w.org\/{rel}","templated":true}]}}