{"id":97049,"date":"2017-02-14T15:28:37","date_gmt":"2017-02-14T15:28:37","guid":{"rendered":"https:\/\/www.editorialelpirata.com\/?post_type=product&#038;p=97049"},"modified":"2026-04-20T12:14:57","modified_gmt":"2026-04-20T12:14:57","slug":"ot-el-bruixot-i-les-dites-dels-mesos","status":"publish","type":"product","link":"https:\/\/www.editorialelpirata.com\/ca\/Producte\/ot-el-bruixot-i-les-dites-dels-mesos\/","title":{"rendered":"OT EL BRUIXOT I LES DITES DELS MESOS"},"content":{"rendered":"<h1><strong>L&#8217;Ot el Bruixot ens ensenya dites populars<\/strong><\/h1>\n<p>Voleu descobrir <strong>refranys populars<\/strong> de cada un dels mesos? Se us acut una millor manera que fer-ho jugant amb l&#8217;<strong>Ot el bruixot<\/strong>?<\/p>\n<h3>El llibre t\u00e9 dues fant\u00e0stiques il\u00b7lustracions per a cada mes de l&#8217;any on hi ha amagat un joc per descobrir un refrany<\/h3>\n<h3><\/h3>\n<p>Al final del llibre podreu trobar les <strong>solucions<\/strong> i explicacions del que signifiquen els refranys!<\/p>\n<p>A m\u00e9s hi ha un <strong>codi QR<\/strong> que us portar\u00e0 a una web on en podreu trobar molts m\u00e9s.<\/p>\n<p>Al seg\u00fcent video, podreu veure una explicaci\u00f3 del funcionament del llibre!<\/p>\n<p><iframe title=\"Jocs per a nens: OT EL BRUIXOT I LES DITES DELS MESOS\" width=\"840\" height=\"473\" src=\"https:\/\/www.youtube.com\/embed\/L5PD3y-qcZQ?feature=oembed&#038;width=840&#038;height=1000&#038;discover=1\" frameborder=\"0\" allow=\"accelerometer; autoplay; clipboard-write; encrypted-media; gyroscope; picture-in-picture; web-share\" referrerpolicy=\"strict-origin-when-cross-origin\" allowfullscreen><\/iframe><\/p>\n<p>&nbsp;<\/p>\n<hr \/>\n<p>Amb el suport del Departament de Cultura<br \/>\n<img decoding=\"async\" class=\"alignnone wp-image-5506\" src=\"https:\/\/www.edicionsdelpirata.cat\/wp-content\/uploads\/2017\/02\/cultura_generalitat.jpg\" alt=\"\" width=\"200\" height=\"53\" title=\"\"><\/p>\n","protected":false},"excerpt":{"rendered":"<h3>Apr\u00e8n les dites populars dels mesos de l&#8217;any&#8230; jugant!<\/h3>\n<p>Un llibre-joc del m\u00e9s llegendari autor de c\u00f2mic catal\u00e0, en <strong>Picanyol<\/strong>.<\/p>\n<p>&nbsp;<\/p>\n<p>Autor: <a href=\"https:\/\/www.edicionsdelpirata.cat\/picanyol\/\" target=\"_blank\" rel=\"noopener noreferrer\">Picanyol<\/a><\/p>\n","protected":false},"featured_media":97063,"template":"","meta":[],"product_brand":[],"product_cat":[2117,2123,2186,2329,2335,2336,2337,2351],"product_tag":[378,504,636,637,638],"class_list":{"0":"post-97049","1":"product","2":"type-product","3":"status-publish","4":"has-post-thumbnail","6":"product_cat-llibres-per-6-anys","7":"product_cat-tots-els-llibres","8":"product_cat-llibres-per-7-anys","9":"product_cat-lletra-de-pal","10":"product_cat-llibres-joc","11":"product_cat-picanyol-escriptors","12":"product_cat-picanyol-2","13":"product_cat-lletra-pal-6-anys","14":"product_tag-ot-el-bruixot","15":"product_tag-llibres-passatemps","16":"product_tag-llibres-jocs","17":"product_tag-refranys","18":"product_tag-dites-populars","20":"first","21":"instock","22":"shipping-taxable","23":"purchasable","24":"product-type-simple"},"_links":{"self":[{"href":"https:\/\/www.editorialelpirata.com\/ca\/wp-json\/wp\/v2\/product\/97049","targetHints":{"allow":["GET"]}}],"collection":[{"href":"https:\/\/www.editorialelpirata.com\/ca\/wp-json\/wp\/v2\/product"}],"about":[{"href":"https:\/\/www.editorialelpirata.com\/ca\/wp-json\/wp\/v2\/types\/product"}],"wp:featuredmedia":[{"embeddable":true,"href":"https:\/\/www.editorialelpirata.com\/ca\/wp-json\/wp\/v2\/media\/97063"}],"wp:attachment":[{"href":"https:\/\/www.editorialelpirata.com\/ca\/wp-json\/wp\/v2\/media?parent=97049"}],"wp:term":[{"taxonomy":"product_brand","embeddable":true,"href":"https:\/\/www.editorialelpirata.com\/ca\/wp-json\/wp\/v2\/product_brand?post=97049"},{"taxonomy":"product_cat","embeddable":true,"href":"https:\/\/www.editorialelpirata.com\/ca\/wp-json\/wp\/v2\/product_cat?post=97049"},{"taxonomy":"product_tag","embeddable":true,"href":"https:\/\/www.editorialelpirata.com\/ca\/wp-json\/wp\/v2\/product_tag?post=97049"}],"curies":[{"name":"wp","href":"https:\/\/api.w.org\/{rel}","templated":true}]}}