{"id":97048,"date":"2018-02-05T15:28:37","date_gmt":"2018-02-05T15:28:37","guid":{"rendered":"https:\/\/www.editorialelpirata.com\/?post_type=product&#038;p=97048"},"modified":"2026-04-17T09:38:57","modified_gmt":"2026-04-17T09:38:57","slug":"lot-el-bruixot-llegeix-un-conte-ot-the-wizard-reads-a-story","status":"publish","type":"product","link":"https:\/\/www.editorialelpirata.com\/ca\/Producte\/lot-el-bruixot-llegeix-un-conte-ot-the-wizard-reads-a-story\/","title":{"rendered":"L&#8217;OT EL BRUIXOT LLEGEIX UN CONTE \/ Ot the wizard reads a story"},"content":{"rendered":"<div class=\"wpb-content-wrapper\"><p>[vc_row][vc_column][vc_column_text uncode_shortcode_id=&#8221;490915&#8243;]<\/p>\n<h1>Un divertit conte per aprendre angl\u00e8s<\/h1>\n<p class=\"p1\"><span class=\"s1\">L\u2019Ot torna de la biblioteca amb un llibre nou. El m\u00e9s sorprenent \u00e9s el que passa quan comen\u00e7a a llegir-lo.<\/span><\/p>\n<h3 class=\"p1\"><em><b>L&#8217;Ot el Bruixot llegeix un conte <\/b><\/em><b>\u00e9s el tercer llibre biling\u00fce en catal\u00e0 i en angl\u00e8s dins de la col\u00b7lecci\u00f3 <em><a href=\"http:\/\/www.edicionsdelpirata.cat\/contes-bilingues-ot-el-bruixot\/\" target=\"_blank\" rel=\"noopener\">Els contes de l&#8217;Ot el Bruixot<\/a><\/em><\/b><\/h3>\n<hr \/>\n<div class=\"woocommerce-product-details__short-description\">\n<p><strong>Previsualitzaci\u00f3<\/strong><\/p>\n<div class=\"issuuembed issuu-isrendered\" data-configid=\"27837921\/58097815\"><iframe title=\"issuu.com\" src=\"https:\/\/e.issuu.com\/embed.html?identifier=kd33zlcy8r2y&amp;embedType=script#27837921\/58097815\" allowfullscreen=\"allowfullscreen\" data-mce-fragment=\"1\"><\/iframe><\/div>\n<\/div>\n<div class=\"product_meta\"><\/div>\n<p>[\/vc_column_text][\/vc_column][\/vc_row]<\/p>\n<\/div>","protected":false},"excerpt":{"rendered":"<h3 class=\"p1\">Apr\u00e8n angl\u00e8s amb l&#8217;Ot el Bruixot<\/h3>\n<p>Amb els <a href=\"https:\/\/www.edicionsdelpirata.cat\/producte\/contes-aprendre-angles\/\" target=\"_blank\" rel=\"noopener noreferrer\">contes biling\u00fces d&#8217;en Picanyol<\/a>, aprendr\u00e0s angl\u00e8s i t&#8217;ho passar\u00e0s d&#8217;all\u00f2 m\u00e9s b\u00e9!<\/p>\n<p>&nbsp;<\/p>\n<p>Autor: <a href=\"https:\/\/www.edicionsdelpirata.cat\/picanyol\/\" target=\"_blank\" rel=\"noopener noreferrer\">Picanyol<\/a><\/p>\n","protected":false},"featured_media":97091,"template":"","meta":[],"product_brand":[],"product_cat":[2117,2336,2337,2340,2367,2368],"product_tag":[378,434,436,660,661,662],"class_list":{"0":"post-97048","1":"product","2":"type-product","3":"status-publish","4":"has-post-thumbnail","6":"product_cat-llibres-per-6-anys","7":"product_cat-picanyol-escriptors","8":"product_cat-picanyol-2","9":"product_cat-llibres-de-4-a-7-anys","10":"product_cat-contes-de-lot-el-bruixot","11":"product_cat-lletra-impremta","12":"product_tag-ot-el-bruixot","13":"product_tag-aprendre-angles","14":"product_tag-catala-angles","15":"product_tag-contes-angles","16":"product_tag-contes-bilingues","17":"product_tag-angles-per-nens","19":"first","20":"instock","21":"shipping-taxable","22":"purchasable","23":"product-type-simple"},"_links":{"self":[{"href":"https:\/\/www.editorialelpirata.com\/ca\/wp-json\/wp\/v2\/product\/97048","targetHints":{"allow":["GET"]}}],"collection":[{"href":"https:\/\/www.editorialelpirata.com\/ca\/wp-json\/wp\/v2\/product"}],"about":[{"href":"https:\/\/www.editorialelpirata.com\/ca\/wp-json\/wp\/v2\/types\/product"}],"wp:featuredmedia":[{"embeddable":true,"href":"https:\/\/www.editorialelpirata.com\/ca\/wp-json\/wp\/v2\/media\/97091"}],"wp:attachment":[{"href":"https:\/\/www.editorialelpirata.com\/ca\/wp-json\/wp\/v2\/media?parent=97048"}],"wp:term":[{"taxonomy":"product_brand","embeddable":true,"href":"https:\/\/www.editorialelpirata.com\/ca\/wp-json\/wp\/v2\/product_brand?post=97048"},{"taxonomy":"product_cat","embeddable":true,"href":"https:\/\/www.editorialelpirata.com\/ca\/wp-json\/wp\/v2\/product_cat?post=97048"},{"taxonomy":"product_tag","embeddable":true,"href":"https:\/\/www.editorialelpirata.com\/ca\/wp-json\/wp\/v2\/product_tag?post=97048"}],"curies":[{"name":"wp","href":"https:\/\/api.w.org\/{rel}","templated":true}]}}