{"id":97047,"date":"2018-02-05T15:28:37","date_gmt":"2018-02-05T15:28:37","guid":{"rendered":"https:\/\/www.editorialelpirata.com\/?post_type=product&#038;p=97047"},"modified":"2026-04-17T09:38:57","modified_gmt":"2026-04-17T09:38:57","slug":"lot-el-bruixot-i-la-capa-magica-ot-the-wizard-and-the-magic-cloak","status":"publish","type":"product","link":"https:\/\/www.editorialelpirata.com\/ca\/Producte\/lot-el-bruixot-i-la-capa-magica-ot-the-wizard-and-the-magic-cloak\/","title":{"rendered":"L&#8217;OT EL BRUIXOT I LA CAPA M\u00c0GICA \/ Ot the wizard and the magic cloak"},"content":{"rendered":"<h1>Un divertit conte per aprendre angl\u00e8s<\/h1>\n<p class=\"p1\">La Roser ha perdut el seu gosset, en Xitu, i est\u00e0 molt trista. L\u2019Ot l\u2019ajudar\u00e0 a saber a on \u00e9s, gr\u00e0cies a la capa m\u00e0gica.<\/p>\n<p class=\"p1\"><em>\u00a0<\/em><b><em>L&#8217;Ot el bruixot i la capa m\u00e0gica<\/em> \u00e9s el segon llibre biling\u00fce en catal\u00e0 i en angl\u00e8s dins de la col\u00b7lecci\u00f3 <em><a href=\"http:\/\/www.edicionsdelpirata.cat\/contes-bilingues-ot-el-bruixot\/\" target=\"_blank\" rel=\"noopener\">Els contes de l&#8217;Ot el Bruixot<\/a><\/em><\/b><\/p>\n<p>&nbsp;<\/p>\n<div class=\"issuuembed\" style=\"width: 500px; height: 400px;\" data-configid=\"27837921\/58097570\">\n<div class=\"woocommerce-product-details__short-description\">\n<p><strong>Previsualitzaci\u00f3<\/strong><\/p>\n<div class=\"issuuembed issuu-isrendered\" data-configid=\"27837921\/58097570\"><iframe title=\"issuu.com\" src=\"https:\/\/e.issuu.com\/embed.html?identifier=momx73pgy06y&amp;embedType=script#27837921\/58097570\" allowfullscreen=\"allowfullscreen\"><\/iframe><\/div>\n<\/div>\n<div class=\"product_meta\"><\/div>\n<\/div>\n","protected":false},"excerpt":{"rendered":"<h2>Llibre biling\u00fce en catal\u00e0 i en angl\u00e8s<\/h2>\n<p>Amb els <a href=\"https:\/\/www.edicionsdelpirata.cat\/producte\/contes-aprendre-angles\/\" target=\"_blank\" rel=\"noopener noreferrer\">contes biling\u00fces d&#8217;en Picanyol<\/a>, aprendr\u00e0s angl\u00e8s i t&#8217;ho passar\u00e0s d&#8217;all\u00f2 m\u00e9s b\u00e9!<\/p>\n<p>&nbsp;<\/p>\n<p>Autor: <a href=\"https:\/\/www.edicionsdelpirata.cat\/picanyol\/\" target=\"_blank\" rel=\"noopener noreferrer\">Picanyol<\/a><\/p>\n","protected":false},"featured_media":97088,"template":"","meta":[],"product_brand":[],"product_cat":[2340,2367,2368,2430,2123,2186,2336,2337],"product_tag":[378,434,657,658,659],"class_list":{"0":"post-97047","1":"product","2":"type-product","3":"status-publish","4":"has-post-thumbnail","6":"product_cat-llibres-de-4-a-7-anys","7":"product_cat-contes-de-lot-el-bruixot","8":"product_cat-lletra-impremta","9":"product_cat-llibres-de-passatemps","10":"product_cat-tots-els-llibres","11":"product_cat-llibres-per-7-anys","12":"product_cat-picanyol-escriptors","13":"product_cat-picanyol-2","14":"product_tag-ot-el-bruixot","15":"product_tag-aprendre-angles","16":"product_tag-contes-catala-angles","17":"product_tag-aprendre-idiomes","18":"product_tag-llibres-catala","20":"first","21":"instock","22":"shipping-taxable","23":"purchasable","24":"product-type-simple"},"_links":{"self":[{"href":"https:\/\/www.editorialelpirata.com\/ca\/wp-json\/wp\/v2\/product\/97047","targetHints":{"allow":["GET"]}}],"collection":[{"href":"https:\/\/www.editorialelpirata.com\/ca\/wp-json\/wp\/v2\/product"}],"about":[{"href":"https:\/\/www.editorialelpirata.com\/ca\/wp-json\/wp\/v2\/types\/product"}],"wp:featuredmedia":[{"embeddable":true,"href":"https:\/\/www.editorialelpirata.com\/ca\/wp-json\/wp\/v2\/media\/97088"}],"wp:attachment":[{"href":"https:\/\/www.editorialelpirata.com\/ca\/wp-json\/wp\/v2\/media?parent=97047"}],"wp:term":[{"taxonomy":"product_brand","embeddable":true,"href":"https:\/\/www.editorialelpirata.com\/ca\/wp-json\/wp\/v2\/product_brand?post=97047"},{"taxonomy":"product_cat","embeddable":true,"href":"https:\/\/www.editorialelpirata.com\/ca\/wp-json\/wp\/v2\/product_cat?post=97047"},{"taxonomy":"product_tag","embeddable":true,"href":"https:\/\/www.editorialelpirata.com\/ca\/wp-json\/wp\/v2\/product_tag?post=97047"}],"curies":[{"name":"wp","href":"https:\/\/api.w.org\/{rel}","templated":true}]}}