{"id":97046,"date":"2018-02-05T15:28:36","date_gmt":"2018-02-05T15:28:36","guid":{"rendered":"https:\/\/www.editorialelpirata.com\/?post_type=product&#038;p=97046"},"modified":"2026-04-17T09:38:57","modified_gmt":"2026-04-17T09:38:57","slug":"lot-el-bruixot-i-el-drac-ot-the-wizard-and-the-dragon","status":"publish","type":"product","link":"https:\/\/www.editorialelpirata.com\/ca\/Producte\/lot-el-bruixot-i-el-drac-ot-the-wizard-and-the-dragon\/","title":{"rendered":"L&#8217;OT EL BRUIXOT I EL DRAC \/ Ot the Wizard and the dragon"},"content":{"rendered":"<h1>Un divertit conte per aprendre angl\u00e8s<\/h1>\n<p class=\"p1\">L\u2019Ot i la Berta esperen la visita del senyor Tadeu. En Tadeu \u00e9s ben poruc i quan comen\u00e7a a con\u00e8ixer els amics de l\u2019Ot, no li fan gens de gr\u00e0cia.<\/p>\n<p><iframe title=\"Llibres infantils per aprendre idiomes - L\u2019OT EL BRUIXOT I EL DRAC\" width=\"840\" height=\"473\" src=\"https:\/\/www.youtube.com\/embed\/GdE_7XT9ctk?feature=oembed&#038;width=840&#038;height=1000&#038;discover=1\" frameborder=\"0\" allow=\"accelerometer; autoplay; clipboard-write; encrypted-media; gyroscope; picture-in-picture; web-share\" referrerpolicy=\"strict-origin-when-cross-origin\" allowfullscreen><\/iframe><\/p>\n<p>&nbsp;<\/p>\n<hr \/>\n<h3><span style=\"color: #ff6600;\"><strong>Cr\u00edtiques<\/strong><\/span><\/h3>\n<p><strong><a href=\"https:\/\/www.instagram.com\/p\/BlWCrbnHNZm\/?hl=es&amp;taken-by=xtina_acedo\" target=\"_blank\" rel=\"noopener noreferrer\">Xtina_acedo<\/a>:<\/strong> &#8220;L\u2019hem llegit primer en catal\u00e0 i despr\u00e9s en angl\u00e8s. Als nens els hi ha encantat!! I jo contenta que coneguin un cl\u00e0ssic tan bonic i practiquin angl\u00e8s!!&#8221;<\/p>\n<hr \/>\n<h3><span style=\"color: #ff6600;\">Premsa<\/span><\/h3>\n<p><a href=\"\/\/www.edicionsdelpirata.cat\/wp-content\/uploads\/2018\/02\/Ot-el-Bruixot_bilingue.jpg\" target=\"_blank\" rel=\"noopener noreferrer\">El Punt Avui<\/a><\/p>\n<p><a href=\"https:\/\/www.instagram.com\/p\/BlnQ5B9HOb8\/?taken-by=criaturesarallegim\" target=\"_blank\" rel=\"noopener noreferrer\">Criatures &#8211; Diari Ara<\/a><\/p>\n<p><a href=\"https:\/\/www.edicionsdelpirata.cat\/wp-content\/uploads\/2018\/08\/petit-Sapiens11-llibres.jpg\" target=\"_blank\" rel=\"noopener noreferrer\">Petit S\u00e0piens n\u00ba11<\/a><\/p>\n<p><a href=\"https:\/\/www.rtvvilafranca.cat\/programa\/llegir-per-sentir\/f\/30991-201841\/?fbclid=IwAR091p31fnJrVRglts-uEnRAZ38TnjfHZBYeULia5FRJtuuSR0uPaf5HMUQ\" target=\"_blank\" rel=\"noopener noreferrer\">RTVVilafranca<\/a> (Entrevista a en Picanyol)<\/p>\n","protected":false},"excerpt":{"rendered":"<h3 class=\"p1\">Apr\u00e8n angl\u00e8s amb l&#8217;Ot el Bruixot<\/h3>\n<p>Amb els <a href=\"https:\/\/www.edicionsdelpirata.cat\/producte\/contes-aprendre-angles\/\" target=\"_blank\" rel=\"noopener noreferrer\">contes biling\u00fces d&#8217;en Picanyol<\/a>, aprendr\u00e0s angl\u00e8s i t&#8217;ho passar\u00e0s d&#8217;all\u00f2 m\u00e9s b\u00e9!<\/p>\n<p>&nbsp;<\/p>\n<p>Autor: <a href=\"https:\/\/www.edicionsdelpirata.cat\/picanyol\/\" target=\"_blank\" rel=\"noopener noreferrer\">Picanyol<\/a><\/p>\n","protected":false},"featured_media":97085,"template":"","meta":[],"product_brand":[],"product_cat":[2368,2432,2123,2186,2334,2336,2337,2340,2367],"product_tag":[434,435,436,378],"class_list":{"0":"post-97046","1":"product","2":"type-product","3":"status-publish","4":"has-post-thumbnail","6":"product_cat-lletra-impremta","7":"product_cat-llibres-nens-animals","8":"product_cat-tots-els-llibres","9":"product_cat-llibres-per-7-anys","10":"product_cat-albums-illustrats-6-anys","11":"product_cat-picanyol-escriptors","12":"product_cat-picanyol-2","13":"product_cat-llibres-de-4-a-7-anys","14":"product_cat-contes-de-lot-el-bruixot","15":"product_tag-aprendre-angles","16":"product_tag-bilingue","17":"product_tag-catala-angles","18":"product_tag-ot-el-bruixot","20":"first","21":"instock","22":"shipping-taxable","23":"purchasable","24":"product-type-simple"},"_links":{"self":[{"href":"https:\/\/www.editorialelpirata.com\/ca\/wp-json\/wp\/v2\/product\/97046","targetHints":{"allow":["GET"]}}],"collection":[{"href":"https:\/\/www.editorialelpirata.com\/ca\/wp-json\/wp\/v2\/product"}],"about":[{"href":"https:\/\/www.editorialelpirata.com\/ca\/wp-json\/wp\/v2\/types\/product"}],"wp:featuredmedia":[{"embeddable":true,"href":"https:\/\/www.editorialelpirata.com\/ca\/wp-json\/wp\/v2\/media\/97085"}],"wp:attachment":[{"href":"https:\/\/www.editorialelpirata.com\/ca\/wp-json\/wp\/v2\/media?parent=97046"}],"wp:term":[{"taxonomy":"product_brand","embeddable":true,"href":"https:\/\/www.editorialelpirata.com\/ca\/wp-json\/wp\/v2\/product_brand?post=97046"},{"taxonomy":"product_cat","embeddable":true,"href":"https:\/\/www.editorialelpirata.com\/ca\/wp-json\/wp\/v2\/product_cat?post=97046"},{"taxonomy":"product_tag","embeddable":true,"href":"https:\/\/www.editorialelpirata.com\/ca\/wp-json\/wp\/v2\/product_tag?post=97046"}],"curies":[{"name":"wp","href":"https:\/\/api.w.org\/{rel}","templated":true}]}}