{"id":97044,"date":"2024-09-19T15:28:34","date_gmt":"2024-09-19T15:28:34","guid":{"rendered":"https:\/\/www.editorialelpirata.com\/?post_type=product&#038;p=97044"},"modified":"2025-03-27T07:48:06","modified_gmt":"2025-03-27T07:48:06","slug":"gegantosaure","status":"publish","type":"product","link":"https:\/\/www.editorialelpirata.com\/ca\/Producte\/gegantosaure\/","title":{"rendered":"Gegantosaure"},"content":{"rendered":"<div class=\"wpb-content-wrapper\"><p>[vc_row][vc_column][vc_column_text uncode_shortcode_id=&#8221;785264&#8243;]<\/p>\n<h1>El llibre original del qual va sorgir la s\u00e8rie de dibuixos de moda, GIGANTOSAURUS.<\/h1>\n<h2><span style=\"font-size: 16px;\">Les mares dinosaures els van dir: \u201cAneu amb compte amb el GEGANTOSAURE! Les potes us podrien TREPITJAR! Les mand\u00edbules MASTEGAR! Encara se us menjar\u00e0 per DINAR!\u201d<\/span><\/h2>\n<p>Gegantosaure \u00e9s un incre\u00efble conte il\u00b7lustrat creat per en <strong>Jonny Duddle<\/strong>, l&#8217;il\u00b7lustrador de <strong>Harry Potter<\/strong>. Est\u00e0 recomanat per a explicar a <strong>partir de 4 anys<\/strong> o <strong>per a llegir a partir de 6 anys<\/strong>.<br \/>\nLes converses dels personatges van dins de bafarades de c\u00f2mic i aix\u00f2 facilita llegir el conte utilitzant diverses veus per a una major diversi\u00f3.[\/vc_column_text][vc_column_text uncode_shortcode_id=&#8221;173781&#8243;]<\/p>\n<h3><\/h3>\n<blockquote>\n<h3>&#8220;Un fant\u00e0stic \u00e0lbum amb espectaculars i acolorides il\u00b7lustracions que faran les del\u00edcies dels petits fans dels dinosaures!&#8221;<\/h3>\n<p><strong><a href=\"https:\/\/www.instagram.com\/p\/Be5iEiXHuSV\/?taken-by=criaturesarallegim\" target=\"_blank\" rel=\"noopener\">Criatures Ara Llegim<\/a><\/strong><\/p><\/blockquote>\n<hr \/>\n<p>Amb el suport de:<\/p>\n<p><a href=\"https:\/\/www.editorialelpirata.com\/wp-content\/uploads\/2024\/09\/cultura_generalitat.jpg\"><img decoding=\"async\" class=\"alignnone size-full wp-image-97863\" src=\"https:\/\/www.editorialelpirata.com\/wp-content\/uploads\/2024\/09\/cultura_generalitat.jpg\" alt=\"\" width=\"300\" height=\"80\" title=\"\" srcset=\"https:\/\/www.editorialelpirata.com\/wp-content\/uploads\/2024\/09\/cultura_generalitat.jpg 300w, https:\/\/www.editorialelpirata.com\/wp-content\/uploads\/2024\/09\/cultura_generalitat-64x17.jpg 64w\" sizes=\"(max-width: 300px) 100vw, 300px\" \/><\/a>[\/vc_column_text][\/vc_column][\/vc_row][vc_row][vc_column width=&#8221;1\/1&#8243;][vc_column_text uncode_shortcode_id=&#8221;104655&#8243;]<strong>Llibres d\u2019en Jonny Duddle:<\/strong><\/p>\n<ul>\n<li><a href=\"https:\/\/www.editorialelpirata.com\/ca\/producte\/els-meus-veins-pirates\/\" target=\"_blank\" rel=\"noopener\">Els meus ve\u00efns pirates<\/a><\/li>\n<li><a href=\"https:\/\/www.editorialelpirata.com\/ca\/producte\/lenfonsa-pirates\/\" target=\"_blank\" rel=\"noopener\">L\u2019enfonsa Pirates<\/a><\/li>\n<li><a href=\"https:\/\/www.editorialelpirata.com\/ca\/producte\/els-pirates-de-lilla-calavera\/\" target=\"_blank\" rel=\"noopener\">Els pirates de l\u2019illa Calavera<\/a><\/li>\n<li><a href=\"https:\/\/www.editorialelpirata.com\/ca\/producte\/el-rei-de-lespai\/\" target=\"_blank\" rel=\"noopener\">El rei de l&#8217;espai<\/a><\/li>\n<li><a href=\"https:\/\/www.editorialelpirata.com\/ca\/producte\/a-la-recerca-den-gigantosaurus\/\" target=\"_blank\" rel=\"noopener\">A la recerca d&#8217;en Gigantosaurus<\/a><\/li>\n<\/ul>\n<p>[\/vc_column_text][\/vc_column][\/vc_row]<\/p>\n<\/div>","protected":false},"excerpt":{"rendered":"<h3>Un conte d&#8217;uns petits dinosaures i d&#8217;un gran dinosaure del que s&#8217;escapen!<\/h3>\n<p>Un divertit conte il\u00b7lustrat per <strong>Jonny Duddle<\/strong>, il\u00b7lustrador de Harry Potter.<\/p>\n<p><strong>El llibre en el que es va inspirar la famosa s\u00e8rie d&#8217;animaci\u00f3!<\/strong><\/p>\n<p>Autor: <a href=\"https:\/\/www.edicionsdelpirata.cat\/jonny-duddle-2\/\" target=\"_blank\" rel=\"noopener noreferrer\">Jonny Duddle<\/a><\/p>\n","protected":false},"featured_media":97078,"template":"","meta":[],"product_brand":[],"product_cat":[2334,2338,2339,2344,2123,2330],"product_tag":[2799,2831,655,2882,2984,3157,3173],"class_list":{"0":"post-97044","1":"product","2":"type-product","3":"status-publish","4":"has-post-thumbnail","6":"product_cat-albums-illustrats-6-anys","7":"product_cat-jonny-duddle","8":"product_cat-jonny-duddle-2","9":"product_cat-llibres-de-3-a-6-anys","10":"product_cat-tots-els-llibres","11":"product_cat-albums-illustrats","12":"product_tag-llibres-infantils-ca","13":"product_tag-contes-divertits-ca","14":"product_tag-dinosaures","15":"product_tag-llibres-aventures-ca","16":"product_tag-contes-nens-ca","17":"product_tag-llibres-nens-ca-2","18":"product_tag-jonny-duddle-ca","20":"first","21":"instock","22":"shipping-taxable","23":"purchasable","24":"product-type-simple"},"_links":{"self":[{"href":"https:\/\/www.editorialelpirata.com\/ca\/wp-json\/wp\/v2\/product\/97044","targetHints":{"allow":["GET"]}}],"collection":[{"href":"https:\/\/www.editorialelpirata.com\/ca\/wp-json\/wp\/v2\/product"}],"about":[{"href":"https:\/\/www.editorialelpirata.com\/ca\/wp-json\/wp\/v2\/types\/product"}],"wp:featuredmedia":[{"embeddable":true,"href":"https:\/\/www.editorialelpirata.com\/ca\/wp-json\/wp\/v2\/media\/97078"}],"wp:attachment":[{"href":"https:\/\/www.editorialelpirata.com\/ca\/wp-json\/wp\/v2\/media?parent=97044"}],"wp:term":[{"taxonomy":"product_brand","embeddable":true,"href":"https:\/\/www.editorialelpirata.com\/ca\/wp-json\/wp\/v2\/product_brand?post=97044"},{"taxonomy":"product_cat","embeddable":true,"href":"https:\/\/www.editorialelpirata.com\/ca\/wp-json\/wp\/v2\/product_cat?post=97044"},{"taxonomy":"product_tag","embeddable":true,"href":"https:\/\/www.editorialelpirata.com\/ca\/wp-json\/wp\/v2\/product_tag?post=97044"}],"curies":[{"name":"wp","href":"https:\/\/api.w.org\/{rel}","templated":true}]}}