{"id":97042,"date":"2024-09-19T15:28:34","date_gmt":"2024-09-19T15:28:34","guid":{"rendered":"https:\/\/www.editorialelpirata.com\/?post_type=product&#038;p=97042"},"modified":"2025-03-05T14:53:13","modified_gmt":"2025-03-05T14:53:13","slug":"els-meus-veins-pirates","status":"publish","type":"product","link":"https:\/\/www.editorialelpirata.com\/ca\/Producte\/els-meus-veins-pirates\/","title":{"rendered":"ELS MEUS VE\u00cfNS PIRATES"},"content":{"rendered":"<div class=\"wpb-content-wrapper\"><p>[vc_row][vc_column][vc_column_text uncode_shortcode_id=&#8221;104220&#8243;]<\/p>\n<h1>Un \u00e0lbum il\u00b7lustrat ple de pirates i aventures<\/h1>\n<h2><span style=\"font-size: 16px;\">Quan la fam\u00edlia de pirates Jolley-Rogers va anar a viure a Vilaensopida del Mar, els rumors del seu estil de vida van c\u00f3rrer pel ve\u00efnat.<\/span><\/h2>\n<p>[\/vc_column_text][\/vc_column][\/vc_row][vc_row][vc_column column_width_percent=&#8221;100&#8243; align_horizontal=&#8221;align_center&#8221; gutter_size=&#8221;3&#8243; overlay_alpha=&#8221;50&#8243; shift_x=&#8221;0&#8243; shift_y=&#8221;0&#8243; shift_y_down=&#8221;0&#8243; z_index=&#8221;0&#8243; medium_width=&#8221;0&#8243; mobile_width=&#8221;0&#8243; width=&#8221;1\/1&#8243; uncode_shortcode_id=&#8221;160033&#8243;][vc_raw_html]JTNDaWZyYW1lJTIwd2lkdGglM0QlMjI2MjBweCUyMiUyMGhlaWdodCUzRCUyMjQwMHB4JTIyJTIwc3JjJTNEJTIyaHR0cHMlM0ElMkYlMkZ3d3cueXVtcHUuY29tJTJGZXMlMkZlbWJlZCUyRnZpZXclMkZUTHRVZDlSMmZPcmhXOHVhJTIyJTIwZnJhbWVib3JkZXIlM0QlMjIwJTIyJTIwYWxsb3dmdWxsc2NyZWVuJTNEJTIydHJ1ZSUyMiUyMCUyMGFsbG93dHJhbnNwYXJlbmN5JTNEJTIydHJ1ZSUyMiUzRSUzQyUyRmlmcmFtZSUzRQ==[\/vc_raw_html][\/vc_column][\/vc_row][vc_row][vc_column width=&#8221;1\/1&#8243;][vc_column_text uncode_shortcode_id=&#8221;211732&#8243;]Per\u00f2 amb tan pocs nens amb qui jugar, la Matilda desitjava con\u00e8ixer la fascinant fam\u00edlia que tenia ben a tocar!<\/p>\n<p>&#8220;<em>Els meus ve\u00efns pirates<\/em>&#8221; ha guanyat el premi <a href=\"https:\/\/www.waterstones.com\/\" target=\"_blank\" rel=\"noopener noreferrer\">Waterstones<\/a> a millor llibre infantil<\/p>\n<p>Descobreix tamb\u00e9 la continuaci\u00f3 de la fam\u00edlia Jolley-Rogers a <strong><a href=\"https:\/\/www.edicionsdelpirata.cat\/producte\/pirates-illa-calavera\/\" target=\"_blank\" rel=\"noopener\">Els pirates de l&#8217;Illa Calavera<\/a><\/strong>.<\/p>\n<p>&nbsp;<\/p>\n<hr \/>\n<p>Amb el suport de:<\/p>\n<p><img decoding=\"async\" class=\"alignnone wp-image-5715\" src=\"https:\/\/www.edicionsdelpirata.cat\/wp-content\/uploads\/2017\/02\/cultura_generalitat.jpg\" alt=\"\" width=\"199\" height=\"53\" title=\"\">[\/vc_column_text][\/vc_column][\/vc_row][vc_row][vc_column width=&#8221;1\/1&#8243;][vc_column_text uncode_shortcode_id=&#8221;462210&#8243;]<strong>Llibres d\u2019en Jonny Duddle:<\/strong><\/p>\n<ul>\n<li><a href=\"https:\/\/www.edicionsdelpirata.cat\/producte\/gegantosaure-llibres-nens\/\" target=\"_blank\" rel=\"noopener\">Gegantosaure<\/a><\/li>\n<li><a href=\"https:\/\/www.edicionsdelpirata.cat\/producte\/l-enfonsa-pirates\/\" target=\"_blank\" rel=\"noopener\">L\u2019enfonsa Pirates<\/a><\/li>\n<li><a href=\"https:\/\/www.edicionsdelpirata.cat\/producte\/pirates-illa-calavera\/\" target=\"_blank\" rel=\"noopener\">Els pirates de l\u2019illa Calavera<\/a><\/li>\n<li><a href=\"https:\/\/www.edicionsdelpirata.cat\/producte\/rei-espai-llibre-infantil-divertit\/\" target=\"_blank\" rel=\"noopener\">El rei de l&#8217;espai<\/a><\/li>\n<li><a href=\"https:\/\/www.edicionsdelpirata.cat\/producte\/recerca-gigantosaurus-contes-dinosaures\/\" target=\"_blank\" rel=\"noopener\">A la recerca d&#8217;en Gigantosaurus<\/a><\/li>\n<\/ul>\n<p>[\/vc_column_text][\/vc_column][\/vc_row]<\/p>\n<\/div>","protected":false},"excerpt":{"rendered":"<h3>Descobreix la fam\u00edlia de pirates que revolucionar\u00e0 el ve\u00efnat de Vilaensopida del Mar.<\/h3>\n<p>En <strong>Jonny Duddle<\/strong>, il\u00b7lustrador de Harry Potter, ens porta els pirates m\u00e9s divertits dels set mars.<\/p>\n<p>&nbsp;<\/p>\n<p>Autor: <a href=\"https:\/\/www.edicionsdelpirata.cat\/jonny-duddle-2\/\" target=\"_blank\" rel=\"noopener noreferrer\">Jonny Duddle<\/a><\/p>\n","protected":false},"featured_media":97081,"template":"","meta":[],"product_brand":[],"product_cat":[2340,2123,2330,2334,2338,2339],"product_tag":[2881,2882,2883,3033,3038,3157,3173],"class_list":{"0":"post-97042","1":"product","2":"type-product","3":"status-publish","4":"has-post-thumbnail","6":"product_cat-llibres-de-4-a-7-anys","7":"product_cat-tots-els-llibres","8":"product_cat-albums-illustrats","9":"product_cat-albums-illustrats-6-anys","10":"product_cat-jonny-duddle","11":"product_cat-jonny-duddle-2","12":"product_tag-contes-infantils-ca","13":"product_tag-llibres-aventures-ca","14":"product_tag-llibres-pirates-ca","15":"product_tag-llibres-6-anys-ca","16":"product_tag-llibres-5-anys-ca","17":"product_tag-llibres-nens-ca-2","18":"product_tag-jonny-duddle-ca","20":"first","21":"instock","22":"shipping-taxable","23":"purchasable","24":"product-type-simple"},"_links":{"self":[{"href":"https:\/\/www.editorialelpirata.com\/ca\/wp-json\/wp\/v2\/product\/97042","targetHints":{"allow":["GET"]}}],"collection":[{"href":"https:\/\/www.editorialelpirata.com\/ca\/wp-json\/wp\/v2\/product"}],"about":[{"href":"https:\/\/www.editorialelpirata.com\/ca\/wp-json\/wp\/v2\/types\/product"}],"wp:featuredmedia":[{"embeddable":true,"href":"https:\/\/www.editorialelpirata.com\/ca\/wp-json\/wp\/v2\/media\/97081"}],"wp:attachment":[{"href":"https:\/\/www.editorialelpirata.com\/ca\/wp-json\/wp\/v2\/media?parent=97042"}],"wp:term":[{"taxonomy":"product_brand","embeddable":true,"href":"https:\/\/www.editorialelpirata.com\/ca\/wp-json\/wp\/v2\/product_brand?post=97042"},{"taxonomy":"product_cat","embeddable":true,"href":"https:\/\/www.editorialelpirata.com\/ca\/wp-json\/wp\/v2\/product_cat?post=97042"},{"taxonomy":"product_tag","embeddable":true,"href":"https:\/\/www.editorialelpirata.com\/ca\/wp-json\/wp\/v2\/product_tag?post=97042"}],"curies":[{"name":"wp","href":"https:\/\/api.w.org\/{rel}","templated":true}]}}