{"id":97041,"date":"2024-09-19T15:28:28","date_gmt":"2024-09-19T15:28:28","guid":{"rendered":"https:\/\/www.editorialelpirata.com\/?post_type=product&#038;p=97041"},"modified":"2025-03-05T14:53:13","modified_gmt":"2025-03-05T14:53:13","slug":"lot-de-3-llibres-nens-humor","status":"publish","type":"product","link":"https:\/\/www.editorialelpirata.com\/ca\/Producte\/lot-de-3-llibres-nens-humor\/","title":{"rendered":"LOT DE 3 LLIBRES NENS HUMOR"},"content":{"rendered":"<div class=\"wpb-content-wrapper\"><p>[vc_row][vc_column][vc_column_text uncode_shortcode_id=&#8221;125092&#8243;]<\/p>\n<h1>Lot de 3 novel\u00b7les humor\u00edstiques per a nens de 9 anys<\/h1>\n<p>Llibres amb humor: La divertid\u00edssima col\u00b7lecci\u00f3 de la Judit i en Johan, dos nens amb molt bones intencions que volen convertir-se en superherois justiciers per ajudar als altres, per\u00f2 no deixaran de ficar-se en embolics!<\/p>\n<p>&nbsp;<\/p>\n<h2><a href=\"https:\/\/www.editorialelpirata.com\/ca\/producto\/poca-broma-amb-la-xocolata-9-anys\/\" target=\"_blank\" rel=\"noopener\">Poca broma amb la xocolata!<\/a><img decoding=\"async\" class=\"alignleft wp-image-90527 size-thumbnail\" src=\"https:\/\/www.edicionsdelpirata.cat\/wp-content\/uploads\/2016\/02\/Poca_broma_xocolata_llibre_infantil_divertit-1-150x150.jpg\" alt=\"poca broma xocolata, llibres 10 anys, llibres nens, llibres humor, contes divertits, llibres humor nens, la judit i el johan,\" width=\"150\" height=\"150\" title=\"\"><\/h2>\n<p>Aquest estiu la Judit i el Johan s\u2019han unit amb un prop\u00f2sit: fer de superherois justiciers i ajudar els altres, i per aconseguir-ho faran \u00fas de tot el seu arsenal d\u2019idees divertides i estrafol\u00e0ries i, sobretot, de molta, molta xocolata.<\/p>\n<p>&nbsp;<\/p>\n<p>&nbsp;<\/p>\n<p>&nbsp;<\/p>\n<hr \/>\n<h2><a href=\"https:\/\/www.editorialelpirata.com\/ca\/producto\/poca-broma-amb-les-vacances-9-anys\/\" target=\"_blank\" rel=\"noopener\">Poca broma amb les vacances!<\/a><img decoding=\"async\" class=\"alignleft wp-image-90508 size-thumbnail\" src=\"https:\/\/www.edicionsdelpirata.cat\/wp-content\/uploads\/2017\/02\/Poca_broma_vacances_conte_infantil_divertit-1-150x150.jpg\" alt=\"llibres 10 anys, llibres nens, llibres humor, contes divertits, llibres humor nens, la judit i el johan,\" width=\"150\" height=\"150\" title=\"\"><\/h2>\n<p>Ja han comen\u00e7at les vacances d\u2019estiu! La Judith i el Johan viuran unes divertid\u00edssimes i esbojarrades aventures al poble.<\/p>\n<p>&nbsp;<\/p>\n<p>&nbsp;<\/p>\n<p>&nbsp;<\/p>\n<hr \/>\n<h2><a href=\"https:\/\/www.editorialelpirata.com\/ca\/producto\/poca-broma-amb-lescola-9-anys\/\" target=\"_blank\" rel=\"noopener\">Poca broma amb l&#8217;escola!<\/a><img decoding=\"async\" class=\"alignleft wp-image-90427 size-thumbnail\" src=\"https:\/\/www.edicionsdelpirata.cat\/wp-content\/uploads\/2020\/01\/Poca_broma_escola_conte_humor-1-150x150.jpg\" alt=\"Poca broma amb l&#039;escola, els embolics de la judit i el johan, Ester Farran, Poca broma amb la xocolata, llibre 9 anys, lectura divertida\" width=\"150\" height=\"150\" title=\"\"><\/h2>\n<p>Al comen\u00e7ar l\u2019escola descobreixen que aquest any els ha tocat de professor el senyor Amela, que t\u00e9 fama mundial per quatre raons, i cap d\u2019elles \u00e9s ser divertit. I com es pot fer de justicier amb un professor que sembla un sergent? La Judit i el Johan en trobaran la manera![\/vc_column_text][\/vc_column][\/vc_row]<\/p>\n<\/div>","protected":false},"excerpt":{"rendered":"<h2>Llibres d&#8217;humor per nens i nenes<\/h2>\n<p>La col\u00b7lecci\u00f3 <strong><em>Els embolics de la Judit i el Johan<\/em><\/strong> est\u00e0 recomanada a partir de 9 anys.<\/p>\n<div class=\"sinopsia_fitxa\">\n<div id=\"sinopsia\" class=\"sinopsia_atala\" lang=\"es\">La Judit i el Johan han fet una alian\u00e7a que capgirar\u00e0 la vida de tots els qui els envolten. S&#8217;han unit amb un prop\u00f2sit: fer de <strong>superherois justiciers <\/strong>i ajudar els altres, i per aconseguir-ho faran \u00fas de tot el seu arsenal d&#8217;idees divertides i estrafol\u00e0ries i, sobretot, de molta, molta xocolata.<\/div>\n<\/div>\n","protected":false},"featured_media":97173,"template":"","meta":[],"product_brand":[],"product_cat":[2396],"product_tag":[457,458],"class_list":{"0":"post-97041","1":"product","2":"type-product","3":"status-publish","4":"has-post-thumbnail","6":"product_cat-lots","7":"product_tag-llibres-nens-humor","8":"product_tag-llibres-riure","10":"first","11":"instock","12":"sale","13":"shipping-taxable","14":"purchasable","15":"product-type-simple"},"_links":{"self":[{"href":"https:\/\/www.editorialelpirata.com\/ca\/wp-json\/wp\/v2\/product\/97041","targetHints":{"allow":["GET"]}}],"collection":[{"href":"https:\/\/www.editorialelpirata.com\/ca\/wp-json\/wp\/v2\/product"}],"about":[{"href":"https:\/\/www.editorialelpirata.com\/ca\/wp-json\/wp\/v2\/types\/product"}],"wp:featuredmedia":[{"embeddable":true,"href":"https:\/\/www.editorialelpirata.com\/ca\/wp-json\/wp\/v2\/media\/97173"}],"wp:attachment":[{"href":"https:\/\/www.editorialelpirata.com\/ca\/wp-json\/wp\/v2\/media?parent=97041"}],"wp:term":[{"taxonomy":"product_brand","embeddable":true,"href":"https:\/\/www.editorialelpirata.com\/ca\/wp-json\/wp\/v2\/product_brand?post=97041"},{"taxonomy":"product_cat","embeddable":true,"href":"https:\/\/www.editorialelpirata.com\/ca\/wp-json\/wp\/v2\/product_cat?post=97041"},{"taxonomy":"product_tag","embeddable":true,"href":"https:\/\/www.editorialelpirata.com\/ca\/wp-json\/wp\/v2\/product_tag?post=97041"}],"curies":[{"name":"wp","href":"https:\/\/api.w.org\/{rel}","templated":true}]}}