{"id":97031,"date":"2017-01-18T15:28:18","date_gmt":"2017-01-18T15:28:18","guid":{"rendered":"https:\/\/www.editorialelpirata.com\/?post_type=product&#038;p=97031"},"modified":"2025-03-05T14:53:13","modified_gmt":"2025-03-05T14:53:13","slug":"lenfonsa-pirates","status":"publish","type":"product","link":"https:\/\/www.editorialelpirata.com\/ca\/Producte\/lenfonsa-pirates\/","title":{"rendered":"L&#8217;ENFONSA PIRATES"},"content":{"rendered":"<div class=\"wpb-content-wrapper\"><p>[vc_row][vc_column][vc_column_text uncode_shortcode_id=&#8221;783819&#8243;]<\/p>\n<h1>Tota una aventura de pirates que no et deixar\u00e0 indiferent!<\/h1>\n<p>Aquest <strong>llibre de pirates<\/strong> \u00e9s l&#8217;aventura del <strong>capit\u00e0 Barbanegra<\/strong> i la seva tripulaci\u00f3 que estan a punt de descobrir una illa carregada de tresors de tota mena!<br \/>\nPer\u00f2&#8230; Podr\u00e0 l\u2019avar\u00edcia portar-los cap a un monstru\u00f3s i enorme problema?<\/p>\n<blockquote>\n<h4>&#8220;Un fant\u00e0stic i divertit \u00e0lbum per mirar i remirar. Les il\u00b7lustracions de Jonny Duddle s\u00f3n pura maravella!&#8221; &#8211; <a href=\"https:\/\/corriolscorriols.wixsite.com\/my-site\/post\/la-prestatgeria-l-enfonsa-pirates\" target=\"_blank\" rel=\"noopener\">Corriols<\/a><\/h4>\n<\/blockquote>\n<p><strong>L&#8217;Enfonsa Pirates<\/strong> \u00e9s un incre\u00efble conte il\u00b7lustrat creat per en <strong>Jonny Duddle<\/strong>, l&#8217;il\u00b7lustrador de <strong>Harry Potter<\/strong>. Est\u00e0 recomanat per a explicar a <strong>partir de 4 anys<\/strong> o <strong>per a llegir a partir de 5 anys<\/strong>.<\/p>\n<p>Les converses dels personatges van dins de bafarades de c\u00f2mic i aix\u00f2 facilita llegir el conte utilitzant v\u00e0ries veus per a una major diversi\u00f3.<\/p>\n<p>&nbsp;<\/p>\n<p><strong>Llibres d\u2019en Jonny Duddle:<\/strong><\/p>\n<ul>\n<li><a href=\"https:\/\/www.editorialelpirata.com\/ca\/producto\/gegantosaure\/\" target=\"_blank\" rel=\"noopener\">Gegantosaure<\/a><\/li>\n<li><a href=\"https:\/\/www.editorialelpirata.com\/ca\/producto\/els-meus-veins-pirates\/\" target=\"_blank\" rel=\"noopener\">Els meus ve\u00efns pirates<\/a><\/li>\n<li><a href=\"https:\/\/www.editorialelpirata.com\/ca\/producto\/els-pirates-de-lilla-calavera\/\" target=\"_blank\" rel=\"noopener\">Els pirates de l\u2019illa Calavera<\/a><\/li>\n<li><a href=\"https:\/\/www.editorialelpirata.com\/ca\/producto\/el-rei-de-lespai\/\" target=\"_blank\" rel=\"noopener\">El rei de l&#8217;espai<\/a><\/li>\n<li><a href=\"https:\/\/www.editorialelpirata.com\/ca\/producto\/a-la-recerca-den-gigantosaurus\/\" target=\"_blank\" rel=\"noopener\">A la recerca d&#8217;en Gigantosaurus<\/a><\/li>\n<\/ul>\n<p>[\/vc_column_text][\/vc_column][\/vc_row][vc_row][vc_column width=&#8221;1\/1&#8243;][vc_column_text uncode_shortcode_id=&#8221;364984&#8243;]<\/p>\n<hr \/>\n<h4><strong>M\u00e9s cr\u00edtiques:<\/strong><\/h4>\n<p><a href=\"http:\/\/www.andreusotorra.com\/cornabou\/critica\/pirata.html\" target=\"_blank\" rel=\"noopener noreferrer\">Cornabou<\/a><br \/>\n<a href=\"http:\/\/edicionsdelpirata.cat\/wp-content\/uploads\/2017\/02\/cr\u00edtica-Avui.jpg\" target=\"_blank\" rel=\"noopener noreferrer\">El punt Avui<\/a><br \/>\n<a href=\"https:\/\/www.facebook.com\/catakracfamilies\/videos\/1898330463733516\/\" target=\"_blank\" rel=\"noopener noreferrer\">Katacrack<\/a><br \/>\n<a href=\"http:\/\/mascarodeproa.blogspot.com.es\/2017\/02\/lenfonsa-pirates-un-conte-infantil-ben.html\" target=\"_blank\" rel=\"noopener noreferrer\">Mascar\u00f3 de proa<\/a><br \/>\n<a href=\"http:\/\/blogs.ccma.cat\/jordicervera.php?itemid=58012\" target=\"_blank\" rel=\"noopener\">Catalunya R\u00e0dio<\/a><br \/>\n<a href=\"https:\/\/www.clijcat.cat\/faristol\/critica\/LEnfonsa-Pirates\" target=\"_blank\" rel=\"noopener noreferrer\">Faristol<\/a>[\/vc_column_text][\/vc_column][\/vc_row]<\/p>\n<\/div>","protected":false},"excerpt":{"rendered":"<h3>A l&#8217;aventura, pirates!<\/h3>\n<p>El primer \u00e0lbum il\u00b7lustrat de pirates creat per <strong>Jonny Duddle<\/strong>, il\u00b7lustrador de Harry Potter. Per a nens a partir de 5 anys.<\/p>\n<p>&nbsp;<\/p>\n<p>Autor: Jonny Duddle<\/p>\n","protected":false},"featured_media":97051,"template":"","meta":[],"product_brand":[],"product_cat":[2117,2123,2186,2330,2331,2333,2334,2338,2339,2340],"product_tag":[351,352,631],"class_list":{"0":"post-97031","1":"product","2":"type-product","3":"status-publish","4":"has-post-thumbnail","6":"product_cat-llibres-per-6-anys","7":"product_cat-tots-els-llibres","8":"product_cat-llibres-per-7-anys","9":"product_cat-albums-illustrats","10":"product_cat-albums-ilustrats-7-anys","11":"product_cat-llibres-per-a-explicar","12":"product_cat-albums-illustrats-6-anys","13":"product_cat-jonny-duddle","14":"product_cat-jonny-duddle-2","15":"product_cat-llibres-de-4-a-7-anys","16":"product_tag-harry-potter","17":"product_tag-jonny-duddle","18":"product_tag-llibres-4-anys","20":"first","21":"instock","22":"featured","23":"shipping-taxable","24":"purchasable","25":"product-type-simple"},"_links":{"self":[{"href":"https:\/\/www.editorialelpirata.com\/ca\/wp-json\/wp\/v2\/product\/97031","targetHints":{"allow":["GET"]}}],"collection":[{"href":"https:\/\/www.editorialelpirata.com\/ca\/wp-json\/wp\/v2\/product"}],"about":[{"href":"https:\/\/www.editorialelpirata.com\/ca\/wp-json\/wp\/v2\/types\/product"}],"wp:featuredmedia":[{"embeddable":true,"href":"https:\/\/www.editorialelpirata.com\/ca\/wp-json\/wp\/v2\/media\/97051"}],"wp:attachment":[{"href":"https:\/\/www.editorialelpirata.com\/ca\/wp-json\/wp\/v2\/media?parent=97031"}],"wp:term":[{"taxonomy":"product_brand","embeddable":true,"href":"https:\/\/www.editorialelpirata.com\/ca\/wp-json\/wp\/v2\/product_brand?post=97031"},{"taxonomy":"product_cat","embeddable":true,"href":"https:\/\/www.editorialelpirata.com\/ca\/wp-json\/wp\/v2\/product_cat?post=97031"},{"taxonomy":"product_tag","embeddable":true,"href":"https:\/\/www.editorialelpirata.com\/ca\/wp-json\/wp\/v2\/product_tag?post=97031"}],"curies":[{"name":"wp","href":"https:\/\/api.w.org\/{rel}","templated":true}]}}