{"id":97003,"date":"2024-09-19T15:27:55","date_gmt":"2024-09-19T15:27:55","guid":{"rendered":"https:\/\/www.editorialelpirata.com\/?post_type=product&#038;p=97003"},"modified":"2025-03-05T14:53:01","modified_gmt":"2025-03-05T14:53:01","slug":"selva-de-tenebres","status":"publish","type":"product","link":"https:\/\/www.editorialelpirata.com\/ca\/Producte\/selva-de-tenebres\/","title":{"rendered":"SELVA DE TENEBRES"},"content":{"rendered":"<h1>Una aventura carregada de misteri i emoci\u00f3<\/h1>\n<p>Quan el Josep i el seu oncle Daniel arriben a un orfenat de l\u2019\u00cdndia per con\u00e8ixer la petita Beena, a qui els seus pares han adoptat, descobreixen que l\u2019han segrestada. Tots dos comencen una cursa contra rellotge per alliberar-la abans que uns mercenaris se l\u2019enduguin del pa\u00eds, per\u00f2 quan el Daniel \u00e9s fet preponer pels segrestadors, el Josep, un nen de ciutat,\u00a0s&#8217;haur\u00e0 d&#8217;espavilar per sobreviure en una selva inh\u00f2spita&#8230;<\/p>\n<p>Coneixer\u00e0 el Rajiv \u2013un noi una mica m\u00e9s gran que ell amb qui s&#8217;enfrontar\u00e0 al cap dels mercenaris, cavalcar\u00e0 a trav\u00e9s de boscos i haur\u00e0 de fugir d&#8217;un vaixell en flames.<\/p>\n<p><strong>Perill, misteri, aventures, acci\u00f3, amistat&#8230;<\/strong> de tot aix\u00f2 i m\u00e9s est\u00e0 formada aquesta selva de tenebres que no els vol deixar escapar.<\/p>\n<p>&nbsp;<\/p>\n<hr \/>\n<h3><a href=\"https:\/\/drive.google.com\/file\/d\/1n1vDP-uYQMCkQi3OoGioLFu4QqC8S2Dx\/view?usp=sharing\" target=\"_blank\" rel=\"noopener noreferrer\">Descarrega\u2019t la proposta did\u00e1ctica gratu\u00efta sobre aquest llibre!<\/a><\/h3>\n","protected":false},"excerpt":{"rendered":"<h3>A partir de 12 anys<\/h3>\n<p><strong>&#8220;Selva de tenebres&#8221; <\/strong>forma part de la col\u00b7lecci\u00f3 <b>&#8220;El Pirata Blau&#8221;<\/b>.<\/p>\n<p>&nbsp;<\/p>\n<p>Autor: <a href=\"https:\/\/www.edicionsdelpirata.cat\/frederic-mayol\/\" target=\"_blank\" rel=\"noopener noreferrer\">Frederic Mayol<\/a><\/p>\n<p>Il\u00b7lustradora: <a href=\"https:\/\/www.edicionsdelpirata.cat\/delphine-labedan\/\" target=\"_blank\" rel=\"noopener noreferrer\">Delphine Labedan<\/a><\/p>\n","protected":false},"featured_media":97021,"template":"","meta":[],"product_brand":[],"product_cat":[2123,2296,2298,2302,2311,2312],"product_tag":[427,463,472,617,620,919,927,956],"class_list":{"0":"post-97003","1":"product","2":"type-product","3":"status-publish","4":"has-post-thumbnail","6":"product_cat-tots-els-llibres","7":"product_cat-el-pirata-blau","8":"product_cat-llibres-per-12-anys","9":"product_cat-frederic-mayol-i-ibanez","10":"product_cat-11-12-nadal","11":"product_cat-delphine-labedan","12":"product_tag-llibres-nens","13":"product_tag-llibres-misteri","14":"product_tag-llibres-institut","15":"product_tag-llibres-12-anys","16":"product_tag-llibres-juvenils","17":"product_tag-selva","18":"product_tag-misteri","19":"product_tag-novela-juvenil","21":"first","22":"instock","23":"shipping-taxable","24":"purchasable","25":"product-type-simple"},"_links":{"self":[{"href":"https:\/\/www.editorialelpirata.com\/ca\/wp-json\/wp\/v2\/product\/97003","targetHints":{"allow":["GET"]}}],"collection":[{"href":"https:\/\/www.editorialelpirata.com\/ca\/wp-json\/wp\/v2\/product"}],"about":[{"href":"https:\/\/www.editorialelpirata.com\/ca\/wp-json\/wp\/v2\/types\/product"}],"wp:featuredmedia":[{"embeddable":true,"href":"https:\/\/www.editorialelpirata.com\/ca\/wp-json\/wp\/v2\/media\/97021"}],"wp:attachment":[{"href":"https:\/\/www.editorialelpirata.com\/ca\/wp-json\/wp\/v2\/media?parent=97003"}],"wp:term":[{"taxonomy":"product_brand","embeddable":true,"href":"https:\/\/www.editorialelpirata.com\/ca\/wp-json\/wp\/v2\/product_brand?post=97003"},{"taxonomy":"product_cat","embeddable":true,"href":"https:\/\/www.editorialelpirata.com\/ca\/wp-json\/wp\/v2\/product_cat?post=97003"},{"taxonomy":"product_tag","embeddable":true,"href":"https:\/\/www.editorialelpirata.com\/ca\/wp-json\/wp\/v2\/product_tag?post=97003"}],"curies":[{"name":"wp","href":"https:\/\/api.w.org\/{rel}","templated":true}]}}