{"id":96995,"date":"2024-09-19T15:27:50","date_gmt":"2024-09-19T15:27:50","guid":{"rendered":"https:\/\/www.editorialelpirata.com\/?post_type=product&#038;p=96995"},"modified":"2025-03-05T14:53:01","modified_gmt":"2025-03-05T14:53:01","slug":"la-palmera-cocotera","status":"publish","type":"product","link":"https:\/\/www.editorialelpirata.com\/ca\/Producte\/la-palmera-cocotera\/","title":{"rendered":"LA PALMERA COCOTERA"},"content":{"rendered":"<h1>Un programa de televisi\u00f3 for\u00e7a estrany<\/h1>\n<p>El Joan Minguell \u00e9s un noi tranquil i estudi\u00f3s. Viu amb els pares, la seva germana Remei, l\u2019avi i un lloro empipador que s\u2019entesta a fer-li la vida impossible a cops de bec. A l\u2019escola l\u2019han escollit per participar a La Palmera Cocotera, un <strong>concurs televisiu<\/strong> d\u2019all\u00f2 m\u00e9s horrible, sobretot per les proves estrafol\u00e0ries a qu\u00e8 s\u2019han de sotmetre els concursants. Ara tothom l\u2019amanyaga i el tracta b\u00e9, fins i tot el ruc de l\u2019Adolf, que sempre li ha fet la vida impossible. Per\u00f2 el Joan no est\u00e0 content\u2026 T\u00e9 un pla. Si guanya el concurs\u2026 Ai, si el guanya! Quina sorpresa que s\u2019enduran!<\/p>\n<p>&nbsp;<\/p>\n<hr \/>\n<h3><a href=\"https:\/\/drive.google.com\/file\/d\/11Akh8uLhe-5a_xZvobkdKFJbWR4mBrk3\/view?usp=sharing\" target=\"_blank\" rel=\"noopener noreferrer\">Descarrega\u2019t la proposta did\u00e1ctica gratu\u00efta sobre aquest llibre!<\/a><\/h3>\n","protected":false},"excerpt":{"rendered":"<h3>A partir de 12 anys<\/h3>\n<p><strong>&#8220;La Palmera Cocotera&#8221; <\/strong>forma part de la col\u00b7lecci\u00f3 <b>&#8220;El Pirata Blau&#8221;<\/b>.<\/p>\n<p>&nbsp;<\/p>\n<p>Autora: <a href=\"https:\/\/www.edicionsdelpirata.cat\/montserrat-beltran-i-roca\/\" target=\"_blank\" rel=\"noopener noreferrer\">Montserrat Beltran<\/a><\/p>\n<p>Il\u00b7lustradora: <a href=\"https:\/\/www.edicionsdelpirata.cat\/anna-clariana\/\" target=\"_blank\" rel=\"noopener noreferrer\">Anna Clariana<\/a><\/p>\n","protected":false},"featured_media":97000,"template":"","meta":[],"product_brand":[],"product_cat":[2123,2126,2287,2296,2298],"product_tag":[427,454,472,475,617,618,621],"class_list":{"0":"post-96995","1":"product","2":"type-product","3":"status-publish","4":"has-post-thumbnail","6":"product_cat-tots-els-llibres","7":"product_cat-anna-clariana-illustradors","8":"product_cat-montserrat-beltran-i-roca","9":"product_cat-el-pirata-blau","10":"product_cat-llibres-per-12-anys","11":"product_tag-llibres-nens","12":"product_tag-humor","13":"product_tag-llibres-institut","14":"product_tag-llibres-adolescents","15":"product_tag-llibres-12-anys","16":"product_tag-literatura-juvenil","17":"product_tag-ficcio-juvenil","19":"first","20":"instock","21":"shipping-taxable","22":"purchasable","23":"product-type-simple"},"_links":{"self":[{"href":"https:\/\/www.editorialelpirata.com\/ca\/wp-json\/wp\/v2\/product\/96995","targetHints":{"allow":["GET"]}}],"collection":[{"href":"https:\/\/www.editorialelpirata.com\/ca\/wp-json\/wp\/v2\/product"}],"about":[{"href":"https:\/\/www.editorialelpirata.com\/ca\/wp-json\/wp\/v2\/types\/product"}],"wp:featuredmedia":[{"embeddable":true,"href":"https:\/\/www.editorialelpirata.com\/ca\/wp-json\/wp\/v2\/media\/97000"}],"wp:attachment":[{"href":"https:\/\/www.editorialelpirata.com\/ca\/wp-json\/wp\/v2\/media?parent=96995"}],"wp:term":[{"taxonomy":"product_brand","embeddable":true,"href":"https:\/\/www.editorialelpirata.com\/ca\/wp-json\/wp\/v2\/product_brand?post=96995"},{"taxonomy":"product_cat","embeddable":true,"href":"https:\/\/www.editorialelpirata.com\/ca\/wp-json\/wp\/v2\/product_cat?post=96995"},{"taxonomy":"product_tag","embeddable":true,"href":"https:\/\/www.editorialelpirata.com\/ca\/wp-json\/wp\/v2\/product_tag?post=96995"}],"curies":[{"name":"wp","href":"https:\/\/api.w.org\/{rel}","templated":true}]}}