{"id":96988,"date":"2024-09-19T15:27:46","date_gmt":"2024-09-19T15:27:46","guid":{"rendered":"https:\/\/www.editorialelpirata.com\/?post_type=product&#038;p=96988"},"modified":"2025-03-05T14:52:52","modified_gmt":"2025-03-05T14:52:52","slug":"a-la-vora-del-temps","status":"publish","type":"product","link":"https:\/\/www.editorialelpirata.com\/ca\/Producte\/a-la-vora-del-temps\/","title":{"rendered":"A LA VORA DEL TEMPS"},"content":{"rendered":"<h1>Un interessant recull d&#8217;hist\u00f2ries curtes<\/h1>\n<p>El llibre aplega un conjunt de contes de caire popular i de proced\u00e8ncia geogr\u00e0fica molt diversa, els uns de casa nostra i els altres de pa\u00efsos llunyans i ex\u00f2tics com el Jap\u00f3 o el Canad\u00e0, adaptats d\u2019una manera molt lliure per l\u2019autor i situats en \u00e8poques que van des de l\u2019antiguitat llegend\u00e0ria i meravellosa fins als temps actuals. El llenguatge \u00e9s molt pensat i treballat i, alhora, perfectament comprensible.<\/p>\n<p>&nbsp;<\/p>\n<hr \/>\n<h3><a href=\"https:\/\/drive.google.com\/file\/d\/1QH19K9W_MMPchQCb0ehXvxbsjYA2NWCD\/view?usp=sharing\" target=\"_blank\" rel=\"noopener noreferrer\">Descarrega\u2019t la proposta did\u00e1ctica gratu\u00efta sobre aquest llibre!<\/a><\/h3>\n","protected":false},"excerpt":{"rendered":"<h3>A partir de 12 anys<\/h3>\n<p><strong>&#8220;A la vora del temps&#8221; <\/strong>forma part de la col\u00b7lecci\u00f3 <b>&#8220;El Pirata Blau&#8221;<\/b>.<\/p>\n<p>&nbsp;<\/p>\n<p>Autor: <a href=\"https:\/\/www.edicionsdelpirata.cat\/albert-jane\/\" target=\"_blank\" rel=\"noopener noreferrer\">Albert Jan\u00e9<\/a><\/p>\n<p>Il\u00b7lustradora: <a href=\"https:\/\/www.edicionsdelpirata.cat\/irene-bordoy\/\" target=\"_blank\" rel=\"noopener noreferrer\">Irene Bordoy<\/a><\/p>\n","protected":false},"featured_media":96992,"template":"","meta":[],"product_brand":[],"product_cat":[2123,2295,2296,2297,2298],"product_tag":[964,472,612,616,617,620,941],"class_list":{"0":"post-96988","1":"product","2":"type-product","3":"status-publish","4":"has-post-thumbnail","6":"product_cat-tots-els-llibres","7":"product_cat-albert-jane-i-riera","8":"product_cat-el-pirata-blau","9":"product_cat-irene-bordoy","10":"product_cat-llibres-per-12-anys","11":"product_tag-contes-adolescents","12":"product_tag-llibres-institut","13":"product_tag-recull-de-contes","14":"product_tag-contes-12-anys","15":"product_tag-llibres-12-anys","16":"product_tag-llibres-juvenils","17":"product_tag-llibre-contes","19":"first","20":"instock","21":"shipping-taxable","22":"purchasable","23":"product-type-simple"},"_links":{"self":[{"href":"https:\/\/www.editorialelpirata.com\/ca\/wp-json\/wp\/v2\/product\/96988","targetHints":{"allow":["GET"]}}],"collection":[{"href":"https:\/\/www.editorialelpirata.com\/ca\/wp-json\/wp\/v2\/product"}],"about":[{"href":"https:\/\/www.editorialelpirata.com\/ca\/wp-json\/wp\/v2\/types\/product"}],"wp:featuredmedia":[{"embeddable":true,"href":"https:\/\/www.editorialelpirata.com\/ca\/wp-json\/wp\/v2\/media\/96992"}],"wp:attachment":[{"href":"https:\/\/www.editorialelpirata.com\/ca\/wp-json\/wp\/v2\/media?parent=96988"}],"wp:term":[{"taxonomy":"product_brand","embeddable":true,"href":"https:\/\/www.editorialelpirata.com\/ca\/wp-json\/wp\/v2\/product_brand?post=96988"},{"taxonomy":"product_cat","embeddable":true,"href":"https:\/\/www.editorialelpirata.com\/ca\/wp-json\/wp\/v2\/product_cat?post=96988"},{"taxonomy":"product_tag","embeddable":true,"href":"https:\/\/www.editorialelpirata.com\/ca\/wp-json\/wp\/v2\/product_tag?post=96988"}],"curies":[{"name":"wp","href":"https:\/\/api.w.org\/{rel}","templated":true}]}}