{"id":96957,"date":"2024-09-19T15:27:18","date_gmt":"2024-09-19T15:27:18","guid":{"rendered":"https:\/\/www.editorialelpirata.com\/?post_type=product&#038;p=96957"},"modified":"2025-10-14T10:30:00","modified_gmt":"2025-10-14T10:30:00","slug":"zombi","status":"publish","type":"product","link":"https:\/\/www.editorialelpirata.com\/ca\/Producte\/zombi\/","title":{"rendered":"ZOMBI"},"content":{"rendered":"<h1>Una hist\u00f2ria terror\u00edficament original!<\/h1>\n<p>El Gran Vampir, en Janius, el zombi, el Dr. Alerta, la Laia, en Jordi&#8230; Tots desfilen per les p\u00e0gines d\u2019aquest llibre en qu\u00e8 hi ha moments de por, per\u00f2 tamb\u00e9 d\u2019humor i de tendresa.<\/p>\n<p>&nbsp;<\/p>\n","protected":false},"excerpt":{"rendered":"<h3>Qu\u00e8 passa si un vampir mossega un zombi?<\/h3>\n<p>Aquest divertid\u00edssim llibre forma part de la col\u00b7lecci\u00f3 <b>&#8220;El Pirata Verd&#8221;<\/b>.<\/p>\n<p>&nbsp;<\/p>\n<p>Autors: <a href=\"https:\/\/www.edicionsdelpirata.cat\/atenea-sis\/\" target=\"_blank\" rel=\"noopener noreferrer\">Atenea Sis<\/a><\/p>\n<p>Il\u00b7lustrador: <a href=\"https:\/\/www.edicionsdelpirata.cat\/xavier-cusso\/\" target=\"_blank\" rel=\"noopener noreferrer\">Xavier Cuss\u00f3<\/a><\/p>\n","protected":false},"featured_media":96960,"template":"","meta":[],"product_brand":[],"product_cat":[2123,2135,2170,2247,2276],"product_tag":[608,3157,614,960,3280,961,3118],"class_list":{"0":"post-96957","1":"product","2":"type-product","3":"status-publish","4":"has-post-thumbnail","6":"product_cat-tots-els-llibres","7":"product_cat-xavier-cusso-grau","8":"product_cat-llibres-per-10-anys","9":"product_cat-el-pirata-verd","10":"product_cat-atenea-sis","11":"product_tag-contes-10-anys","12":"product_tag-llibres-nens-ca-2","13":"product_tag-llibres-monstres","14":"product_tag-zombis","15":"product_tag-llibres-humor-ca-2","16":"product_tag-novela-humor","17":"product_tag-llibres-10-anys-ca","19":"first","20":"outofstock","21":"shipping-taxable","22":"purchasable","23":"product-type-simple"},"_links":{"self":[{"href":"https:\/\/www.editorialelpirata.com\/ca\/wp-json\/wp\/v2\/product\/96957","targetHints":{"allow":["GET"]}}],"collection":[{"href":"https:\/\/www.editorialelpirata.com\/ca\/wp-json\/wp\/v2\/product"}],"about":[{"href":"https:\/\/www.editorialelpirata.com\/ca\/wp-json\/wp\/v2\/types\/product"}],"wp:featuredmedia":[{"embeddable":true,"href":"https:\/\/www.editorialelpirata.com\/ca\/wp-json\/wp\/v2\/media\/96960"}],"wp:attachment":[{"href":"https:\/\/www.editorialelpirata.com\/ca\/wp-json\/wp\/v2\/media?parent=96957"}],"wp:term":[{"taxonomy":"product_brand","embeddable":true,"href":"https:\/\/www.editorialelpirata.com\/ca\/wp-json\/wp\/v2\/product_brand?post=96957"},{"taxonomy":"product_cat","embeddable":true,"href":"https:\/\/www.editorialelpirata.com\/ca\/wp-json\/wp\/v2\/product_cat?post=96957"},{"taxonomy":"product_tag","embeddable":true,"href":"https:\/\/www.editorialelpirata.com\/ca\/wp-json\/wp\/v2\/product_tag?post=96957"}],"curies":[{"name":"wp","href":"https:\/\/api.w.org\/{rel}","templated":true}]}}