{"id":96938,"date":"2024-09-19T15:27:05","date_gmt":"2024-09-19T15:27:05","guid":{"rendered":"https:\/\/www.editorialelpirata.com\/?post_type=product&#038;p=96938"},"modified":"2025-03-05T14:52:43","modified_gmt":"2025-03-05T14:52:43","slug":"el-festival-de-les-paraules","status":"publish","type":"product","link":"https:\/\/www.editorialelpirata.com\/ca\/Producte\/el-festival-de-les-paraules\/","title":{"rendered":"EL FESTIVAL DE LES PARAULES"},"content":{"rendered":"<h1>Un llibre curi\u00f3s i original on les paraules cobren vida<\/h1>\n<p>Idea decideix organitzar un festival per a triar la millor de les paraules existents. Ara b\u00e9, quines hi podran concursar? Ser\u00e0 discriminatori que paraules com guerra i viol\u00e8ncia o lleig i antip\u00e0tic no hi siguin admeses?<\/p>\n<p>El que havia de ser una festa simp\u00e0tica \u00e9s converteix en un cau de baralles i enveges en qu\u00e8 Normalitat pateix una crisi depressiva, Mandar\u00ed perd lletres a causa d\u2019una trompada i passa a ser Mar\u00ed i Culte, a la qual se li despla\u00e7a la \u201ct\u201d es transforma en Culet.<\/p>\n<p>&nbsp;<\/p>\n<hr \/>\n<h3><a href=\"https:\/\/drive.google.com\/file\/d\/1zb7PeTmkQoxFLWr5p1g5sO3xycSrNeyL\/view?usp=sharing\" target=\"_blank\" rel=\"noopener noreferrer\">Descarrega\u2019t la proposta did\u00e1ctica gratu\u00efta sobre aquest llibre!<\/a><\/h3>\n","protected":false},"excerpt":{"rendered":"<h3>A partir de 10 anys<\/h3>\n<blockquote><p>\u201cAix\u00f2 del Festival de les Paraules se li va acudir a la paraula Idea, que per alguna cosa estava tot el dia encesa. Es podia resumir en una pregunta tan senzilla com: Quina \u00e9s la paraula m\u00e9s bonica?\u201d<\/p><\/blockquote>\n<p>&nbsp;<\/p>\n<p><strong>&#8220;El Festival de les Paraules&#8221; <\/strong>forma part de la col\u00b7lecci\u00f3 <b>&#8220;El Pirata Verd&#8221;<\/b>.<\/p>\n<p>&nbsp;<\/p>\n<p>Autor: <a href=\"https:\/\/www.edicionsdelpirata.cat\/jordi-sierra-i-fabra\/\" target=\"_blank\" rel=\"noopener noreferrer\">Jordi Sierra I Fabra<\/a><\/p>\n<p>Il\u00b7lustradora: <a href=\"https:\/\/www.edicionsdelpirata.cat\/marta-bru-i-zarandona\/\" target=\"_blank\" rel=\"noopener noreferrer\">Marta Br\u00fa<\/a><\/p>\n","protected":false},"featured_media":96969,"template":"","meta":[],"product_brand":[],"product_cat":[2123,2170,2206,2247,2283],"product_tag":[500,962,280,427,429,443,454,460],"class_list":{"0":"post-96938","1":"product","2":"type-product","3":"status-publish","4":"has-post-thumbnail","6":"product_cat-tots-els-llibres","7":"product_cat-llibres-per-10-anys","8":"product_cat-marta-bru-i-zarandona","9":"product_cat-el-pirata-verd","10":"product_cat-jordi-sierra-i-fabra","11":"product_tag-novela-infantil","12":"product_tag-paraules","13":"product_tag-jordi-sierra-i-fabra","14":"product_tag-llibres-nens","15":"product_tag-contes-infantils","16":"product_tag-llibres-infantils","17":"product_tag-humor","18":"product_tag-llibres-10-anys","20":"first","21":"instock","22":"sale","23":"shipping-taxable","24":"purchasable","25":"product-type-simple"},"_links":{"self":[{"href":"https:\/\/www.editorialelpirata.com\/ca\/wp-json\/wp\/v2\/product\/96938","targetHints":{"allow":["GET"]}}],"collection":[{"href":"https:\/\/www.editorialelpirata.com\/ca\/wp-json\/wp\/v2\/product"}],"about":[{"href":"https:\/\/www.editorialelpirata.com\/ca\/wp-json\/wp\/v2\/types\/product"}],"wp:featuredmedia":[{"embeddable":true,"href":"https:\/\/www.editorialelpirata.com\/ca\/wp-json\/wp\/v2\/media\/96969"}],"wp:attachment":[{"href":"https:\/\/www.editorialelpirata.com\/ca\/wp-json\/wp\/v2\/media?parent=96938"}],"wp:term":[{"taxonomy":"product_brand","embeddable":true,"href":"https:\/\/www.editorialelpirata.com\/ca\/wp-json\/wp\/v2\/product_brand?post=96938"},{"taxonomy":"product_cat","embeddable":true,"href":"https:\/\/www.editorialelpirata.com\/ca\/wp-json\/wp\/v2\/product_cat?post=96938"},{"taxonomy":"product_tag","embeddable":true,"href":"https:\/\/www.editorialelpirata.com\/ca\/wp-json\/wp\/v2\/product_tag?post=96938"}],"curies":[{"name":"wp","href":"https:\/\/api.w.org\/{rel}","templated":true}]}}