{"id":96905,"date":"2024-09-19T15:26:39","date_gmt":"2024-09-19T15:26:39","guid":{"rendered":"https:\/\/www.editorialelpirata.com\/?post_type=product&#038;p=96905"},"modified":"2026-02-11T12:21:28","modified_gmt":"2026-02-11T12:21:28","slug":"els-contes-de-lordinador","status":"publish","type":"product","link":"https:\/\/www.editorialelpirata.com\/ca\/Producte\/els-contes-de-lordinador\/","title":{"rendered":"ELS CONTES DE L&#8217;ORDINADOR"},"content":{"rendered":"<h1>Un recull de contes narrats d&#8217;una manera for\u00e7a original<\/h1>\n<blockquote><p>\u201cEm dic Toshiba i treballo a la sala d\u2019ordinadors d\u2019un centre cultural. Fins fa un parell de mesos, la meva feina era rutin\u00e0ria i avorrida. Fa exactament cinc setmanes, per\u00f2, l\u2019encarregada va penjar uns cartells en qu\u00e8 s\u2019anunciava un concurs de contes patrocinat per l\u2019Ajuntament i dotat amb uns premis for\u00e7a importants i, a partir de llavors, els meus usuaris van canviar com de la nit al dia. \u201c<\/p><\/blockquote>\n<p>Com deveu haver endevinat, l\u2019ordinador Toshiba ens ofereix un recull dels contes que m\u00e9s li han agradat. Des dels sentimentals com <em>Nom\u00e9s ho sap la lluna<\/em> o <em>L\u2019\u00faltim Nadal<\/em> fins als esbojarrats com <em>Quiquirr\u00edquia, osm\u00f2tica, ruscomb\u00f2lia, Vull una rata pudent <\/em>o <em>El misteri del suc de tom\u00e0quet<\/em>.<\/p>\n<p>&nbsp;<\/p>\n<hr \/>\n<h3><a href=\"https:\/\/drive.google.com\/file\/d\/1vKA0aYj7n75A8tx0yzf3bCULbmcPFExC\/view?usp=sharing\" target=\"_blank\" rel=\"noopener noreferrer\">Descarrega\u2019t la proposta did\u00e1ctica gratu\u00efta sobre aquest llibre!<\/a><\/h3>\n","protected":false},"excerpt":{"rendered":"<h3>Un recull de contes per a nens de 10 anys<\/h3>\n<p><strong>&#8220;<span style=\"font-size: 11.0pt;\"><b>Els contes de l\u2019ordinador<\/b><\/span>&#8221; <\/strong>forma part de la col\u00b7lecci\u00f3 <b>&#8220;El Pirata Verd&#8221;<\/b>.<\/p>\n<p>&nbsp;<\/p>\n<p>Autora: <a href=\"https:\/\/www.edicionsdelpirata.cat\/maria-grau\/\" target=\"_blank\" rel=\"noopener noreferrer\">Maria Grau<\/a><\/p>\n<p>Il\u00b7lustrador: <a href=\"https:\/\/www.edicionsdelpirata.cat\/xavier-cusso\/\" target=\"_blank\" rel=\"noopener noreferrer\">Xavier Cuss\u00f3<\/a><\/p>\n","protected":false},"featured_media":96950,"template":"","meta":[],"product_brand":[],"product_cat":[2123,2130,2135,2170,2247],"product_tag":[608,3063,612,3118,613,941,959],"class_list":{"0":"post-96905","1":"product","2":"type-product","3":"status-publish","4":"has-post-thumbnail","6":"product_cat-tots-els-llibres","7":"product_cat-maria-grau-escriptors","8":"product_cat-xavier-cusso-grau","9":"product_cat-llibres-per-10-anys","10":"product_cat-el-pirata-verd","11":"product_tag-contes-10-anys","12":"product_tag-humor-ca","13":"product_tag-recull-de-contes","14":"product_tag-llibres-10-anys-ca","15":"product_tag-histories-curtes","16":"product_tag-llibre-contes","17":"product_tag-ordinadors","19":"first","20":"outofstock","21":"shipping-taxable","22":"purchasable","23":"product-type-simple"},"_links":{"self":[{"href":"https:\/\/www.editorialelpirata.com\/ca\/wp-json\/wp\/v2\/product\/96905","targetHints":{"allow":["GET"]}}],"collection":[{"href":"https:\/\/www.editorialelpirata.com\/ca\/wp-json\/wp\/v2\/product"}],"about":[{"href":"https:\/\/www.editorialelpirata.com\/ca\/wp-json\/wp\/v2\/types\/product"}],"wp:featuredmedia":[{"embeddable":true,"href":"https:\/\/www.editorialelpirata.com\/ca\/wp-json\/wp\/v2\/media\/96950"}],"wp:attachment":[{"href":"https:\/\/www.editorialelpirata.com\/ca\/wp-json\/wp\/v2\/media?parent=96905"}],"wp:term":[{"taxonomy":"product_brand","embeddable":true,"href":"https:\/\/www.editorialelpirata.com\/ca\/wp-json\/wp\/v2\/product_brand?post=96905"},{"taxonomy":"product_cat","embeddable":true,"href":"https:\/\/www.editorialelpirata.com\/ca\/wp-json\/wp\/v2\/product_cat?post=96905"},{"taxonomy":"product_tag","embeddable":true,"href":"https:\/\/www.editorialelpirata.com\/ca\/wp-json\/wp\/v2\/product_tag?post=96905"}],"curies":[{"name":"wp","href":"https:\/\/api.w.org\/{rel}","templated":true}]}}