{"id":96892,"date":"2024-09-19T15:26:31","date_gmt":"2024-09-19T15:26:31","guid":{"rendered":"https:\/\/www.editorialelpirata.com\/?post_type=product&#038;p=96892"},"modified":"2025-03-05T14:52:24","modified_gmt":"2025-03-05T14:52:24","slug":"els-habitants-de-la-bombolla","status":"publish","type":"product","link":"https:\/\/www.editorialelpirata.com\/ca\/Producte\/els-habitants-de-la-bombolla\/","title":{"rendered":"ELS HABITANTS DE LA BOMBOLLA"},"content":{"rendered":"<h1>\u00c9s possible que dins d&#8217;una bombolla de sab\u00f3 hi visquin uns \u00e9ssers fant\u00e0stics?<\/h1>\n<blockquote><p>&#8220;Per\u00f2, misteri, misteri, vet aqu\u00ed que una d\u2019aquelles bombolles de sab\u00f3 no va esclatar, sin\u00f3 que va seguir pujant, pujant, vers el cel blau. El Marc se la va mirar for\u00e7a estona, fins que la va perdre de vista.\u201d<\/p><\/blockquote>\n<p>La vida d\u2019en Marc i la Mati, la seva bessona -aix\u00ed com tamb\u00e9 la del t\u00edmid Abdul, la figaflor de la Clara i els pinxos Ton i \u00c0lex-, canvia radicalment a causa de la hist\u00f2ria dels habitants de la bombolla. Existeixen de deb\u00f2 en Groc, la Malva i en Rogenc o s\u00f3n nom\u00e9s fruit de la imaginaci\u00f3 del noi?<\/p>\n<p>&nbsp;<\/p>\n<hr \/>\n<h3><a href=\"https:\/\/drive.google.com\/file\/d\/1SfUrEjI1IsaB3GECEf3wzrC-U9N27dtU\/view?usp=sharing\" target=\"_blank\" rel=\"noopener noreferrer\">Descarrega\u2019t la proposta did\u00e1ctica gratu\u00efta sobre aquest llibre!<\/a><\/h3>\n","protected":false},"excerpt":{"rendered":"<h3>A partir de 10 anys<\/h3>\n<p><strong>&#8220;Els habitants de la bombolla&#8221; <\/strong>forma part de la col\u00b7lecci\u00f3 <b>&#8220;El Pirata Verd&#8221;<\/b>.<\/p>\n<p>&nbsp;<\/p>\n<p>Autora: <a href=\"https:\/\/www.edicionsdelpirata.cat\/montserrat-beltran-i-roca\/\" target=\"_blank\" rel=\"noopener noreferrer\">Montserrat Beltran<\/a><\/p>\n<p>Il\u00b7lustradora: <a href=\"https:\/\/www.edicionsdelpirata.cat\/anna-clariana\/\" target=\"_blank\" rel=\"noopener noreferrer\">Anna Clariana<\/a><\/p>\n","protected":false},"featured_media":96975,"template":"","meta":[],"product_brand":[],"product_cat":[2123,2126,2170,2247,2287],"product_tag":[443,460,470,611,951,374,427,439],"class_list":{"0":"post-96892","1":"product","2":"type-product","3":"status-publish","4":"has-post-thumbnail","6":"product_cat-tots-els-llibres","7":"product_cat-anna-clariana-illustradors","8":"product_cat-llibres-per-10-anys","9":"product_cat-el-pirata-verd","10":"product_cat-montserrat-beltran-i-roca","11":"product_tag-llibres-infantils","12":"product_tag-llibres-10-anys","13":"product_tag-llibres-fantasia","14":"product_tag-fantastic","15":"product_tag-magia","16":"product_tag-fantasia","17":"product_tag-llibres-nens","18":"product_tag-aventures","20":"first","21":"instock","22":"sale","23":"shipping-taxable","24":"purchasable","25":"product-type-simple"},"_links":{"self":[{"href":"https:\/\/www.editorialelpirata.com\/ca\/wp-json\/wp\/v2\/product\/96892","targetHints":{"allow":["GET"]}}],"collection":[{"href":"https:\/\/www.editorialelpirata.com\/ca\/wp-json\/wp\/v2\/product"}],"about":[{"href":"https:\/\/www.editorialelpirata.com\/ca\/wp-json\/wp\/v2\/types\/product"}],"wp:featuredmedia":[{"embeddable":true,"href":"https:\/\/www.editorialelpirata.com\/ca\/wp-json\/wp\/v2\/media\/96975"}],"wp:attachment":[{"href":"https:\/\/www.editorialelpirata.com\/ca\/wp-json\/wp\/v2\/media?parent=96892"}],"wp:term":[{"taxonomy":"product_brand","embeddable":true,"href":"https:\/\/www.editorialelpirata.com\/ca\/wp-json\/wp\/v2\/product_brand?post=96892"},{"taxonomy":"product_cat","embeddable":true,"href":"https:\/\/www.editorialelpirata.com\/ca\/wp-json\/wp\/v2\/product_cat?post=96892"},{"taxonomy":"product_tag","embeddable":true,"href":"https:\/\/www.editorialelpirata.com\/ca\/wp-json\/wp\/v2\/product_tag?post=96892"}],"curies":[{"name":"wp","href":"https:\/\/api.w.org\/{rel}","templated":true}]}}