{"id":96860,"date":"2024-09-19T15:26:07","date_gmt":"2024-09-19T15:26:07","guid":{"rendered":"https:\/\/www.editorialelpirata.com\/?post_type=product&#038;p=96860"},"modified":"2025-03-05T14:52:24","modified_gmt":"2025-03-05T14:52:24","slug":"el-pirata-bo-i-lilla-dels-imperfectes","status":"publish","type":"product","link":"https:\/\/www.editorialelpirata.com\/ca\/Producte\/el-pirata-bo-i-lilla-dels-imperfectes\/","title":{"rendered":"EL PIRATA BO I L&#8217;ILLA DELS IMPERFECTES"},"content":{"rendered":"<h1><strong>Tornen els personatges d\u2019<em>El pirata bo<\/em>! Amb nous amics i noves aventures!<\/strong><\/h1>\n<p>Per qu\u00e8 desapareixen els avis? Hi tenen res a veure el governador Malape\u00e7a i el capit\u00e0 Barbaverda?<\/p>\n<p>Una nova aventura de l\u2019Eric, el pirata\u00a0 bo, que juntament amb la seva amiga Martina, els seus pares, el capit\u00e0 Bocanegra i la Lola Matallops, en Nastrencat i el seu lloro i tota la tripulaci\u00f3 de l\u2019Estrella de Mar far\u00e0 cap a la incre\u00efble Illa dels Imperfectes.<\/p>\n<p>Una bona dosi d\u2019imaginaci\u00f3 i de valentia, una disfressa i l\u2019ajuda d\u2019una tortuga de mar l\u2019ajudaran a resoldre el problema.<\/p>\n<p>&nbsp;<\/p>\n<hr \/>\n<h3><a href=\"https:\/\/drive.google.com\/file\/d\/1Me7hCyA3BlE1eVAH5X4K-4fxVJoUJqDE\/view?usp=sharing\" target=\"_blank\" rel=\"noopener noreferrer\">Descarrega\u2019t la proposta did\u00e1ctica gratu\u00efta sobre aquest llibre!<\/a><\/h3>\n","protected":false},"excerpt":{"rendered":"<h3>Llibre 8 anys premiat a la Llan\u00e7a de Sant Jordi 2011<\/h3>\n<p><strong>&#8220;El pirata bo i l&#8217;illa dels Imperfectes&#8221;<\/strong> forma part de la col\u00b7lecci\u00f3 <b>&#8220;El Pirata Groc&#8221;<\/b> i \u00e9s la segona part del llibre<b> &#8220;<a href=\"https:\/\/www.edicionsdelpirata.cat\/producte\/pirata-bo-llibres-8-anys\/\" target=\"_blank\" rel=\"noopener noreferrer\">El pirata bo<\/a>&#8220;.<\/b><\/p>\n<p>&nbsp;<\/p>\n<p>Autor: <a href=\"https:\/\/www.edicionsdelpirata.cat\/joan-llongueras\/\" target=\"_blank\" rel=\"noopener noreferrer\">Joan Llongueras<\/a><\/p>\n<p>Il\u00b7lustrador: <a href=\"https:\/\/www.edicionsdelpirata.cat\/joan-puig-more\/\" target=\"_blank\" rel=\"noopener noreferrer\">Joan Puig Mor\u00e9<\/a><\/p>\n","protected":false},"featured_media":96873,"template":"","meta":[],"product_brand":[],"product_cat":[2228,2123,2133,2164,2198,2224],"product_tag":[441,443,465,602,914,439,440],"class_list":{"0":"post-96860","1":"product","2":"type-product","3":"status-publish","4":"has-post-thumbnail","6":"product_cat-el-pirata-bo","7":"product_cat-tots-els-llibres","8":"product_cat-joan-puig-more-illustradors","9":"product_cat-llibres-per-8-anys","10":"product_cat-el-pirata-groc","11":"product_cat-joan-boluda-llongueras","12":"product_tag-llibres-8-anys","13":"product_tag-llibres-infantils","14":"product_tag-llibres-aventures","15":"product_tag-llibres-pirates","16":"product_tag-pirates","17":"product_tag-aventures","18":"product_tag-contes-nens","20":"first","21":"instock","22":"shipping-taxable","23":"purchasable","24":"product-type-simple"},"_links":{"self":[{"href":"https:\/\/www.editorialelpirata.com\/ca\/wp-json\/wp\/v2\/product\/96860","targetHints":{"allow":["GET"]}}],"collection":[{"href":"https:\/\/www.editorialelpirata.com\/ca\/wp-json\/wp\/v2\/product"}],"about":[{"href":"https:\/\/www.editorialelpirata.com\/ca\/wp-json\/wp\/v2\/types\/product"}],"wp:featuredmedia":[{"embeddable":true,"href":"https:\/\/www.editorialelpirata.com\/ca\/wp-json\/wp\/v2\/media\/96873"}],"wp:attachment":[{"href":"https:\/\/www.editorialelpirata.com\/ca\/wp-json\/wp\/v2\/media?parent=96860"}],"wp:term":[{"taxonomy":"product_brand","embeddable":true,"href":"https:\/\/www.editorialelpirata.com\/ca\/wp-json\/wp\/v2\/product_brand?post=96860"},{"taxonomy":"product_cat","embeddable":true,"href":"https:\/\/www.editorialelpirata.com\/ca\/wp-json\/wp\/v2\/product_cat?post=96860"},{"taxonomy":"product_tag","embeddable":true,"href":"https:\/\/www.editorialelpirata.com\/ca\/wp-json\/wp\/v2\/product_tag?post=96860"}],"curies":[{"name":"wp","href":"https:\/\/api.w.org\/{rel}","templated":true}]}}