{"id":96847,"date":"2024-09-19T15:25:57","date_gmt":"2024-09-19T15:25:57","guid":{"rendered":"https:\/\/www.editorialelpirata.com\/?post_type=product&#038;p=96847"},"modified":"2026-02-06T11:05:03","modified_gmt":"2026-02-06T11:05:03","slug":"els-contes-del-llop","status":"publish","type":"product","link":"https:\/\/www.editorialelpirata.com\/ca\/Producte\/els-contes-del-llop\/","title":{"rendered":"ELS CONTES DEL LLOP"},"content":{"rendered":"<h1>Un llop molt peculiar us explicar\u00e0 una m\u00e0 de contes<\/h1>\n<blockquote><p>\u201cUna nit vam sentir una veu al pis de dalt que ens deia que qu\u00e8 passava, per qu\u00e8 f\u00e8iem tan soroll. I jo li vaig dir que no pod\u00edem dormir i que qui era. Ell em va contestar que era un llop.\u201d<\/p><\/blockquote>\n<p>Un llop amable, que quan no \u00e9s a la Lluna els explica contes d\u2019una princesa que no sabia tocar la guitarra, d\u2019una gent que se saludava fent pam i pipa i d\u2019una altra que es feia botifarra, d\u2019un poble on feien servir els embuts com a paraigua, d\u2019un lloc dominat per un dictador on la gent era tan petita que es podia posar dins d\u2019un didal&#8230;<\/p>\n<p>&nbsp;<\/p>\n<hr \/>\n<h3><a href=\"https:\/\/drive.google.com\/file\/d\/1yP3--NmflmQIOejAWU82awJxtZNheRqg\/view?usp=sharing\" target=\"_blank\" rel=\"noopener noreferrer\">Descarrega\u2019t la proposta did\u00e1ctica gratu\u00efta sobre aquest llibre!<\/a><\/h3>\n","protected":false},"excerpt":{"rendered":"<h3>A partir de 8 anys<\/h3>\n<p><strong>&#8220;Els contes del llop&#8221;<\/strong> forma part de la col\u00b7lecci\u00f3 <b>&#8220;El Pirata Groc&#8221;<\/b>.<\/p>\n<p>&nbsp;<\/p>\n<p>Autor: <a href=\"https:\/\/www.edicionsdelpirata.cat\/ramon-monton-i-lara\/\" target=\"_blank\" rel=\"noopener noreferrer\">Ramon Monton<\/a><\/p>\n<p>Il\u00b7lustrador: <a href=\"https:\/\/www.edicionsdelpirata.cat\/jose-maria-lavarello\/\" target=\"_blank\" rel=\"noopener noreferrer\">Jos\u00e9 Mar\u00eda Lavarello<\/a><\/p>\n","protected":false},"featured_media":96857,"template":"","meta":[],"product_brand":[],"product_cat":[2123,2164,2198,2213,2226],"product_tag":[598,427,441,447],"class_list":{"0":"post-96847","1":"product","2":"type-product","3":"status-publish","4":"has-post-thumbnail","6":"product_cat-tots-els-llibres","7":"product_cat-llibres-per-8-anys","8":"product_cat-el-pirata-groc","9":"product_cat-jose-maria-lavarello","10":"product_cat-ramon-monton-i-lara","11":"product_tag-contes-8-anys","12":"product_tag-llibres-nens","13":"product_tag-llibres-8-anys","14":"product_tag-llibres-de-contes","16":"first","17":"instock","18":"shipping-taxable","19":"purchasable","20":"product-type-simple"},"_links":{"self":[{"href":"https:\/\/www.editorialelpirata.com\/ca\/wp-json\/wp\/v2\/product\/96847","targetHints":{"allow":["GET"]}}],"collection":[{"href":"https:\/\/www.editorialelpirata.com\/ca\/wp-json\/wp\/v2\/product"}],"about":[{"href":"https:\/\/www.editorialelpirata.com\/ca\/wp-json\/wp\/v2\/types\/product"}],"wp:featuredmedia":[{"embeddable":true,"href":"https:\/\/www.editorialelpirata.com\/ca\/wp-json\/wp\/v2\/media\/96857"}],"wp:attachment":[{"href":"https:\/\/www.editorialelpirata.com\/ca\/wp-json\/wp\/v2\/media?parent=96847"}],"wp:term":[{"taxonomy":"product_brand","embeddable":true,"href":"https:\/\/www.editorialelpirata.com\/ca\/wp-json\/wp\/v2\/product_brand?post=96847"},{"taxonomy":"product_cat","embeddable":true,"href":"https:\/\/www.editorialelpirata.com\/ca\/wp-json\/wp\/v2\/product_cat?post=96847"},{"taxonomy":"product_tag","embeddable":true,"href":"https:\/\/www.editorialelpirata.com\/ca\/wp-json\/wp\/v2\/product_tag?post=96847"}],"curies":[{"name":"wp","href":"https:\/\/api.w.org\/{rel}","templated":true}]}}