{"id":96833,"date":"2024-09-19T15:25:45","date_gmt":"2024-09-19T15:25:45","guid":{"rendered":"https:\/\/www.editorialelpirata.com\/?post_type=product&#038;p=96833"},"modified":"2025-03-05T14:52:15","modified_gmt":"2025-03-05T14:52:15","slug":"sobre-el-telo-sabates-en-accio","status":"publish","type":"product","link":"https:\/\/www.editorialelpirata.com\/ca\/Producte\/sobre-el-telo-sabates-en-accio\/","title":{"rendered":"S&#8217;OBRE EL TEL\u00d3: SABATES EN ACCI\u00d3"},"content":{"rendered":"<h1>Una original forma de fer poesia<\/h1>\n<p>Botes d\u2019aigua que mullen els peus, xancletes que no paren quietes, sabates amb talons de vertigen, escarpins submarins, espardenyes que s\u2019escapen perqu\u00e8 volen ballar&#8230;<\/p>\n<p>Tot un m\u00f3n de divertits poemes que tenen com a protagonistes els m\u00e9s diversos tipus de cal\u00e7at. Hist\u00f2ries pensades amb els peus que fan un rep\u00e0s a les aventures i desventures d\u2019una colla de sabates amb un toc d\u2019ironia i humor.<\/p>\n","protected":false},"excerpt":{"rendered":"<h3>A partir de 8 anys<\/h3>\n<p><strong>&#8220;S&#8217;obre el tel\u00f3: sabates en acci\u00f3&#8221;<\/strong> forma part de la col\u00b7lecci\u00f3 <b>&#8220;El Pirata Groc&#8221;<\/b>.<\/p>\n<p>&nbsp;<\/p>\n<p>Autora: <a href=\"https:\/\/www.edicionsdelpirata.cat\/nuria-alberti\/\" target=\"_blank\" rel=\"noopener noreferrer\">N\u00faria Albert\u00ed<\/a><\/p>\n<p>Il\u00b7lustradora: <a href=\"https:\/\/www.edicionsdelpirata.cat\/cristina-losantos\/\" target=\"_blank\" rel=\"noopener noreferrer\">Cristina Losantos<\/a><\/p>\n","protected":false},"featured_media":96870,"template":"","meta":[],"product_brand":[],"product_cat":[2236,2123,2164,2198,2211],"product_tag":[440,441,598,605,946,947,324],"class_list":{"0":"post-96833","1":"product","2":"type-product","3":"status-publish","4":"has-post-thumbnail","6":"product_cat-nuria-alberti","7":"product_cat-tots-els-llibres","8":"product_cat-llibres-per-8-anys","9":"product_cat-el-pirata-groc","10":"product_cat-cristina-losantos","11":"product_tag-contes-nens","12":"product_tag-llibres-8-anys","13":"product_tag-contes-8-anys","14":"product_tag-poesia","15":"product_tag-poemes-infantils","16":"product_tag-sabates","17":"product_tag-contes-divertits","19":"first","20":"instock","21":"shipping-taxable","22":"purchasable","23":"product-type-simple"},"_links":{"self":[{"href":"https:\/\/www.editorialelpirata.com\/ca\/wp-json\/wp\/v2\/product\/96833","targetHints":{"allow":["GET"]}}],"collection":[{"href":"https:\/\/www.editorialelpirata.com\/ca\/wp-json\/wp\/v2\/product"}],"about":[{"href":"https:\/\/www.editorialelpirata.com\/ca\/wp-json\/wp\/v2\/types\/product"}],"wp:featuredmedia":[{"embeddable":true,"href":"https:\/\/www.editorialelpirata.com\/ca\/wp-json\/wp\/v2\/media\/96870"}],"wp:attachment":[{"href":"https:\/\/www.editorialelpirata.com\/ca\/wp-json\/wp\/v2\/media?parent=96833"}],"wp:term":[{"taxonomy":"product_brand","embeddable":true,"href":"https:\/\/www.editorialelpirata.com\/ca\/wp-json\/wp\/v2\/product_brand?post=96833"},{"taxonomy":"product_cat","embeddable":true,"href":"https:\/\/www.editorialelpirata.com\/ca\/wp-json\/wp\/v2\/product_cat?post=96833"},{"taxonomy":"product_tag","embeddable":true,"href":"https:\/\/www.editorialelpirata.com\/ca\/wp-json\/wp\/v2\/product_tag?post=96833"}],"curies":[{"name":"wp","href":"https:\/\/api.w.org\/{rel}","templated":true}]}}