{"id":96827,"date":"2024-09-19T15:25:40","date_gmt":"2024-09-19T15:25:40","guid":{"rendered":"https:\/\/www.editorialelpirata.com\/?post_type=product&#038;p=96827"},"modified":"2025-03-05T14:52:15","modified_gmt":"2025-03-05T14:52:15","slug":"rebigotis","status":"publish","type":"product","link":"https:\/\/www.editorialelpirata.com\/ca\/Producte\/rebigotis\/","title":{"rendered":"REBIGOTIS"},"content":{"rendered":"<h1><strong>La hist\u00f2ria d\u2019un ratol\u00ed poruc i d\u2019una noieta molt especial<\/strong><\/h1>\n<blockquote><p>Aquella tarda, la fam\u00edlia de l\u2019Antol\u00ed Ratonell s\u2019agitava entusiasmada al voltant d\u2019una gran fondue.<\/p>\n<p>Mentrestant, a l\u2019altra banda de la casa, La Minerva, una nena d\u2019uns vuit anys, llargueruda i prima i sense les dents del davant, cridava:<\/p>\n<p>\u2013He dit que \u00e9s una porqueria de sopa i us ho torno a repetir. O em doneu una altra cosa o no sopo. Vosaltres mateixos\u2013. I mirava el seu pare amb cara de prunes agres.<\/p><\/blockquote>\n<p>El pare d\u2019una nena a qui se li ha mort la mare, al cap d\u2019un temps, s\u2019ajunta amb una nova parella. La filla no la vol veure ni en pintura fins que s\u2019adona que no s\u2019ha de tancar en banda per qu\u00e8 aix\u00ed nom\u00e9s fa que fer-se infeli\u00e7 a ella i a tothom qui l\u2019envolta.<\/p>\n<p>De manera sorprenent, la vida de la nena i la d&#8217;un ratol\u00ed entremaliat s\u2019encreuaran i donaran lloc a una hist\u00f2ria incre\u00efble i divertida!<\/p>\n<hr \/>\n<p>Per a m\u00e9s informaci\u00f3 sobre &#8220;<strong>Rebigotis<\/strong>&#8221;\u00a0visiteu el seg\u00fcent <span style=\"color: #3366ff;\"><a style=\"color: #3366ff;\" href=\"http:\/\/jmtibau.blogspot.com.es\/2012\/12\/rebigotis-destrella-ramon.html\" target=\"_blank\" rel=\"noopener noreferrer\">enlla\u00e7<\/a><\/span>:<\/p>\n<hr \/>\n<p>&nbsp;<\/p>\n<p>&nbsp;<\/p>\n","protected":false},"excerpt":{"rendered":"<h3>A partir de 8 anys<\/h3>\n<p><strong>&#8220;Rebigotis&#8221;<\/strong> forma part de la col\u00b7lecci\u00f3 <b>&#8220;El Pirata Groc&#8221;<\/b>.<\/p>\n<p>&nbsp;<\/p>\n<p>Autora: <a href=\"https:\/\/www.edicionsdelpirata.cat\/estrella-ramon\/\" target=\"_blank\" rel=\"noopener noreferrer\">Estrella Ramon<\/a><\/p>\n<p>Il\u00b7lustradora: <a href=\"https:\/\/www.edicionsdelpirata.cat\/marta-montana\/\" target=\"_blank\" rel=\"noopener noreferrer\">Marta Monta\u00f1\u00e1<\/a><\/p>\n","protected":false},"featured_media":96883,"template":"","meta":[],"product_brand":[],"product_cat":[2123,2148,2164,2198,2243],"product_tag":[925,949,427,440,441,449,500,698],"class_list":{"0":"post-96827","1":"product","2":"type-product","3":"status-publish","4":"has-post-thumbnail","6":"product_cat-tots-els-llibres","7":"product_cat-estrella-ramon","8":"product_cat-llibres-per-8-anys","9":"product_cat-el-pirata-groc","10":"product_cat-marta-montana","11":"product_tag-8-anys","12":"product_tag-ratolins","13":"product_tag-llibres-nens","14":"product_tag-contes-nens","15":"product_tag-llibres-8-anys","16":"product_tag-contes-animals","17":"product_tag-novela-infantil","18":"product_tag-animals","20":"first","21":"instock","22":"sale","23":"shipping-taxable","24":"purchasable","25":"product-type-simple"},"_links":{"self":[{"href":"https:\/\/www.editorialelpirata.com\/ca\/wp-json\/wp\/v2\/product\/96827","targetHints":{"allow":["GET"]}}],"collection":[{"href":"https:\/\/www.editorialelpirata.com\/ca\/wp-json\/wp\/v2\/product"}],"about":[{"href":"https:\/\/www.editorialelpirata.com\/ca\/wp-json\/wp\/v2\/types\/product"}],"wp:featuredmedia":[{"embeddable":true,"href":"https:\/\/www.editorialelpirata.com\/ca\/wp-json\/wp\/v2\/media\/96883"}],"wp:attachment":[{"href":"https:\/\/www.editorialelpirata.com\/ca\/wp-json\/wp\/v2\/media?parent=96827"}],"wp:term":[{"taxonomy":"product_brand","embeddable":true,"href":"https:\/\/www.editorialelpirata.com\/ca\/wp-json\/wp\/v2\/product_brand?post=96827"},{"taxonomy":"product_cat","embeddable":true,"href":"https:\/\/www.editorialelpirata.com\/ca\/wp-json\/wp\/v2\/product_cat?post=96827"},{"taxonomy":"product_tag","embeddable":true,"href":"https:\/\/www.editorialelpirata.com\/ca\/wp-json\/wp\/v2\/product_tag?post=96827"}],"curies":[{"name":"wp","href":"https:\/\/api.w.org\/{rel}","templated":true}]}}