{"id":96813,"date":"2024-09-19T15:25:33","date_gmt":"2024-09-19T15:25:33","guid":{"rendered":"https:\/\/www.editorialelpirata.com\/?post_type=product&#038;p=96813"},"modified":"2025-03-05T14:52:06","modified_gmt":"2025-03-05T14:52:06","slug":"contes-de-marta-i-arnau","status":"publish","type":"product","link":"https:\/\/www.editorialelpirata.com\/ca\/Producte\/contes-de-marta-i-arnau\/","title":{"rendered":"CONTES DE MARTA I ARNAU"},"content":{"rendered":"<h1>Tres contes en un de sol<\/h1>\n<p>&nbsp;<\/p>\n<blockquote><p>\u201cUna vegada, aprofitant la bufada del vent de Llevant, la Sra. Lluna va visitar la Marta i ambdues es van enlairar per l&#8217;espai&#8230; Aquest no seria, per\u00f2, l\u2019\u00fanic fet important que tindria lloc aquella nit.<\/p>\n<p>La tranquil\u00b7litat de la noieta es va acabar amb l&#8217;arribada del seu germ\u00e0 Arnau, un nen molt entremaliat i alegre. A poc a poc, per\u00f2 l&#8217;Arnau va perdre la rialla i es va convertir en un infant trist, fins que, amb el seu pare, van viatjar cap a un antic monestir on els monjos recollien les rialles perdudes&#8230;\u201d<\/p><\/blockquote>\n<p>&nbsp;<\/p>\n<hr \/>\n<h3><a href=\"https:\/\/drive.google.com\/file\/d\/1gmQWCdGhWOkf9hO_-KDzIE9mK5UgAjzX\/view?usp=sharing\" target=\"_blank\" rel=\"noopener noreferrer\">Descarrega\u2019t la proposta did\u00e1ctica gratu\u00efta sobre aquest llibre!<\/a><\/h3>\n","protected":false},"excerpt":{"rendered":"<h3>A partir de 8 anys<\/h3>\n<p><strong>&#8220;Contes de Marta i Arnau&#8221;<\/strong> forma part de la col\u00b7lecci\u00f3 <b>&#8220;El Pirata Groc&#8221;<\/b>. Tres contes reunits en un llibre dif\u00edcil de trobar actualment i que recull amb encert la sensibilitat tem\u00e0tica i ling\u00fc\u00edstica de la tradici\u00f3 cl\u00e0ssica. Amb unes acurades il\u00b7lustracions fetes a m\u00e0 per Enric Larreula.<\/p>\n<p>&nbsp;<\/p>\n<p>Autora: <a href=\"https:\/\/www.edicionsdelpirata.cat\/remei-franch-i-catala\/\" target=\"_blank\" rel=\"noopener noreferrer\">Remei Franch<\/a><\/p>\n<p>Il\u00b7lustrador: <a href=\"https:\/\/www.edicionsdelpirata.cat\/enric-larreula\/\" target=\"_blank\" rel=\"noopener noreferrer\">Enric Larreula<\/a><\/p>\n","protected":false},"featured_media":96848,"template":"","meta":[],"product_brand":[],"product_cat":[2123,2164,2198,2199,2220],"product_tag":[941,427,429,440,441,597],"class_list":{"0":"post-96813","1":"product","2":"type-product","3":"status-publish","4":"has-post-thumbnail","6":"product_cat-tots-els-llibres","7":"product_cat-llibres-per-8-anys","8":"product_cat-el-pirata-groc","9":"product_cat-enric-larreula","10":"product_cat-remei-franch-i-catala","11":"product_tag-llibre-contes","12":"product_tag-llibres-nens","13":"product_tag-contes-infantils","14":"product_tag-contes-nens","15":"product_tag-llibres-8-anys","16":"product_tag-enric-larreula","18":"first","19":"instock","20":"sale","21":"shipping-taxable","22":"purchasable","23":"product-type-simple"},"_links":{"self":[{"href":"https:\/\/www.editorialelpirata.com\/ca\/wp-json\/wp\/v2\/product\/96813","targetHints":{"allow":["GET"]}}],"collection":[{"href":"https:\/\/www.editorialelpirata.com\/ca\/wp-json\/wp\/v2\/product"}],"about":[{"href":"https:\/\/www.editorialelpirata.com\/ca\/wp-json\/wp\/v2\/types\/product"}],"wp:featuredmedia":[{"embeddable":true,"href":"https:\/\/www.editorialelpirata.com\/ca\/wp-json\/wp\/v2\/media\/96848"}],"wp:attachment":[{"href":"https:\/\/www.editorialelpirata.com\/ca\/wp-json\/wp\/v2\/media?parent=96813"}],"wp:term":[{"taxonomy":"product_brand","embeddable":true,"href":"https:\/\/www.editorialelpirata.com\/ca\/wp-json\/wp\/v2\/product_brand?post=96813"},{"taxonomy":"product_cat","embeddable":true,"href":"https:\/\/www.editorialelpirata.com\/ca\/wp-json\/wp\/v2\/product_cat?post=96813"},{"taxonomy":"product_tag","embeddable":true,"href":"https:\/\/www.editorialelpirata.com\/ca\/wp-json\/wp\/v2\/product_tag?post=96813"}],"curies":[{"name":"wp","href":"https:\/\/api.w.org\/{rel}","templated":true}]}}