{"id":96795,"date":"2024-09-19T15:25:20","date_gmt":"2024-09-19T15:25:20","guid":{"rendered":"https:\/\/www.editorialelpirata.com\/?post_type=product&#038;p=96795"},"modified":"2025-03-05T14:51:57","modified_gmt":"2025-03-05T14:51:57","slug":"el-rei-panxagrossa","status":"publish","type":"product","link":"https:\/\/www.editorialelpirata.com\/ca\/Producte\/el-rei-panxagrossa\/","title":{"rendered":"EL REI PANXAGROSSA"},"content":{"rendered":"<h1>Una hist\u00f2ria divertid\u00edssima amb un munt d&#8217;animals<\/h1>\n<p>&nbsp;<\/p>\n<blockquote><p>\u2014Muuuuuu! \u2014va mugir el gall Mart\u00ed, enfilat a la teulada.<\/p>\n<p>Tan bon punt es va sentir la seva pr\u00f2pia veu, va deixar de cantar, estranyat. Havia mugit? Ell? Un gall? No podia pas ser. Tothom sap que els galls canten, i no pas que mugeixen! Segurament s&#8217;ho havia figurat. El millor seria tornar a comen\u00e7ar.<\/p>\n<p>Aix\u00ed que agafant aire pel bec, es va inflar els pulmons i va tornar-hi.<\/p>\n<p>\u2014Muuuuuu!<\/p>\n<p>Aix\u00f2 no podia pas ser! Per\u00f2 que caram passa?<\/p><\/blockquote>\n<p>Una hist\u00f2ria hilarant, divertida i esbojarrada. Un fet inaudit fa que els habitants de tot el regne de Boscpetit es despertin un bon dia amb les veus canviades. Sort en tenen de comptar amb el\u00a0rei Panxagrossa!, que s&#8217;endinsar\u00e0 al bosc encantat, utilitzant les millors t\u00e8cniques d&#8217;orientaci\u00f3, per\u00a0poder retornar les veus a tots els habitants del regne.<\/p>\n<p>&nbsp;<\/p>\n<hr \/>\n<h3><a href=\"https:\/\/drive.google.com\/file\/d\/1xAsLR68As772MRAuniPFaZahV4N9Xch4\/view?usp=sharing\" target=\"_blank\" rel=\"noopener noreferrer\">Descarrega\u2019t la proposta did\u00e1ctica gratu\u00efta sobre aquest llibre!<\/a><\/h3>\n","protected":false},"excerpt":{"rendered":"<h3>A partir de 8 anys<\/h3>\n<p><strong>&#8220;El rei Panxagrossa&#8221;<\/strong> forma part de la col\u00b7lecci\u00f3 <b>&#8220;El Pirata Groc&#8221;<\/b>.<\/p>\n<p>&nbsp;<\/p>\n<p>Autor: <a href=\"https:\/\/www.edicionsdelpirata.cat\/joan-llongueras\/\" target=\"_blank\" rel=\"noopener noreferrer\">Joan Llongueras<\/a><\/p>\n<p>Il\u00b7lustrador: <a href=\"https:\/\/www.edicionsdelpirata.cat\/jordi-viladoms-i-dieste\/\" target=\"_blank\" rel=\"noopener noreferrer\">Jordi Viladoms<\/a><\/p>\n","protected":false},"featured_media":96854,"template":"","meta":[],"product_brand":[],"product_cat":[2164,2185,2198,2224,2123],"product_tag":[374,427,429,443,598,611,925],"class_list":{"0":"post-96795","1":"product","2":"type-product","3":"status-publish","4":"has-post-thumbnail","6":"product_cat-llibres-per-8-anys","7":"product_cat-jordi-viladoms-i-dieste","8":"product_cat-el-pirata-groc","9":"product_cat-joan-boluda-llongueras","10":"product_cat-tots-els-llibres","11":"product_tag-fantasia","12":"product_tag-llibres-nens","13":"product_tag-contes-infantils","14":"product_tag-llibres-infantils","15":"product_tag-contes-8-anys","16":"product_tag-fantastic","17":"product_tag-8-anys","19":"first","20":"instock","21":"shipping-taxable","22":"purchasable","23":"product-type-simple"},"_links":{"self":[{"href":"https:\/\/www.editorialelpirata.com\/ca\/wp-json\/wp\/v2\/product\/96795","targetHints":{"allow":["GET"]}}],"collection":[{"href":"https:\/\/www.editorialelpirata.com\/ca\/wp-json\/wp\/v2\/product"}],"about":[{"href":"https:\/\/www.editorialelpirata.com\/ca\/wp-json\/wp\/v2\/types\/product"}],"wp:featuredmedia":[{"embeddable":true,"href":"https:\/\/www.editorialelpirata.com\/ca\/wp-json\/wp\/v2\/media\/96854"}],"wp:attachment":[{"href":"https:\/\/www.editorialelpirata.com\/ca\/wp-json\/wp\/v2\/media?parent=96795"}],"wp:term":[{"taxonomy":"product_brand","embeddable":true,"href":"https:\/\/www.editorialelpirata.com\/ca\/wp-json\/wp\/v2\/product_brand?post=96795"},{"taxonomy":"product_cat","embeddable":true,"href":"https:\/\/www.editorialelpirata.com\/ca\/wp-json\/wp\/v2\/product_cat?post=96795"},{"taxonomy":"product_tag","embeddable":true,"href":"https:\/\/www.editorialelpirata.com\/ca\/wp-json\/wp\/v2\/product_tag?post=96795"}],"curies":[{"name":"wp","href":"https:\/\/api.w.org\/{rel}","templated":true}]}}