{"id":96775,"date":"2024-09-19T15:25:04","date_gmt":"2024-09-19T15:25:04","guid":{"rendered":"https:\/\/www.editorialelpirata.com\/?post_type=product&#038;p=96775"},"modified":"2025-03-05T14:51:48","modified_gmt":"2025-03-05T14:51:48","slug":"lhipopotam-rosa","status":"publish","type":"product","link":"https:\/\/www.editorialelpirata.com\/ca\/Producte\/lhipopotam-rosa\/","title":{"rendered":"L&#8217;HIPOP\u00d2TAM ROSA"},"content":{"rendered":"<h1>El Comissari Llampec: r\u00e0pid com el seu nom!<\/h1>\n<p>El comissari Isidor Llampec s\u2019ocupa d\u2019un cas de falsificaci\u00f3 de bitllets en qu\u00e8 t\u00e9 un paper important un hipop\u00f2tam de peluix, i tamb\u00e9, mitjan\u00e7ant uns ratolins, esguerra els plans de dos lladregots de bancs. A m\u00e9s, atrapa uns lladres de caf\u00e8, descobreix un malfactor que no ha pres gaire el sol, busca un perill\u00f3s criminal, est\u00e0 conven\u00e7ut que no li agraden els animals, que \u00e9s al\u00b7l\u00e8rgic a les flors, que no sap llegir, que s\u2019ha deixat el paraigua al tren i que no porta bigoti.Com de costum, per\u00f2, en Llampec resol tots els casos.<\/p>\n<p><strong>Vols saber si has trobat la pista correcta? Nom\u00e9s cal que miris amb atenci\u00f3 dins la lupa que hi ha al final de cada hist\u00f2ria!<\/strong><\/p>\n<p><strong>\u201cL&#8217;hipop\u00f2tam rosa\u201d<\/strong>\u00a0\u00e9s un dels llibres de la coneguda s\u00e8rie\u00a0<strong>\u201cComissari Llampec\u201d<\/strong>. Cada un dels llibres de la col\u00b7lecci\u00f3 cont\u00e9 varis casos del Comissari Llampec. Al final de cada un dels casos, es proposa resoldre el cas a trav\u00e9s d&#8217;una pregunta. La resposta es troba dins d&#8217;una lupa, per\u00f2 amb les lletres al rev\u00e9s! Que sabeu com ho podeu fer per tal de veure-les del dret?<\/p>\n<p><iframe title=\"Llibres de misteri per a nens: COMISSARI LLAMPEC - Com funciona?\" width=\"840\" height=\"473\" src=\"https:\/\/www.youtube.com\/embed\/qk41u0bMvo4?feature=oembed&#038;width=840&#038;height=1000&#038;discover=1\" frameborder=\"0\" allow=\"accelerometer; autoplay; clipboard-write; encrypted-media; gyroscope; picture-in-picture; web-share\" referrerpolicy=\"strict-origin-when-cross-origin\" allowfullscreen><\/iframe><\/p>\n","protected":false},"excerpt":{"rendered":"<h3>Converteix-te en el millor detectiu del m\u00f3n!<\/h3>\n<p>Cada cap\u00edtol \u00e9s<strong> un cas diferent <\/strong>del Comissari Llampec. Al final de tots els casos,<b> una pregunta et permetr\u00e0 esbrinar si tu tamb\u00e9 ets capa\u00e7 de resoldre&#8217;ls.<\/b><\/p>\n<p>&nbsp;<\/p>\n<p>Autora: <a href=\"https:\/\/www.edicionsdelpirata.cat\/ursel-scheffler\/\" target=\"_blank\" rel=\"noopener noreferrer\">Ursel Scheffler<\/a><\/p>\n<p>Il\u00b7lustrador: <a href=\"https:\/\/www.edicionsdelpirata.cat\/hannes-gerber\/\" target=\"_blank\" rel=\"noopener noreferrer\">Hannes Gerber<\/a><\/p>\n","protected":false},"featured_media":96776,"template":"","meta":[],"product_brand":[],"product_cat":[2161,2162,2163,2164,2165,2123],"product_tag":[443,595,640,925,2166,926,927,932],"class_list":{"0":"post-96775","1":"product","2":"type-product","3":"status-publish","4":"has-post-thumbnail","6":"product_cat-comissari-llampec-8-anys","7":"product_cat-comissari-llampec-tots-els-titols","8":"product_cat-hannes-gerber-illustradors","9":"product_cat-llibres-per-8-anys","10":"product_cat-ursel-scheffler-escriptors","11":"product_cat-tots-els-llibres","12":"product_tag-llibres-infantils","13":"product_tag-llibres-detectius-nens","14":"product_tag-policiac","15":"product_tag-8-anys","16":"product_tag-comissari-llampec","17":"product_tag-detectius","18":"product_tag-misteri","19":"product_tag-nens","21":"first","22":"instock","23":"shipping-taxable","24":"purchasable","25":"product-type-simple"},"_links":{"self":[{"href":"https:\/\/www.editorialelpirata.com\/ca\/wp-json\/wp\/v2\/product\/96775","targetHints":{"allow":["GET"]}}],"collection":[{"href":"https:\/\/www.editorialelpirata.com\/ca\/wp-json\/wp\/v2\/product"}],"about":[{"href":"https:\/\/www.editorialelpirata.com\/ca\/wp-json\/wp\/v2\/types\/product"}],"wp:featuredmedia":[{"embeddable":true,"href":"https:\/\/www.editorialelpirata.com\/ca\/wp-json\/wp\/v2\/media\/96776"}],"wp:attachment":[{"href":"https:\/\/www.editorialelpirata.com\/ca\/wp-json\/wp\/v2\/media?parent=96775"}],"wp:term":[{"taxonomy":"product_brand","embeddable":true,"href":"https:\/\/www.editorialelpirata.com\/ca\/wp-json\/wp\/v2\/product_brand?post=96775"},{"taxonomy":"product_cat","embeddable":true,"href":"https:\/\/www.editorialelpirata.com\/ca\/wp-json\/wp\/v2\/product_cat?post=96775"},{"taxonomy":"product_tag","embeddable":true,"href":"https:\/\/www.editorialelpirata.com\/ca\/wp-json\/wp\/v2\/product_tag?post=96775"}],"curies":[{"name":"wp","href":"https:\/\/api.w.org\/{rel}","templated":true}]}}