{"id":96749,"date":"2024-09-19T15:24:44","date_gmt":"2024-09-19T15:24:44","guid":{"rendered":"https:\/\/www.editorialelpirata.com\/?post_type=product&#038;p=96749"},"modified":"2025-06-13T10:45:14","modified_gmt":"2025-06-13T10:45:14","slug":"el-cas-cobra","status":"publish","type":"product","link":"https:\/\/www.editorialelpirata.com\/ca\/Producte\/el-cas-cobra\/","title":{"rendered":"EL CAS COBRA"},"content":{"rendered":"<h1>El Comissari Llampec: r\u00e0pid com el seu nom!<\/h1>\n<p>Quan l\u2019Isidor Llampec obre la seva maleta a Casablanca, la torna a tancar de seguida, horroritzat: en comptes de la seva roba interior, hi ha una cobra viva! Per\u00f2 els traficants d\u2019armes no aconseguiran desempallegar-se de l\u2019astut comissari que, en aquest volum, persegueix una banda de g\u00e0ngsters pel desert, es troba el fantasma d\u2019un eremita i det\u00e9 un assass\u00ed de gossos i un venedor d\u2019antiguitats massa espavilat. Per la seva banda, Sonja Sandmann i Fritz Pommes hauran de camuflar-se com a enterramorts i jardinera d\u2019un cementiri&#8230;<\/p>\n<p><strong>Vols saber si has trobat la pista correcta? Nom\u00e9s cal que miris amb atenci\u00f3 dins la lupa que hi ha al final de cada hist\u00f2ria!<\/strong><\/p>\n<p><strong>&#8220;El cas Cobra&#8221;<\/strong> \u00e9s un dels llibres de la coneguda s\u00e8rie <strong>&#8220;Comissari Llampec&#8221;<\/strong>. Cada un dels llibres de la col\u00b7lecci\u00f3 cont\u00e9 varis casos del Comissari Llampec. Al final de cada un dels casos, es proposa resoldre el cas a trav\u00e9s d&#8217;una pregunta. La resposta es troba dins d&#8217;una lupa, per\u00f2 amb les lletres al rev\u00e9s! Que sabeu com ho podeu fer per tal de veure-les del dret?<\/p>\n<p><iframe title=\"Llibres de misteri per a nens: COMISSARI LLAMPEC - Com funciona?\" width=\"840\" height=\"473\" src=\"https:\/\/www.youtube.com\/embed\/qk41u0bMvo4?feature=oembed&#038;width=840&#038;height=1000&#038;discover=1\" frameborder=\"0\" allow=\"accelerometer; autoplay; clipboard-write; encrypted-media; gyroscope; picture-in-picture; web-share\" referrerpolicy=\"strict-origin-when-cross-origin\" allowfullscreen><\/iframe><\/p>\n","protected":false},"excerpt":{"rendered":"<h3>Converteix-te en el millor detectiu del m\u00f3n!<\/h3>\n<p>Cada cap\u00edtol \u00e9s<strong> un cas diferent <\/strong>del Comissari Llampec. Al final de tots els casos,<b> una pregunta et permetr\u00e0 esbrinar si tu tamb\u00e9 ets capa\u00e7 de resoldre&#8217;ls.<\/b><\/p>\n<p>En castell\u00e0 \u00e9s en tapa dura.<\/p>\n<p>Autora: <a href=\"https:\/\/www.edicionsdelpirata.cat\/ursel-scheffler\/\" target=\"_blank\" rel=\"noopener noreferrer\">Ursel Scheffler<\/a><\/p>\n<p>Il\u00b7lustrador: <a href=\"https:\/\/www.edicionsdelpirata.cat\/hannes-gerber\/\" target=\"_blank\" rel=\"noopener noreferrer\">Hannes Gerber<\/a><\/p>\n","protected":false},"featured_media":96756,"template":"","meta":[],"product_brand":[],"product_cat":[2123,2162,2163,2165,2169,2170],"product_tag":[2166,595,926,927,931,933,3529],"class_list":{"0":"post-96749","1":"product","2":"type-product","3":"status-publish","4":"has-post-thumbnail","6":"product_cat-tots-els-llibres","7":"product_cat-comissari-llampec-tots-els-titols","8":"product_cat-hannes-gerber-illustradors","9":"product_cat-ursel-scheffler-escriptors","10":"product_cat-comissari-llampec-10-anys","11":"product_cat-llibres-per-10-anys","12":"product_tag-comissari-llampec","13":"product_tag-llibres-detectius-nens","14":"product_tag-detectius","15":"product_tag-misteri","16":"product_tag-investigacio","17":"product_tag-policiacs","18":"product_tag-10-anys-ca","20":"first","21":"instock","22":"featured","23":"shipping-taxable","24":"purchasable","25":"product-type-variable"},"_links":{"self":[{"href":"https:\/\/www.editorialelpirata.com\/ca\/wp-json\/wp\/v2\/product\/96749","targetHints":{"allow":["GET"]}}],"collection":[{"href":"https:\/\/www.editorialelpirata.com\/ca\/wp-json\/wp\/v2\/product"}],"about":[{"href":"https:\/\/www.editorialelpirata.com\/ca\/wp-json\/wp\/v2\/types\/product"}],"wp:featuredmedia":[{"embeddable":true,"href":"https:\/\/www.editorialelpirata.com\/ca\/wp-json\/wp\/v2\/media\/96756"}],"wp:attachment":[{"href":"https:\/\/www.editorialelpirata.com\/ca\/wp-json\/wp\/v2\/media?parent=96749"}],"wp:term":[{"taxonomy":"product_brand","embeddable":true,"href":"https:\/\/www.editorialelpirata.com\/ca\/wp-json\/wp\/v2\/product_brand?post=96749"},{"taxonomy":"product_cat","embeddable":true,"href":"https:\/\/www.editorialelpirata.com\/ca\/wp-json\/wp\/v2\/product_cat?post=96749"},{"taxonomy":"product_tag","embeddable":true,"href":"https:\/\/www.editorialelpirata.com\/ca\/wp-json\/wp\/v2\/product_tag?post=96749"}],"curies":[{"name":"wp","href":"https:\/\/api.w.org\/{rel}","templated":true}]}}