{"id":96740,"date":"2024-09-19T15:24:38","date_gmt":"2024-09-19T15:24:38","guid":{"rendered":"https:\/\/www.editorialelpirata.com\/?post_type=product&#038;p=96740"},"modified":"2025-03-05T14:51:48","modified_gmt":"2025-03-05T14:51:48","slug":"el-cas-de-la-gata-blanca","status":"publish","type":"product","link":"https:\/\/www.editorialelpirata.com\/ca\/Producte\/el-cas-de-la-gata-blanca\/","title":{"rendered":"EL CAS DE LA GATA BLANCA"},"content":{"rendered":"<h1>El Comissari Llampec: r\u00e0pid com el seu nom!<\/h1>\n<p>Pot haver-hi un robatori sense lladre? O potser \u00e9s que la vident, madame Schuschu, ha vist m\u00e9s coses del que diu? I quin paper hi ha tingut la gata blanca? D&#8217;altra banda, com \u00e9s possible que tant el gat persa com la pantera voladora tinguin nom\u00e9s dues potes? I qui el pot haver robat, el rellotge daurat del joier Tickert?<br \/>\nAquest cop, a m\u00e9s, excepcionalment, el comissari Simili de Par\u00eds aconsegueix resoldre el cas del sastre xin\u00e8s abans que el comissari Llampec.<\/p>\n<p><strong>Vols saber si has trobat la pista correcta? Nom\u00e9s cal que miris amb atenci\u00f3 dins la lupa que hi ha al final de cada hist\u00f2ria!<\/strong><\/p>\n<p><strong>&#8220;El cas de la gata blanca&#8221;<\/strong> \u00e9s un dels llibres de la coneguda s\u00e8rie <strong>&#8220;Comissari Llampec&#8221;<\/strong>. Cada un dels llibres de la col\u00b7lecci\u00f3 cont\u00e9 varis casos del Comissari Llampec. Al final de cada un dels casos, es proposa resoldre el cas a trav\u00e9s d&#8217;una pregunta. La resposta es troba dins d&#8217;una lupa, per\u00f2 amb les lletres al rev\u00e9s! Que sabeu com ho podeu fer per tal de veure-les del dret?<\/p>\n<p><iframe title=\"Llibres de misteri per a nens: COMISSARI LLAMPEC - Com funciona?\" width=\"840\" height=\"473\" src=\"https:\/\/www.youtube.com\/embed\/qk41u0bMvo4?feature=oembed&#038;width=840&#038;height=1000&#038;discover=1\" frameborder=\"0\" allow=\"accelerometer; autoplay; clipboard-write; encrypted-media; gyroscope; picture-in-picture; web-share\" referrerpolicy=\"strict-origin-when-cross-origin\" allowfullscreen><\/iframe><\/p>\n","protected":false},"excerpt":{"rendered":"<h3>Converteix-te en el millor detectiu del m\u00f3n!<\/h3>\n<p>Cada cap\u00edtol \u00e9s<strong> un cas diferent <\/strong>del Comissari Llampec. Al final de tots els casos,<b> una pregunta et permetr\u00e0 esbrinar si tu tamb\u00e9 ets capa\u00e7 de resoldre&#8217;ls.<\/b><\/p>\n<p>&nbsp;<\/p>\n<p>Autora: <a href=\"https:\/\/www.edicionsdelpirata.cat\/ursel-scheffler\/\" target=\"_blank\" rel=\"noopener noreferrer\">Ursel Scheffler<\/a><\/p>\n<p>Il\u00b7lustrador: <a href=\"https:\/\/www.edicionsdelpirata.cat\/hannes-gerber\/\" target=\"_blank\" rel=\"noopener noreferrer\">Hannes Gerber<\/a><\/p>\n","protected":false},"featured_media":96782,"template":"","meta":[],"product_brand":[],"product_cat":[2123,2162,2163,2165,2169,2170],"product_tag":[427,595,640,656,2166,911,926,927,929,931],"class_list":{"0":"post-96740","1":"product","2":"type-product","3":"status-publish","4":"has-post-thumbnail","6":"product_cat-tots-els-llibres","7":"product_cat-comissari-llampec-tots-els-titols","8":"product_cat-hannes-gerber-illustradors","9":"product_cat-ursel-scheffler-escriptors","10":"product_cat-comissari-llampec-10-anys","11":"product_cat-llibres-per-10-anys","12":"product_tag-llibres-nens","13":"product_tag-llibres-detectius-nens","14":"product_tag-policiac","15":"product_tag-llibres-divertits","16":"product_tag-comissari-llampec","17":"product_tag-llibres-primaria","18":"product_tag-detectius","19":"product_tag-misteri","20":"product_tag-10-anys","21":"product_tag-investigacio","23":"first","24":"instock","25":"featured","26":"shipping-taxable","27":"purchasable","28":"product-type-simple"},"_links":{"self":[{"href":"https:\/\/www.editorialelpirata.com\/ca\/wp-json\/wp\/v2\/product\/96740","targetHints":{"allow":["GET"]}}],"collection":[{"href":"https:\/\/www.editorialelpirata.com\/ca\/wp-json\/wp\/v2\/product"}],"about":[{"href":"https:\/\/www.editorialelpirata.com\/ca\/wp-json\/wp\/v2\/types\/product"}],"wp:featuredmedia":[{"embeddable":true,"href":"https:\/\/www.editorialelpirata.com\/ca\/wp-json\/wp\/v2\/media\/96782"}],"wp:attachment":[{"href":"https:\/\/www.editorialelpirata.com\/ca\/wp-json\/wp\/v2\/media?parent=96740"}],"wp:term":[{"taxonomy":"product_brand","embeddable":true,"href":"https:\/\/www.editorialelpirata.com\/ca\/wp-json\/wp\/v2\/product_brand?post=96740"},{"taxonomy":"product_cat","embeddable":true,"href":"https:\/\/www.editorialelpirata.com\/ca\/wp-json\/wp\/v2\/product_cat?post=96740"},{"taxonomy":"product_tag","embeddable":true,"href":"https:\/\/www.editorialelpirata.com\/ca\/wp-json\/wp\/v2\/product_tag?post=96740"}],"curies":[{"name":"wp","href":"https:\/\/api.w.org\/{rel}","templated":true}]}}