{"id":96736,"date":"2024-09-19T15:24:35","date_gmt":"2024-09-19T15:24:35","guid":{"rendered":"https:\/\/www.editorialelpirata.com\/?post_type=product&#038;p=96736"},"modified":"2025-06-13T10:36:42","modified_gmt":"2025-06-13T10:36:42","slug":"el-lloro-verd","status":"publish","type":"product","link":"https:\/\/www.editorialelpirata.com\/ca\/Producte\/el-lloro-verd\/","title":{"rendered":"EL LLORO VERD"},"content":{"rendered":"<div class=\"wpb-content-wrapper\"><p>[vc_row][vc_column][vc_column_text uncode_shortcode_id=&#8221;198784&#8243;]<\/p>\n<h1>El Comissari Llampec: r\u00e0pid com el seu nom!<\/h1>\n<p>El comissari Llampec agafa a l\u2019\u00faltim moment el tren cap a Par\u00eds on, en col\u00b7laboraci\u00f3 amb el seu col\u00b7lega Pierre Simili, ha de posar fi a les activitats, d&#8217;una banda, internacional de contrabandistes de diamants. Inesperadament, un lloro verd l\u2019ajuda a resoldre el cas. I tot i que una abella li deixa un ull a la funerala, tamb\u00e9 un ping\u00fc\u00ed, un hipop\u00f2tam i un canari provoquen descobriments sorprenents en aquest volum ple de casos d\u2019all\u00f2 m\u00e9s emocionants.<\/p>\n<p><strong>Vols saber si has trobat la pista correcta? Nom\u00e9s cal que miris amb atenci\u00f3 dins la lupa que hi ha al final de cada hist\u00f2ria!<\/strong><\/p>\n<p><strong>&#8220;El lloro verd&#8221;<\/strong> \u00e9s un dels llibres de la coneguda s\u00e8rie <strong>&#8220;Comissari Llampec&#8221;<\/strong>. Cada un dels llibres de la col\u00b7lecci\u00f3 cont\u00e9 uns quants casos del Comissari Llampec. Al final de cada un dels casos, es proposa resoldre el cas a trav\u00e9s d&#8217;una pregunta. La resposta es troba dins d&#8217;una lupa, per\u00f2 amb les lletres al rev\u00e9s! Qu\u00e8 sabeu com ho podeu fer per tal de veure-les del dret?[\/vc_column_text][vc_raw_html]JTNDaWZyYW1lJTIwd2lkdGglM0QlMjI1NjAlMjIlMjBoZWlnaHQlM0QlMjIzMTUlMjIlMjBzcmMlM0QlMjJodHRwcyUzQSUyRiUyRnd3dy55b3V0dWJlLmNvbSUyRmVtYmVkJTJGcWs0MXUwYk12bzQlM0ZzaSUzRDh1V3Ytd25YX01IblVIcWklMjIlMjB0aXRsZSUzRCUyMllvdVR1YmUlMjB2aWRlbyUyMHBsYXllciUyMiUyMGZyYW1lYm9yZGVyJTNEJTIyMCUyMiUyMGFsbG93JTNEJTIyYWNjZWxlcm9tZXRlciUzQiUyMGF1dG9wbGF5JTNCJTIwY2xpcGJvYXJkLXdyaXRlJTNCJTIwZW5jcnlwdGVkLW1lZGlhJTNCJTIwZ3lyb3Njb3BlJTNCJTIwcGljdHVyZS1pbi1waWN0dXJlJTNCJTIwd2ViLXNoYXJlJTIyJTIwcmVmZXJyZXJwb2xpY3klM0QlMjJzdHJpY3Qtb3JpZ2luLXdoZW4tY3Jvc3Mtb3JpZ2luJTIyJTIwYWxsb3dmdWxsc2NyZWVuJTNFJTNDJTJGaWZyYW1lJTNF[\/vc_raw_html][\/vc_column][\/vc_row]<\/p>\n<\/div>","protected":false},"excerpt":{"rendered":"<h3>Converteix-te en el millor detectiu del m\u00f3n!<\/h3>\n<p>Llibre de detectius per a nens, on cada cap\u00edtol \u00e9s<strong> un cas diferent <\/strong>del Comissari Llampec. Al final de tots els casos,<b> una pregunta et permetr\u00e0 esbrinar si tu tamb\u00e9 ets capa\u00e7 de resoldre&#8217;ls.<\/b><\/p>\n<p>&nbsp;<\/p>\n<p>Autora: <a href=\"https:\/\/www.edicionsdelpirata.cat\/ursel-scheffler\/\" target=\"_blank\" rel=\"noopener noreferrer\">Ursel Scheffler<\/a><\/p>\n<p>Il\u00b7lustrador: <a href=\"https:\/\/www.edicionsdelpirata.cat\/hannes-gerber\/\" target=\"_blank\" rel=\"noopener noreferrer\">Hannes Gerber<\/a><\/p>\n","protected":false},"featured_media":96746,"template":"","meta":[],"product_brand":[],"product_cat":[2164,2165,2123,2161,2162,2163],"product_tag":[453,595,2166,640,2799,925,2984,927],"class_list":{"0":"post-96736","1":"product","2":"type-product","3":"status-publish","4":"has-post-thumbnail","6":"product_cat-llibres-per-8-anys","7":"product_cat-ursel-scheffler-escriptors","8":"product_cat-tots-els-llibres","9":"product_cat-comissari-llampec-8-anys","10":"product_cat-comissari-llampec-tots-els-titols","11":"product_cat-hannes-gerber-illustradors","12":"product_tag-novella-infantil","13":"product_tag-llibres-detectius-nens","14":"product_tag-comissari-llampec","15":"product_tag-policiac","16":"product_tag-llibres-infantils-ca","17":"product_tag-8-anys","18":"product_tag-contes-nens-ca","19":"product_tag-misteri","21":"first","22":"instock","23":"shipping-taxable","24":"purchasable","25":"product-type-variable"},"_links":{"self":[{"href":"https:\/\/www.editorialelpirata.com\/ca\/wp-json\/wp\/v2\/product\/96736","targetHints":{"allow":["GET"]}}],"collection":[{"href":"https:\/\/www.editorialelpirata.com\/ca\/wp-json\/wp\/v2\/product"}],"about":[{"href":"https:\/\/www.editorialelpirata.com\/ca\/wp-json\/wp\/v2\/types\/product"}],"wp:featuredmedia":[{"embeddable":true,"href":"https:\/\/www.editorialelpirata.com\/ca\/wp-json\/wp\/v2\/media\/96746"}],"wp:attachment":[{"href":"https:\/\/www.editorialelpirata.com\/ca\/wp-json\/wp\/v2\/media?parent=96736"}],"wp:term":[{"taxonomy":"product_brand","embeddable":true,"href":"https:\/\/www.editorialelpirata.com\/ca\/wp-json\/wp\/v2\/product_brand?post=96736"},{"taxonomy":"product_cat","embeddable":true,"href":"https:\/\/www.editorialelpirata.com\/ca\/wp-json\/wp\/v2\/product_cat?post=96736"},{"taxonomy":"product_tag","embeddable":true,"href":"https:\/\/www.editorialelpirata.com\/ca\/wp-json\/wp\/v2\/product_tag?post=96736"}],"curies":[{"name":"wp","href":"https:\/\/api.w.org\/{rel}","templated":true}]}}