{"id":96731,"date":"2024-09-19T15:24:32","date_gmt":"2024-09-19T15:24:32","guid":{"rendered":"https:\/\/www.editorialelpirata.com\/?post_type=product&#038;p=96731"},"modified":"2025-03-05T14:51:39","modified_gmt":"2025-03-05T14:51:39","slug":"els-cacadors-de-rinoceronts","status":"publish","type":"product","link":"https:\/\/www.editorialelpirata.com\/ca\/Producte\/els-cacadors-de-rinoceronts\/","title":{"rendered":"ELS CA\u00c7ADORS DE RINOCERONTS"},"content":{"rendered":"<h1>El Comissari Llampec: r\u00e0pid com el seu nom!<\/h1>\n<p>El comissari Llampec rep una invitaci\u00f3 del seu col\u00b7lega Joop Nelson perqu\u00e8 participi en un safari a l&#8217;\u00c0frica; per\u00f2 tan bon punt els expedicionaris arriben a la reserva natural del riu Sabi, els ca\u00e7adors furtius maten un rinoceront i els comencen a crear problemes. Durant un seguit de safaris, el comissari observa la fauna fascinant de l&#8217;\u00c0frica i, finalment, aconsegueix trobar el rastre que el dur\u00e0 fins a un \u201cxacal\u201d b\u00edpede que fa molt de temps que persegueix&#8230;<\/p>\n<p><strong>Vols saber si has trobat la pista correcta? Nom\u00e9s cal que miris amb atenci\u00f3 dins la lupa que hi ha al final de cada hist\u00f2ria!<\/strong><\/p>\n<p><strong>&#8220;Els ca\u00e7adors de rinoceronts&#8221;<\/strong> \u00e9s un dels llibres de la coneguda s\u00e8rie <strong>&#8220;Comissari Llampec&#8221;<\/strong>. Cada un dels llibres de la col\u00b7lecci\u00f3 cont\u00e9 varis casos del Comissari Llampec. Al final de cada un dels casos, es proposa resoldre el cas a trav\u00e9s d&#8217;una pregunta. La resposta es troba dins d&#8217;una lupa, per\u00f2 amb les lletres al rev\u00e9s! Que sabeu com ho podeu fer per tal de veure-les del dret?<\/p>\n<p><iframe title=\"Llibres de misteri per a nens: COMISSARI LLAMPEC - Com funciona?\" width=\"840\" height=\"473\" src=\"https:\/\/www.youtube.com\/embed\/qk41u0bMvo4?feature=oembed&#038;width=840&#038;height=1000&#038;discover=1\" frameborder=\"0\" allow=\"accelerometer; autoplay; clipboard-write; encrypted-media; gyroscope; picture-in-picture; web-share\" referrerpolicy=\"strict-origin-when-cross-origin\" allowfullscreen><\/iframe><\/p>\n","protected":false},"excerpt":{"rendered":"<h3>Converteix-te en el millor detectiu del m\u00f3n!<\/h3>\n<p>Cada cap\u00edtol \u00e9s<strong> un cas diferent <\/strong>del Comissari Llampec. Al final de tots els casos,<b> una pregunta et permetr\u00e0 esbrinar si tu tamb\u00e9 ets capa\u00e7 de resoldre&#8217;ls.<\/b><\/p>\n<p>&nbsp;<\/p>\n<p>Autora: <a href=\"https:\/\/www.edicionsdelpirata.cat\/ursel-scheffler\/\" target=\"_blank\" rel=\"noopener noreferrer\">Ursel Scheffler<\/a><\/p>\n<p>Il\u00b7lustrador: <a href=\"https:\/\/www.edicionsdelpirata.cat\/hannes-gerber\/\" target=\"_blank\" rel=\"noopener noreferrer\">Hannes Gerber<\/a><\/p>\n","protected":false},"featured_media":96772,"template":"","meta":[],"product_brand":[],"product_cat":[2170,2123,2162,2163,2165,2169],"product_tag":[500,595,927,929,443,2166,462],"class_list":{"0":"post-96731","1":"product","2":"type-product","3":"status-publish","4":"has-post-thumbnail","6":"product_cat-llibres-per-10-anys","7":"product_cat-tots-els-llibres","8":"product_cat-comissari-llampec-tots-els-titols","9":"product_cat-hannes-gerber-illustradors","10":"product_cat-ursel-scheffler-escriptors","11":"product_cat-comissari-llampec-10-anys","12":"product_tag-novela-infantil","13":"product_tag-llibres-detectius-nens","14":"product_tag-misteri","15":"product_tag-10-anys","16":"product_tag-llibres-infantils","17":"product_tag-comissari-llampec","18":"product_tag-llibres-detectius","20":"first","21":"instock","22":"shipping-taxable","23":"purchasable","24":"product-type-simple"},"_links":{"self":[{"href":"https:\/\/www.editorialelpirata.com\/ca\/wp-json\/wp\/v2\/product\/96731","targetHints":{"allow":["GET"]}}],"collection":[{"href":"https:\/\/www.editorialelpirata.com\/ca\/wp-json\/wp\/v2\/product"}],"about":[{"href":"https:\/\/www.editorialelpirata.com\/ca\/wp-json\/wp\/v2\/types\/product"}],"wp:featuredmedia":[{"embeddable":true,"href":"https:\/\/www.editorialelpirata.com\/ca\/wp-json\/wp\/v2\/media\/96772"}],"wp:attachment":[{"href":"https:\/\/www.editorialelpirata.com\/ca\/wp-json\/wp\/v2\/media?parent=96731"}],"wp:term":[{"taxonomy":"product_brand","embeddable":true,"href":"https:\/\/www.editorialelpirata.com\/ca\/wp-json\/wp\/v2\/product_brand?post=96731"},{"taxonomy":"product_cat","embeddable":true,"href":"https:\/\/www.editorialelpirata.com\/ca\/wp-json\/wp\/v2\/product_cat?post=96731"},{"taxonomy":"product_tag","embeddable":true,"href":"https:\/\/www.editorialelpirata.com\/ca\/wp-json\/wp\/v2\/product_tag?post=96731"}],"curies":[{"name":"wp","href":"https:\/\/api.w.org\/{rel}","templated":true}]}}