{"id":96723,"date":"2024-09-19T15:24:28","date_gmt":"2024-09-19T15:24:28","guid":{"rendered":"https:\/\/www.editorialelpirata.com\/?post_type=product&#038;p=96723"},"modified":"2025-03-05T14:51:39","modified_gmt":"2025-03-05T14:51:39","slug":"el-cas-corall","status":"publish","type":"product","link":"https:\/\/www.editorialelpirata.com\/ca\/Producte\/el-cas-corall\/","title":{"rendered":"EL CAS CORALL"},"content":{"rendered":"<div class=\"wpb-content-wrapper\"><p>[vc_row][vc_column][vc_column_text uncode_shortcode_id=&#8221;160802&#8243;]<\/p>\n<h1>El Comissari Llampec: r\u00e0pid com el seu nom!<\/h1>\n<p>Els agents Pommes i Zwiebel no se senten gaire contents per la pres\u00e8ncia de la nova ajudant del comissari Llampec, Sonia Sandmann. Despr\u00e9s, per\u00f2, s\u2019alegraran de la seva pres\u00e8ncia, ja que la seva perspic\u00e0cia els permet resoldre casos com el del lladre amb guants de pilot de carreres. Mentrestant, en Llampec investiga casos a Chicago, Bayreuth i St. Gallen, on resol brillantment el cas de les \u201cmongetes tendres\u201d. Un espia que s\u2019ha infiltrat a la policia els provocar\u00e0 tamb\u00e9 molts maldecaps&#8230;<\/p>\n<p><strong>Vols saber si has trobat la pista correcta? Nom\u00e9s cal que miris amb atenci\u00f3 dins la lupa que hi ha al final de cada hist\u00f2ria!<\/strong><\/p>\n<p><strong>&#8220;El cas Corall&#8221;<\/strong> \u00e9s un dels llibres de la coneguda s\u00e8rie <strong>&#8220;Comissari Llampec&#8221;<\/strong>. Cada un dels llibres de la col\u00b7lecci\u00f3 cont\u00e9 diversos casos del Comissari Llampec. Al final de cada un dels casos, es proposa resoldre el cas a trav\u00e9s d&#8217;una pregunta. La resposta es troba dins d&#8217;una lupa, per\u00f2 amb les lletres al rev\u00e9s! Qu\u00e8 sabeu com ho podeu fer per tal de veure-les del dret?[\/vc_column_text][vc_raw_html]JTNDaWZyYW1lJTIwd2lkdGglM0QlMjI1NjAlMjIlMjBoZWlnaHQlM0QlMjIzMTUlMjIlMjBzcmMlM0QlMjJodHRwcyUzQSUyRiUyRnd3dy55b3V0dWJlLmNvbSUyRmVtYmVkJTJGcWs0MXUwYk12bzQlM0ZzaSUzRFNFaUVQUm9nejllcnNzX0ElMjIlMjB0aXRsZSUzRCUyMllvdVR1YmUlMjB2aWRlbyUyMHBsYXllciUyMiUyMGZyYW1lYm9yZGVyJTNEJTIyMCUyMiUyMGFsbG93JTNEJTIyYWNjZWxlcm9tZXRlciUzQiUyMGF1dG9wbGF5JTNCJTIwY2xpcGJvYXJkLXdyaXRlJTNCJTIwZW5jcnlwdGVkLW1lZGlhJTNCJTIwZ3lyb3Njb3BlJTNCJTIwcGljdHVyZS1pbi1waWN0dXJlJTNCJTIwd2ViLXNoYXJlJTIyJTIwcmVmZXJyZXJwb2xpY3klM0QlMjJzdHJpY3Qtb3JpZ2luLXdoZW4tY3Jvc3Mtb3JpZ2luJTIyJTIwYWxsb3dmdWxsc2NyZWVuJTNFJTNDJTJGaWZyYW1lJTNF[\/vc_raw_html][\/vc_column][\/vc_row]<\/p>\n<\/div>","protected":false},"excerpt":{"rendered":"<h3>Converteix-te en el millor detectiu del m\u00f3n!<\/h3>\n<p>Cada cap\u00edtol \u00e9s<strong> un cas diferent <\/strong>del Comissari Llampec. Al final de tots els casos,<b> una pregunta et permetr\u00e0 esbrinar si tu tamb\u00e9 ets capa\u00e7 de resoldre&#8217;ls.<\/b><\/p>\n<p>&nbsp;<\/p>\n<p>Autora: <a href=\"https:\/\/www.edicionsdelpirata.cat\/ursel-scheffler\/\" target=\"_blank\" rel=\"noopener noreferrer\">Ursel Scheffler<\/a><\/p>\n<p>Il\u00b7lustrador: <a href=\"https:\/\/www.edicionsdelpirata.cat\/hannes-gerber\/\" target=\"_blank\" rel=\"noopener noreferrer\">Hannes Gerber<\/a><\/p>\n","protected":false},"featured_media":96743,"template":"","meta":[],"product_brand":[],"product_cat":[2169,2170,2123,2162,2163,2165],"product_tag":[595,926,927,929,931,2166],"class_list":{"0":"post-96723","1":"product","2":"type-product","3":"status-publish","4":"has-post-thumbnail","6":"product_cat-comissari-llampec-10-anys","7":"product_cat-llibres-per-10-anys","8":"product_cat-tots-els-llibres","9":"product_cat-comissari-llampec-tots-els-titols","10":"product_cat-hannes-gerber-illustradors","11":"product_cat-ursel-scheffler-escriptors","12":"product_tag-llibres-detectius-nens","13":"product_tag-detectius","14":"product_tag-misteri","15":"product_tag-10-anys","16":"product_tag-investigacio","17":"product_tag-comissari-llampec","19":"first","20":"instock","21":"featured","22":"shipping-taxable","23":"purchasable","24":"product-type-simple"},"_links":{"self":[{"href":"https:\/\/www.editorialelpirata.com\/ca\/wp-json\/wp\/v2\/product\/96723","targetHints":{"allow":["GET"]}}],"collection":[{"href":"https:\/\/www.editorialelpirata.com\/ca\/wp-json\/wp\/v2\/product"}],"about":[{"href":"https:\/\/www.editorialelpirata.com\/ca\/wp-json\/wp\/v2\/types\/product"}],"wp:featuredmedia":[{"embeddable":true,"href":"https:\/\/www.editorialelpirata.com\/ca\/wp-json\/wp\/v2\/media\/96743"}],"wp:attachment":[{"href":"https:\/\/www.editorialelpirata.com\/ca\/wp-json\/wp\/v2\/media?parent=96723"}],"wp:term":[{"taxonomy":"product_brand","embeddable":true,"href":"https:\/\/www.editorialelpirata.com\/ca\/wp-json\/wp\/v2\/product_brand?post=96723"},{"taxonomy":"product_cat","embeddable":true,"href":"https:\/\/www.editorialelpirata.com\/ca\/wp-json\/wp\/v2\/product_cat?post=96723"},{"taxonomy":"product_tag","embeddable":true,"href":"https:\/\/www.editorialelpirata.com\/ca\/wp-json\/wp\/v2\/product_tag?post=96723"}],"curies":[{"name":"wp","href":"https:\/\/api.w.org\/{rel}","templated":true}]}}