{"id":96722,"date":"2024-09-19T15:24:28","date_gmt":"2024-09-19T15:24:28","guid":{"rendered":"https:\/\/www.editorialelpirata.com\/?post_type=product&#038;p=96722"},"modified":"2025-06-13T10:46:27","modified_gmt":"2025-06-13T10:46:27","slug":"el-drac-daurat","status":"publish","type":"product","link":"https:\/\/www.editorialelpirata.com\/ca\/Producte\/el-drac-daurat\/","title":{"rendered":"EL DRAC DAURAT"},"content":{"rendered":"<div class=\"wpb-content-wrapper\"><p>[vc_row][vc_column][vc_column_text uncode_shortcode_id=&#8221;115506&#8243;]<\/p>\n<h1>\u00bfVols descobrir un llibre de detectius per a nens?<\/h1>\n<h2>El Comissari Llampec: r\u00e0pid com el seu nom!<\/h2>\n<p>El comissari Llampec ha de resoldre un cas urgent a Hong Kong, on l\u2019espera Hu, el seu col\u00b7lega xin\u00e8s. Treballant plegats, esperen trobar la pista que els condueixi a la perillosa banda del Drac, relacionada amb el contraban d\u2019armes i amb Al Canone, l\u2019home de les mil cares. Finalment, el comissari aconsegueix arribar a l\u2019amagatall del Drac Daurat&#8230;<\/p>\n<p><strong>Vols saber si has trobat la pista correcta? Nom\u00e9s cal que miris amb atenci\u00f3 dins la lupa que hi ha al final de cada hist\u00f2ria!<\/strong><\/p>\n<p><strong>&#8220;El Drac Daurat&#8221;<\/strong> \u00e9s un dels llibres de la coneguda s\u00e8rie <strong>&#8220;Comissari Llampec&#8221;<\/strong>. Cada un dels llibres de la col\u00b7lecci\u00f3 cont\u00e9 diversos casos del Comissari Llampec. Al final de cada un dels casos, es proposa resoldre el cas a trav\u00e9s d&#8217;una pregunta. La resposta es troba dins d&#8217;una lupa, per\u00f2 amb les lletres al rev\u00e9s! Qu\u00e8 sabeu com ho podeu fer per tal de veure-les del dret?[\/vc_column_text][vc_raw_html]JTNDaWZyYW1lJTIwd2lkdGglM0QlMjI1NjAlMjIlMjBoZWlnaHQlM0QlMjIzMTUlMjIlMjBzcmMlM0QlMjJodHRwcyUzQSUyRiUyRnd3dy55b3V0dWJlLmNvbSUyRmVtYmVkJTJGcWs0MXUwYk12bzQlM0ZzaSUzRFVOUjY4bzJGVFE0SzVxLTElMjIlMjB0aXRsZSUzRCUyMllvdVR1YmUlMjB2aWRlbyUyMHBsYXllciUyMiUyMGZyYW1lYm9yZGVyJTNEJTIyMCUyMiUyMGFsbG93JTNEJTIyYWNjZWxlcm9tZXRlciUzQiUyMGF1dG9wbGF5JTNCJTIwY2xpcGJvYXJkLXdyaXRlJTNCJTIwZW5jcnlwdGVkLW1lZGlhJTNCJTIwZ3lyb3Njb3BlJTNCJTIwcGljdHVyZS1pbi1waWN0dXJlJTNCJTIwd2ViLXNoYXJlJTIyJTIwcmVmZXJyZXJwb2xpY3klM0QlMjJzdHJpY3Qtb3JpZ2luLXdoZW4tY3Jvc3Mtb3JpZ2luJTIyJTIwYWxsb3dmdWxsc2NyZWVuJTNFJTNDJTJGaWZyYW1lJTNF[\/vc_raw_html][\/vc_column][\/vc_row]<\/p>\n<\/div>","protected":false},"excerpt":{"rendered":"<h3>Converteix-te en el millor detectiu del m\u00f3n!<\/h3>\n<p>Cada cap\u00edtol \u00e9s<strong> un cas diferent <\/strong>del Comissari Llampec. Al final de tots els casos,<b> una pregunta et permetr\u00e0 esbrinar si tu tamb\u00e9 ets capa\u00e7 de resoldre&#8217;ls.<\/b><\/p>\n<p>En castell\u00e0 \u00e9s tapa dura.<\/p>\n<p>Autora: <a href=\"https:\/\/www.edicionsdelpirata.cat\/ursel-scheffler\/\" target=\"_blank\" rel=\"noopener noreferrer\">Ursel Scheffler<\/a><\/p>\n<p>Il\u00b7lustrador: <a href=\"https:\/\/www.edicionsdelpirata.cat\/hannes-gerber\/\" target=\"_blank\" rel=\"noopener noreferrer\">Hannes Gerber<\/a><\/p>\n","protected":false},"featured_media":96727,"template":"","meta":[],"product_brand":[],"product_cat":[2123,2162,2163,2165,2169,2170],"product_tag":[926,3068,927,3093,930,3529,2166,595],"class_list":{"0":"post-96722","1":"product","2":"type-product","3":"status-publish","4":"has-post-thumbnail","6":"product_cat-tots-els-llibres","7":"product_cat-comissari-llampec-tots-els-titols","8":"product_cat-hannes-gerber-illustradors","9":"product_cat-ursel-scheffler-escriptors","10":"product_cat-comissari-llampec-10-anys","11":"product_cat-llibres-per-10-anys","12":"product_tag-detectius","13":"product_tag-literatura-infantil-ca","14":"product_tag-misteri","15":"product_tag-llibres-divertits-ca","16":"product_tag-llibres-emocionants","17":"product_tag-10-anys-ca","18":"product_tag-comissari-llampec","19":"product_tag-llibres-detectius-nens","21":"first","22":"instock","23":"shipping-taxable","24":"purchasable","25":"product-type-variable"},"_links":{"self":[{"href":"https:\/\/www.editorialelpirata.com\/ca\/wp-json\/wp\/v2\/product\/96722","targetHints":{"allow":["GET"]}}],"collection":[{"href":"https:\/\/www.editorialelpirata.com\/ca\/wp-json\/wp\/v2\/product"}],"about":[{"href":"https:\/\/www.editorialelpirata.com\/ca\/wp-json\/wp\/v2\/types\/product"}],"wp:featuredmedia":[{"embeddable":true,"href":"https:\/\/www.editorialelpirata.com\/ca\/wp-json\/wp\/v2\/media\/96727"}],"wp:attachment":[{"href":"https:\/\/www.editorialelpirata.com\/ca\/wp-json\/wp\/v2\/media?parent=96722"}],"wp:term":[{"taxonomy":"product_brand","embeddable":true,"href":"https:\/\/www.editorialelpirata.com\/ca\/wp-json\/wp\/v2\/product_brand?post=96722"},{"taxonomy":"product_cat","embeddable":true,"href":"https:\/\/www.editorialelpirata.com\/ca\/wp-json\/wp\/v2\/product_cat?post=96722"},{"taxonomy":"product_tag","embeddable":true,"href":"https:\/\/www.editorialelpirata.com\/ca\/wp-json\/wp\/v2\/product_tag?post=96722"}],"curies":[{"name":"wp","href":"https:\/\/api.w.org\/{rel}","templated":true}]}}