{"id":96714,"date":"2024-09-19T15:24:22","date_gmt":"2024-09-19T15:24:22","guid":{"rendered":"https:\/\/www.editorialelpirata.com\/?post_type=product&#038;p=96714"},"modified":"2025-06-13T10:36:12","modified_gmt":"2025-06-13T10:36:12","slug":"la-maleta-groga","status":"publish","type":"product","link":"https:\/\/www.editorialelpirata.com\/ca\/Producte\/la-maleta-groga\/","title":{"rendered":"LA MALETA GROGA"},"content":{"rendered":"<div class=\"wpb-content-wrapper\"><p>[vc_row][vc_column][vc_column_text uncode_shortcode_id=&#8221;191017&#8243;]<\/p>\n<h1>\u00bfVols descobrir un llibre de detectius per a nens?<\/h1>\n<h2>El Comissari Llampec: r\u00e0pid com el seu nom!<\/h2>\n<p>La maleta groga d&#8217;un joier desapareix com per art de m\u00e0gia, una prova escolar permet descobrir qui ha empastifat el metro amb grafits, un periodista pret\u00e9n saber m\u00e9s del que sap, un lladregot fa el fantasma al castell de Wispelbrunn, desapareix del museu el pot de maquillatge de Cle\u00f2patra, unes falses dones de fer feines atraquen un banc, la neu resulta fatal per a la coartada d\u2019un criminal&#8230;<\/p>\n<p>De nou, el comissari Llampec resol tots els casos.<\/p>\n<p><strong>Vols saber si has trobat la pista correcta? Nom\u00e9s cal que miris amb atenci\u00f3 dins la lupa que hi ha al final de cada hist\u00f2ria!<\/strong><\/p>\n<p><strong>&#8220;La maleta groga&#8221;<\/strong> \u00e9s un dels llibres de la coneguda s\u00e8rie <strong>&#8220;Comissari Llampec&#8221;<\/strong>. Cada un dels llibres de la col\u00b7lecci\u00f3 cont\u00e9 diversos casos del Comissari Llampec. Al final de cada un dels casos, es proposa resoldre el cas a trav\u00e9s d&#8217;una pregunta. La resposta es troba dins d&#8217;una lupa, per\u00f2 amb les lletres al rev\u00e9s! Qu\u00e8 sabeu com ho podeu fer per tal de veure-les del dret?[\/vc_column_text][vc_raw_html]JTNDaWZyYW1lJTIwd2lkdGglM0QlMjI1NjAlMjIlMjBoZWlnaHQlM0QlMjIzMTUlMjIlMjBzcmMlM0QlMjJodHRwcyUzQSUyRiUyRnd3dy55b3V0dWJlLmNvbSUyRmVtYmVkJTJGcWs0MXUwYk12bzQlM0ZzaSUzRFNFaUVQUm9nejllcnNzX0ElMjIlMjB0aXRsZSUzRCUyMllvdVR1YmUlMjB2aWRlbyUyMHBsYXllciUyMiUyMGZyYW1lYm9yZGVyJTNEJTIyMCUyMiUyMGFsbG93JTNEJTIyYWNjZWxlcm9tZXRlciUzQiUyMGF1dG9wbGF5JTNCJTIwY2xpcGJvYXJkLXdyaXRlJTNCJTIwZW5jcnlwdGVkLW1lZGlhJTNCJTIwZ3lyb3Njb3BlJTNCJTIwcGljdHVyZS1pbi1waWN0dXJlJTNCJTIwd2ViLXNoYXJlJTIyJTIwcmVmZXJyZXJwb2xpY3klM0QlMjJzdHJpY3Qtb3JpZ2luLXdoZW4tY3Jvc3Mtb3JpZ2luJTIyJTIwYWxsb3dmdWxsc2NyZWVuJTNFJTNDJTJGaWZyYW1lJTNF[\/vc_raw_html][\/vc_column][\/vc_row]<\/p>\n<\/div>","protected":false},"excerpt":{"rendered":"<h3>Converteix-te en el millor detectiu del m\u00f3n!<\/h3>\n<p>Cada cap\u00edtol \u00e9s<strong> un cas diferent <\/strong>del Comissari Llampec. Al final de tots els casos,<b> una pregunta et permetr\u00e0 esbrinar si tu tamb\u00e9 ets capa\u00e7 de resoldre&#8217;ls.<\/b><\/p>\n<p>&nbsp;<\/p>\n<p>Autora: Ursel Scheffler<\/p>\n<p>Il\u00b7lustrador: Hannes Gerber<\/p>\n","protected":false},"featured_media":96737,"template":"","meta":[],"product_brand":[],"product_cat":[2163,2164,2165,2123,2161,2162],"product_tag":[595,640,2166,925,2799,926,927],"class_list":{"0":"post-96714","1":"product","2":"type-product","3":"status-publish","4":"has-post-thumbnail","6":"product_cat-hannes-gerber-illustradors","7":"product_cat-llibres-per-8-anys","8":"product_cat-ursel-scheffler-escriptors","9":"product_cat-tots-els-llibres","10":"product_cat-comissari-llampec-8-anys","11":"product_cat-comissari-llampec-tots-els-titols","12":"product_tag-llibres-detectius-nens","13":"product_tag-policiac","14":"product_tag-comissari-llampec","15":"product_tag-8-anys","16":"product_tag-llibres-infantils-ca","17":"product_tag-detectius","18":"product_tag-misteri","20":"first","21":"instock","22":"shipping-taxable","23":"purchasable","24":"product-type-variable"},"_links":{"self":[{"href":"https:\/\/www.editorialelpirata.com\/ca\/wp-json\/wp\/v2\/product\/96714","targetHints":{"allow":["GET"]}}],"collection":[{"href":"https:\/\/www.editorialelpirata.com\/ca\/wp-json\/wp\/v2\/product"}],"about":[{"href":"https:\/\/www.editorialelpirata.com\/ca\/wp-json\/wp\/v2\/types\/product"}],"wp:featuredmedia":[{"embeddable":true,"href":"https:\/\/www.editorialelpirata.com\/ca\/wp-json\/wp\/v2\/media\/96737"}],"wp:attachment":[{"href":"https:\/\/www.editorialelpirata.com\/ca\/wp-json\/wp\/v2\/media?parent=96714"}],"wp:term":[{"taxonomy":"product_brand","embeddable":true,"href":"https:\/\/www.editorialelpirata.com\/ca\/wp-json\/wp\/v2\/product_brand?post=96714"},{"taxonomy":"product_cat","embeddable":true,"href":"https:\/\/www.editorialelpirata.com\/ca\/wp-json\/wp\/v2\/product_cat?post=96714"},{"taxonomy":"product_tag","embeddable":true,"href":"https:\/\/www.editorialelpirata.com\/ca\/wp-json\/wp\/v2\/product_tag?post=96714"}],"curies":[{"name":"wp","href":"https:\/\/api.w.org\/{rel}","templated":true}]}}