{"id":96698,"date":"2024-09-19T15:24:10","date_gmt":"2024-09-19T15:24:10","guid":{"rendered":"https:\/\/www.editorialelpirata.com\/?post_type=product&#038;p=96698"},"modified":"2025-05-02T11:59:56","modified_gmt":"2025-05-02T11:59:56","slug":"la-bruixa-i-el-gos-curt-de-vista","status":"publish","type":"product","link":"https:\/\/www.editorialelpirata.com\/ca\/Producte\/la-bruixa-i-el-gos-curt-de-vista\/","title":{"rendered":"LA BRUIXA I EL GOS CURT DE VISTA"},"content":{"rendered":"<h2>Les desventures d&#8217;un gos amb miopia<\/h2>\n<p>Un bon dia, en Baldufa, que \u00e9s un gos eixerit com un p\u00e8sol per\u00f2 molt curt de vista, decideix d&#8217;anar a viure a la ciutat per veure si troba alg\u00fa que li vulgui fer d&#8217;amo i li doni menjar.<\/p>\n<p>Camina que caminar\u00e0s, i despr\u00e9s d&#8217;haver conf\u00f3s una pilota de futbol amb un animal\u00f3, un vag\u00f3 de metro amb un mercat i d&#8217;haver-se posat en diversos embolics per culpa de la seva miopia, arriba a una petita pla\u00e7a dels afores.<\/p>\n<p>Qu\u00e8 creieu que passar\u00e0 quan conegui una bruixa molt lletja a qui un bruixot enemic ha convertit en una est\u00e0tua de pedra?<\/p>\n","protected":false},"excerpt":{"rendered":"<h3>Dos tipus de lletra i il\u00b7lustracions per pintar<\/h3>\n<p>&#8220;<strong>La bruixa i el gos curt de vista<\/strong>&#8221; \u00e9s un dels llibres de la col\u00b7lecci\u00f3 &#8220;<strong>Petit Pirata<\/strong>&#8220;. A cada un dels volums d&#8217;aquesta col\u00b7lecci\u00f3 hi ha hist\u00f2ries explicades amb <strong>lletra manuscrita<\/strong> a la part superior de la p\u00e0gina i amb <strong>lletra d&#8217;impremta<\/strong> a la inferior.<\/p>\n<p>Cont\u00e9 12 magn\u00edfiques\u00a0<strong>il\u00b7lustracions\u00a0per a pintar!<\/strong><\/p>\n<p>&nbsp;<\/p>\n<p>Autora: <a href=\"https:\/\/www.edicionsdelpirata.cat\/maria-grau\/\" target=\"_blank\" rel=\"noopener noreferrer\">Maria Grau i Sal\u00f3<\/a><\/p>\n<p>Il\u00b7lustrador: <a href=\"https:\/\/www.edicionsdelpirata.cat\/isaac-bosch-i-malagarriga\/\" target=\"_blank\" rel=\"noopener noreferrer\">Isaac Bosch<\/a><\/p>\n","protected":false},"featured_media":96702,"template":"","meta":[],"product_brand":[],"product_cat":[2123,2130,2153,2155,2156,2117],"product_tag":[2124,903,2831,921,2880,2984,3074],"class_list":{"0":"post-96698","1":"product","2":"type-product","3":"status-publish","4":"has-post-thumbnail","6":"product_cat-tots-els-llibres","7":"product_cat-maria-grau-escriptors","8":"product_cat-petit-pirata","9":"product_cat-contes-lletra-lligada-i-impremta","10":"product_cat-isaac-bosch-i-malagarriga","11":"product_cat-llibres-per-6-anys","12":"product_tag-primers-lectors","13":"product_tag-pintar","14":"product_tag-contes-divertits-ca","15":"product_tag-bruixes","16":"product_tag-aprendre-a-llegir-ca","17":"product_tag-contes-nens-ca","18":"product_tag-lletra-pal-ca","20":"first","21":"instock","22":"shipping-taxable","23":"purchasable","24":"product-type-simple"},"_links":{"self":[{"href":"https:\/\/www.editorialelpirata.com\/ca\/wp-json\/wp\/v2\/product\/96698","targetHints":{"allow":["GET"]}}],"collection":[{"href":"https:\/\/www.editorialelpirata.com\/ca\/wp-json\/wp\/v2\/product"}],"about":[{"href":"https:\/\/www.editorialelpirata.com\/ca\/wp-json\/wp\/v2\/types\/product"}],"wp:featuredmedia":[{"embeddable":true,"href":"https:\/\/www.editorialelpirata.com\/ca\/wp-json\/wp\/v2\/media\/96702"}],"wp:attachment":[{"href":"https:\/\/www.editorialelpirata.com\/ca\/wp-json\/wp\/v2\/media?parent=96698"}],"wp:term":[{"taxonomy":"product_brand","embeddable":true,"href":"https:\/\/www.editorialelpirata.com\/ca\/wp-json\/wp\/v2\/product_brand?post=96698"},{"taxonomy":"product_cat","embeddable":true,"href":"https:\/\/www.editorialelpirata.com\/ca\/wp-json\/wp\/v2\/product_cat?post=96698"},{"taxonomy":"product_tag","embeddable":true,"href":"https:\/\/www.editorialelpirata.com\/ca\/wp-json\/wp\/v2\/product_tag?post=96698"}],"curies":[{"name":"wp","href":"https:\/\/api.w.org\/{rel}","templated":true}]}}