{"id":96697,"date":"2024-09-19T15:24:10","date_gmt":"2024-09-19T15:24:10","guid":{"rendered":"https:\/\/www.editorialelpirata.com\/?post_type=product&#038;p=96697"},"modified":"2025-03-05T14:51:29","modified_gmt":"2025-03-05T14:51:29","slug":"els-anecs-paraigua","status":"publish","type":"product","link":"https:\/\/www.editorialelpirata.com\/ca\/Producte\/els-anecs-paraigua\/","title":{"rendered":"ELS \u00c0NECS-PARAIGUA"},"content":{"rendered":"<h1>Uns \u00e0necs ben envejosos<\/h1>\n<p>Hi havia una vegada tres germans \u00e0necs que mai no estaven contents amb res. Sempre els semblava que els altres tenien m\u00e9s sort que ells.<\/p>\n<p>Un dia, els va agafar la d\u00e8ria de convertir-se en paraig\u00fces, ja que aquests sempre anaven a la m\u00e0 d&#8217;alg\u00fa i no els calia esfor\u00e7ar-se a nedar ni a caminar. I tant i tant i tant ho van voler que&#8230; s&#8217;hi van convertir! Ja eren \u00e0necs-paraigua!<\/p>\n<p>El germ\u00e0 gran va tenir nom\u00e9s dos dies de pluja a la seva nova vida. Al germ\u00e0 mitj\u00e0, com que feia molt bon temps, la seva mestressa el va fer servir de para-sol. I pel que fa al petit, va anar a parar a mans d&#8217;un captaire que el feia servir com a bast\u00f3 per remenar les papereres.<\/p>\n<p>I qu\u00e8 us sembla que va passar llavors?<\/p>\n","protected":false},"excerpt":{"rendered":"<h3>Dos tipus de lletra i il\u00b7lustracions per pintar<\/h3>\n<p>&#8220;<strong>Els \u00e0necs-paraigua<\/strong>&#8221; \u00e9s un dels llibres de la col\u00b7lecci\u00f3 &#8220;<strong>Petit Pirata<\/strong>&#8220;. A cada un dels volums d&#8217;aquesta col\u00b7lecci\u00f3 hi ha hist\u00f2ries explicades amb <strong>lletra manuscrita<\/strong> a la part superior de la p\u00e0gina i amb <strong>lletra d&#8217;impremta<\/strong> a la inferior.<\/p>\n<p>Cont\u00e9 12 magn\u00edfiques<strong> il\u00b7lustracions\u00a0per a pintar!<\/strong><\/p>\n<p>&nbsp;<\/p>\n<p>Autora: <a href=\"https:\/\/www.edicionsdelpirata.cat\/maria-grau\/\" target=\"_blank\" rel=\"noopener noreferrer\">Maria Grau i Sal\u00f3<\/a><\/p>\n<p>Il\u00b7lustradora: <a href=\"https:\/\/www.edicionsdelpirata.cat\/cristina-duran\/\" target=\"_blank\" rel=\"noopener noreferrer\">Cristina Duran<\/a><\/p>\n<p>&nbsp;<\/p>\n","protected":false},"featured_media":96708,"template":"","meta":[],"product_brand":[],"product_cat":[2130,2153,2159,2117,2123],"product_tag":[2124,440,443,902,922,923,924],"class_list":{"0":"post-96697","1":"product","2":"type-product","3":"status-publish","4":"has-post-thumbnail","6":"product_cat-maria-grau-escriptors","7":"product_cat-petit-pirata","8":"product_cat-cristina-duran","9":"product_cat-llibres-per-6-anys","10":"product_cat-tots-els-llibres","11":"product_tag-primers-lectors","12":"product_tag-contes-nens","13":"product_tag-llibres-infantils","14":"product_tag-aprendre-llegir","15":"product_tag-lectura-infantil","16":"product_tag-pintar-llegir","17":"product_tag-llibres-pintar","19":"first","20":"instock","21":"shipping-taxable","22":"purchasable","23":"product-type-simple"},"_links":{"self":[{"href":"https:\/\/www.editorialelpirata.com\/ca\/wp-json\/wp\/v2\/product\/96697","targetHints":{"allow":["GET"]}}],"collection":[{"href":"https:\/\/www.editorialelpirata.com\/ca\/wp-json\/wp\/v2\/product"}],"about":[{"href":"https:\/\/www.editorialelpirata.com\/ca\/wp-json\/wp\/v2\/types\/product"}],"wp:featuredmedia":[{"embeddable":true,"href":"https:\/\/www.editorialelpirata.com\/ca\/wp-json\/wp\/v2\/media\/96708"}],"wp:attachment":[{"href":"https:\/\/www.editorialelpirata.com\/ca\/wp-json\/wp\/v2\/media?parent=96697"}],"wp:term":[{"taxonomy":"product_brand","embeddable":true,"href":"https:\/\/www.editorialelpirata.com\/ca\/wp-json\/wp\/v2\/product_brand?post=96697"},{"taxonomy":"product_cat","embeddable":true,"href":"https:\/\/www.editorialelpirata.com\/ca\/wp-json\/wp\/v2\/product_cat?post=96697"},{"taxonomy":"product_tag","embeddable":true,"href":"https:\/\/www.editorialelpirata.com\/ca\/wp-json\/wp\/v2\/product_tag?post=96697"}],"curies":[{"name":"wp","href":"https:\/\/api.w.org\/{rel}","templated":true}]}}