{"id":96696,"date":"2024-09-19T15:24:10","date_gmt":"2024-09-19T15:24:10","guid":{"rendered":"https:\/\/www.editorialelpirata.com\/?post_type=product&#038;p=96696"},"modified":"2025-05-13T09:18:32","modified_gmt":"2025-05-13T09:18:32","slug":"el-pressec-que-tenia-pessigolles","status":"publish","type":"product","link":"https:\/\/www.editorialelpirata.com\/ca\/Producte\/el-pressec-que-tenia-pessigolles\/","title":{"rendered":"EL PR\u00c9SSEC QUE TENIA PESSIGOLLES"},"content":{"rendered":"<div class=\"wpb-content-wrapper\"><p>[vc_row][vc_column][vc_column_text uncode_shortcode_id=&#8221;213813&#8243;]<\/p>\n<h2>Un pr\u00e9ssec que no pot parar de riure!<\/h2>\n<p>Vet aqu\u00ed que una vegada hi havia un pr\u00e9ssec que era, si fa o no fa, com molts altres pr\u00e9ssecs: daurat, rodonet i amb una fulleta. Tenia per\u00f2, una difer\u00e8ncia&#8230; Si alg\u00fa l&#8217;agafava, saltava i es movia sense parar: tenia pessigolles&#8230;!<\/p>\n<p>Despr\u00e9s de passar pel mercat i per una escola, a for\u00e7a de botre va anar a parar al pati d&#8217;una fam\u00edlia, on aviat l&#8217;herba el va tapar. I en qu\u00e8 us penseu que es va convertir quan van haver passat l&#8217;estiu, la tardor i l&#8217;hivern?[\/vc_column_text][\/vc_column][\/vc_row]<\/p>\n<\/div>","protected":false},"excerpt":{"rendered":"<h3>Dues fam\u00edlies tipogr\u00e0fiques per aprendre a llegir\u00a0 i il\u00b7lustracions per pintar<\/h3>\n<p>&#8220;<strong>El pr\u00e9ssec que tenia pessigolles<\/strong>&#8221; \u00e9s un dels llibres de la col\u00b7lecci\u00f3 &#8220;<strong>Petit Pirata<\/strong>&#8220;. A cada un dels volums d&#8217;aquesta col\u00b7lecci\u00f3 hi ha hist\u00f2ries explicades amb <strong>lletra manuscrita<\/strong> a la part superior de la p\u00e0gina i amb <strong>lletra d&#8217;impremta<\/strong> a la inferior.<\/p>\n<p>Cont\u00e9 12 magn\u00edfiques\u00a0<strong>il\u00b7lustracions\u00a0per a pintar!<\/strong><\/p>\n<p>&nbsp;<\/p>\n<p>Autora: <a href=\"https:\/\/www.edicionsdelpirata.cat\/maria-grau\/\" target=\"_blank\" rel=\"noopener noreferrer\">Maria Grau i Sal\u00f3<\/a><\/p>\n<p>Il\u00b7lustrador: <a href=\"https:\/\/www.edicionsdelpirata.cat\/quim-bou\/\" target=\"_blank\" rel=\"noopener noreferrer\">Quim Bou<\/a><\/p>\n<p>&nbsp;<\/p>\n","protected":false},"featured_media":96705,"template":"","meta":[],"product_brand":[],"product_cat":[3195,2117,2123,2130,2132,2153],"product_tag":[2799,685,2984,903,3043,2124],"class_list":{"0":"post-96696","1":"product","2":"type-product","3":"status-publish","4":"has-post-thumbnail","6":"product_cat-tots-els-llibres-ca","7":"product_cat-llibres-per-6-anys","8":"product_cat-tots-els-llibres","9":"product_cat-maria-grau-escriptors","10":"product_cat-quim-bou-illustradors","11":"product_cat-petit-pirata","12":"product_tag-llibres-infantils-ca","13":"product_tag-contes-humor","14":"product_tag-contes-nens-ca","15":"product_tag-pintar","16":"product_tag-aprendre-llegir-ca","17":"product_tag-primers-lectors","19":"first","20":"instock","21":"shipping-taxable","22":"purchasable","23":"product-type-simple"},"_links":{"self":[{"href":"https:\/\/www.editorialelpirata.com\/ca\/wp-json\/wp\/v2\/product\/96696","targetHints":{"allow":["GET"]}}],"collection":[{"href":"https:\/\/www.editorialelpirata.com\/ca\/wp-json\/wp\/v2\/product"}],"about":[{"href":"https:\/\/www.editorialelpirata.com\/ca\/wp-json\/wp\/v2\/types\/product"}],"wp:featuredmedia":[{"embeddable":true,"href":"https:\/\/www.editorialelpirata.com\/ca\/wp-json\/wp\/v2\/media\/96705"}],"wp:attachment":[{"href":"https:\/\/www.editorialelpirata.com\/ca\/wp-json\/wp\/v2\/media?parent=96696"}],"wp:term":[{"taxonomy":"product_brand","embeddable":true,"href":"https:\/\/www.editorialelpirata.com\/ca\/wp-json\/wp\/v2\/product_brand?post=96696"},{"taxonomy":"product_cat","embeddable":true,"href":"https:\/\/www.editorialelpirata.com\/ca\/wp-json\/wp\/v2\/product_cat?post=96696"},{"taxonomy":"product_tag","embeddable":true,"href":"https:\/\/www.editorialelpirata.com\/ca\/wp-json\/wp\/v2\/product_tag?post=96696"}],"curies":[{"name":"wp","href":"https:\/\/api.w.org\/{rel}","templated":true}]}}