{"id":96695,"date":"2024-09-19T15:24:10","date_gmt":"2024-09-19T15:24:10","guid":{"rendered":"https:\/\/www.editorialelpirata.com\/?post_type=product&#038;p=96695"},"modified":"2025-03-05T14:51:29","modified_gmt":"2025-03-05T14:51:29","slug":"labella-secallona","status":"publish","type":"product","link":"https:\/\/www.editorialelpirata.com\/ca\/Producte\/labella-secallona\/","title":{"rendered":"L&#8217;ABELLA SECALLONA"},"content":{"rendered":"<h1>Una abella ben diferent<\/h1>\n<p>En comptes de semblar un globus infladet i lligat per la meitat, com el de totes les seves companyes, el cos de la nostra abella semblava un globus desinflat. Per aix\u00f2, en lloc del seu nom de veritat, totes li deien &#8220;Secallona&#8221;, cosa que la feia enfadar molt.<\/p>\n<p>Finalment, ben tipa de les abelles del seu rusc, la Secallona va emprendre un llarg viatge. El fet de con\u00e8ixer personatges tan diferents com un poll i una pu\u00e7a andorrans, uns cargols sense closca o una girafa de llarg coll li far\u00e0 veure les coses d&#8217;una manera molt diferent.<\/p>\n","protected":false},"excerpt":{"rendered":"<h3>Dos tipus de lletra i il\u00b7lustracions per pintar<\/h3>\n<p>&#8220;<strong>L&#8217;abella Secallona<\/strong>&#8221; \u00e9s un dels llibres de la col\u00b7lecci\u00f3 &#8220;<strong>Petit Pirata<\/strong>&#8220;. A cada un dels volums d&#8217;aquesta col\u00b7lecci\u00f3 hi ha hist\u00f2ries explicades amb <strong>lletra manuscrita<\/strong> a la part superior de la p\u00e0gina i amb <strong>lletra d&#8217;impremta<\/strong> a la inferior.<\/p>\n<p>Cont\u00e9 12 magn\u00edfiques<strong> il\u00b7lustracions\u00a0per a pintar!<\/strong><\/p>\n<p>&nbsp;<\/p>\n<p>Autora: <a href=\"https:\/\/www.edicionsdelpirata.cat\/maria-grau\/\" target=\"_blank\" rel=\"noopener noreferrer\">Maria Grau i Sal\u00f3<\/a><\/p>\n<p>Il\u00b7lustradora: <a href=\"https:\/\/www.edicionsdelpirata.cat\/anna-clariana\/\" target=\"_blank\" rel=\"noopener noreferrer\">Anna Clariana<\/a><\/p>\n","protected":false},"featured_media":96699,"template":"","meta":[],"product_brand":[],"product_cat":[2117,2123,2126,2130,2153],"product_tag":[2124,429,440,902,903,904],"class_list":{"0":"post-96695","1":"product","2":"type-product","3":"status-publish","4":"has-post-thumbnail","6":"product_cat-llibres-per-6-anys","7":"product_cat-tots-els-llibres","8":"product_cat-anna-clariana-illustradors","9":"product_cat-maria-grau-escriptors","10":"product_cat-petit-pirata","11":"product_tag-primers-lectors","12":"product_tag-contes-infantils","13":"product_tag-contes-nens","14":"product_tag-aprendre-llegir","15":"product_tag-pintar","16":"product_tag-lletra-pal","18":"first","19":"instock","20":"shipping-taxable","21":"purchasable","22":"product-type-simple"},"_links":{"self":[{"href":"https:\/\/www.editorialelpirata.com\/ca\/wp-json\/wp\/v2\/product\/96695","targetHints":{"allow":["GET"]}}],"collection":[{"href":"https:\/\/www.editorialelpirata.com\/ca\/wp-json\/wp\/v2\/product"}],"about":[{"href":"https:\/\/www.editorialelpirata.com\/ca\/wp-json\/wp\/v2\/types\/product"}],"wp:featuredmedia":[{"embeddable":true,"href":"https:\/\/www.editorialelpirata.com\/ca\/wp-json\/wp\/v2\/media\/96699"}],"wp:attachment":[{"href":"https:\/\/www.editorialelpirata.com\/ca\/wp-json\/wp\/v2\/media?parent=96695"}],"wp:term":[{"taxonomy":"product_brand","embeddable":true,"href":"https:\/\/www.editorialelpirata.com\/ca\/wp-json\/wp\/v2\/product_brand?post=96695"},{"taxonomy":"product_cat","embeddable":true,"href":"https:\/\/www.editorialelpirata.com\/ca\/wp-json\/wp\/v2\/product_cat?post=96695"},{"taxonomy":"product_tag","embeddable":true,"href":"https:\/\/www.editorialelpirata.com\/ca\/wp-json\/wp\/v2\/product_tag?post=96695"}],"curies":[{"name":"wp","href":"https:\/\/api.w.org\/{rel}","templated":true}]}}