{"id":96674,"date":"2021-06-01T16:07:20","date_gmt":"2019-08-20T11:39:30","guid":{"rendered":"https:\/\/www.editorialelpirata.com\/?post_type=product&#038;p=96674"},"modified":"2025-05-16T09:29:56","modified_gmt":"2025-05-16T09:29:56","slug":"el-cotxe-groc","status":"publish","type":"product","link":"https:\/\/www.editorialelpirata.com\/ca\/Producte\/el-cotxe-groc\/","title":{"rendered":"EL COTXE GROC"},"content":{"rendered":"<div class=\"wpb-content-wrapper\"><p>[vc_row][vc_column][vc_column_text uncode_shortcode_id=&#8221;746347&#8243;][vc_row][vc_column][vc_column_text uncode_shortcode_id=&#8221;110150&#8243;]<\/p>\n<h1>Un llibre ideal per <a href=\"https:\/\/www.editorialelpirata.com\/ca\/llibres-6-anys-lletra-lligada\/\" target=\"_blank\" rel=\"noopener\">aprendre a llegir<\/a> en lletra de pal i lligada<\/h1>\n<p><em><strong>El cotxe groc<\/strong><\/em> \u00e9s un llibre de la col\u00b7lecci\u00f3 <em><strong>Plou i Fa Sol<\/strong><\/em>.<\/p>\n<p>Explica la hist\u00f2ria\u00a0d&#8217;un cotxe de segona m\u00e0 que \u00e9s comprat per\u00a0a una nova\u00a0fam\u00edlia.<\/p>\n<p><strong>El text est\u00e0 tant en lletra de pal com en lletra lligada. <\/strong><\/p>\n<p>L&#8217;objectiu \u00e9s ajudar a l&#8217;aprenentatge d&#8217;ambd\u00f3s estils de lletra a la vegada que es passa una bona estona.<\/p>\n<p>El <strong>nou disseny<\/strong> del conte cont\u00e9 unes il\u00b7lustracions molt dolces i divertides.[\/vc_column_text][\/vc_column][\/vc_row][vc_row][vc_column column_width_percent=&#8221;100&#8243; align_horizontal=&#8221;align_center&#8221; gutter_size=&#8221;3&#8243; overlay_alpha=&#8221;50&#8243; shift_x=&#8221;0&#8243; shift_y=&#8221;0&#8243; shift_y_down=&#8221;0&#8243; z_index=&#8221;0&#8243; medium_width=&#8221;0&#8243; mobile_width=&#8221;0&#8243; width=&#8221;1\/1&#8243; uncode_shortcode_id=&#8221;192213&#8243;][vc_raw_html]JTNDaWZyYW1lJTIwd2lkdGglM0QlMjI2MjBweCUyMiUyMGhlaWdodCUzRCUyMjQwMHB4JTIyJTIwc3JjJTNEJTIyaHR0cHMlM0ElMkYlMkZ3d3cueXVtcHUuY29tJTJGeHglMkZlbWJlZCUyRnZpZXclMkZTRVZla0x2UHhoTWZBT0hqJTIyJTIwZnJhbWVib3JkZXIlM0QlMjIwJTIyJTIwYWxsb3dmdWxsc2NyZWVuJTNEJTIydHJ1ZSUyMiUyMCUyMGFsbG93dHJhbnNwYXJlbmN5JTNEJTIydHJ1ZSUyMiUzRSUzQyUyRmlmcmFtZSUzRQ==[\/vc_raw_html][\/vc_column][\/vc_row][vc_row][vc_column width=&#8221;1\/1&#8243;][vc_column_text uncode_shortcode_id=&#8221;161544&#8243;]<\/p>\n<hr \/>\n<p><iframe title=\"Apr\u00e8n a llegir amb la COL\u00b7LECCI\u00d3 PLOU I FA SOL\" width=\"840\" height=\"473\" src=\"https:\/\/www.youtube.com\/embed\/490ifwt9dqk?feature=oembed&#038;enablejsapi=1&#038;origin=https:\/\/www.editorialelpirata.com&#038;width=840&#038;height=1000&#038;discover=1\" frameborder=\"0\" allow=\"accelerometer; autoplay; clipboard-write; encrypted-media; gyroscope; picture-in-picture; web-share\" referrerpolicy=\"strict-origin-when-cross-origin\" allowfullscreen><\/iframe><\/p>\n<hr \/>\n<h2>Ara pots aconseguir els nou t\u00edtols amb una motxilla de regal<\/h2>\n<p><iframe title=\"Col\u00b7lecci\u00f3 APR\u00c8N A LLEGIR - Amb MOTXILLA de regal!\" width=\"840\" height=\"473\" src=\"https:\/\/www.youtube.com\/embed\/-GCMA-nAl9U?feature=oembed&#038;enablejsapi=1&#038;origin=https:\/\/www.editorialelpirata.com&#038;width=840&#038;height=1000&#038;discover=1\" frameborder=\"0\" allow=\"accelerometer; autoplay; clipboard-write; encrypted-media; gyroscope; picture-in-picture; web-share\" referrerpolicy=\"strict-origin-when-cross-origin\" allowfullscreen><\/iframe><\/p>\n<p>[\/vc_column_text][\/vc_column][\/vc_row][vc_row][vc_column][vc_column_text][\/vc_column_text][\/vc_column][\/vc_row]<\/p>\n<\/div>","protected":false},"excerpt":{"rendered":"<h3>Nou disseny disponible.<\/h3>\n<p>&#8220;Una vegada hi havia un cotxe que ja tenia molts anys i, \u00e9s clar, com que era vell, el seu amo se&#8217;l va vendre i en va comprar un de nou.&#8221;<\/p>\n<p>La hist\u00f2ria de com un simp\u00e0tic cotxe de segona m\u00e0 s&#8217;integra a la fam\u00edlia dels seus nous amos.<\/p>\n<p>&nbsp;<\/p>\n<p>Autor: Joan Rossell<\/p>\n<p>Il\u00b7lustrador: Xavier Cuss\u00f3<\/p>\n<p>&nbsp;<\/p>\n","protected":false},"featured_media":98316,"template":"","meta":[],"product_brand":[],"product_cat":[2117,2118,2123,2134,2135,2343],"product_tag":[2984,3032,3043,3045,3070,3071,3072,3157,2881],"class_list":{"0":"post-96674","1":"product","2":"type-product","3":"status-publish","4":"has-post-thumbnail","6":"product_cat-llibres-per-6-anys","7":"product_cat-aprendre-a-llegir","8":"product_cat-tots-els-llibres","9":"product_cat-joan-rossell-escriptors","10":"product_cat-xavier-cusso-grau","11":"product_cat-lletra-lligada","12":"product_tag-contes-nens-ca","13":"product_tag-lletra-lligada-ca","14":"product_tag-aprendre-llegir-ca","15":"product_tag-llibres-lletra-lligada-ca","16":"product_tag-apren-llegir-ca","17":"product_tag-lletra-de-pal-ca","18":"product_tag-lletra-majuscula-ca","19":"product_tag-llibres-nens-ca-2","20":"product_tag-contes-infantils-ca","22":"first","23":"instock","24":"shipping-taxable","25":"purchasable","26":"product-type-variable","27":"has-default-attributes"},"_links":{"self":[{"href":"https:\/\/www.editorialelpirata.com\/ca\/wp-json\/wp\/v2\/product\/96674","targetHints":{"allow":["GET"]}}],"collection":[{"href":"https:\/\/www.editorialelpirata.com\/ca\/wp-json\/wp\/v2\/product"}],"about":[{"href":"https:\/\/www.editorialelpirata.com\/ca\/wp-json\/wp\/v2\/types\/product"}],"wp:featuredmedia":[{"embeddable":true,"href":"https:\/\/www.editorialelpirata.com\/ca\/wp-json\/wp\/v2\/media\/98316"}],"wp:attachment":[{"href":"https:\/\/www.editorialelpirata.com\/ca\/wp-json\/wp\/v2\/media?parent=96674"}],"wp:term":[{"taxonomy":"product_brand","embeddable":true,"href":"https:\/\/www.editorialelpirata.com\/ca\/wp-json\/wp\/v2\/product_brand?post=96674"},{"taxonomy":"product_cat","embeddable":true,"href":"https:\/\/www.editorialelpirata.com\/ca\/wp-json\/wp\/v2\/product_cat?post=96674"},{"taxonomy":"product_tag","embeddable":true,"href":"https:\/\/www.editorialelpirata.com\/ca\/wp-json\/wp\/v2\/product_tag?post=96674"}],"curies":[{"name":"wp","href":"https:\/\/api.w.org\/{rel}","templated":true}]}}