{"id":96670,"date":"2021-06-01T15:10:01","date_gmt":"2021-06-01T15:10:01","guid":{"rendered":"https:\/\/www.editorialelpirata.com\/?post_type=product&#038;p=96670"},"modified":"2025-05-16T09:50:15","modified_gmt":"2025-05-16T09:50:15","slug":"simba-el-lleo","status":"publish","type":"product","link":"https:\/\/www.editorialelpirata.com\/ca\/Producte\/simba-el-lleo\/","title":{"rendered":"SIMBA, EL LLE\u00d3"},"content":{"rendered":"<div class=\"wpb-content-wrapper\"><p>[vc_row][vc_column][vc_column_text uncode_shortcode_id=&#8221;669152&#8243;]<\/p>\n<h1>Un llibre ideal per aprendre a llegir en lletra de pal i lligada<\/h1>\n<p>&#8220;<strong>Simba, el lle\u00f3<\/strong>&#8220;, \u00e9s un llibre de la col\u00b7lecci\u00f3 &#8220;<strong>Plou i Fa Sol<\/strong>&#8220;.<\/p>\n<p>Fa un rep\u00e0s als animals de la selva alhora que narra una divertida aventura del lleonet protagonista.<\/p>\n<p><strong>El text est\u00e0 tan en lletra de pal com amb lletra lligada. <\/strong><\/p>\n<p>L&#8217;objectiu \u00e9s ajudar a l&#8217;aprenentatge d&#8217;ambd\u00f3s estils de lletra a la vegada que es passa una bona estona.[\/vc_column_text][\/vc_column][\/vc_row][vc_row][vc_column column_width_percent=&#8221;100&#8243; align_horizontal=&#8221;align_center&#8221; gutter_size=&#8221;3&#8243; overlay_alpha=&#8221;50&#8243; shift_x=&#8221;0&#8243; shift_y=&#8221;0&#8243; shift_y_down=&#8221;0&#8243; z_index=&#8221;0&#8243; medium_width=&#8221;0&#8243; mobile_width=&#8221;0&#8243; width=&#8221;1\/1&#8243; uncode_shortcode_id=&#8221;157172&#8243;][vc_raw_html]JTNDaWZyYW1lJTIwd2lkdGglM0QlMjI2MjBweCUyMiUyMGhlaWdodCUzRCUyMjQwMHB4JTIyJTIwc3JjJTNEJTIyaHR0cHMlM0ElMkYlMkZ3d3cueXVtcHUuY29tJTJGZXMlMkZlbWJlZCUyRnZpZXclMkZ1Ujl0cmwwbU9pWVV4UVNMJTIyJTIwZnJhbWVib3JkZXIlM0QlMjIwJTIyJTIwYWxsb3dmdWxsc2NyZWVuJTNEJTIydHJ1ZSUyMiUyMCUyMGFsbG93dHJhbnNwYXJlbmN5JTNEJTIydHJ1ZSUyMiUzRSUzQyUyRmlmcmFtZSUzRQ==[\/vc_raw_html][\/vc_column][\/vc_row][vc_row][vc_column width=&#8221;1\/1&#8243;][vc_raw_html]JTNDaWZyYW1lJTIwd2lkdGglM0QlMjI1NjAlMjIlMjBoZWlnaHQlM0QlMjIzMTUlMjIlMjBzcmMlM0QlMjJodHRwcyUzQSUyRiUyRnd3dy55b3V0dWJlLmNvbSUyRmVtYmVkJTJGNDkwaWZ3dDlkcWslM0ZzaSUzREd5ZTRaRXUxb0lpZ05oOHYlMjIlMjB0aXRsZSUzRCUyMllvdVR1YmUlMjB2aWRlbyUyMHBsYXllciUyMiUyMGZyYW1lYm9yZGVyJTNEJTIyMCUyMiUyMGFsbG93JTNEJTIyYWNjZWxlcm9tZXRlciUzQiUyMGF1dG9wbGF5JTNCJTIwY2xpcGJvYXJkLXdyaXRlJTNCJTIwZW5jcnlwdGVkLW1lZGlhJTNCJTIwZ3lyb3Njb3BlJTNCJTIwcGljdHVyZS1pbi1waWN0dXJlJTNCJTIwd2ViLXNoYXJlJTIyJTIwcmVmZXJyZXJwb2xpY3klM0QlMjJzdHJpY3Qtb3JpZ2luLXdoZW4tY3Jvc3Mtb3JpZ2luJTIyJTIwYWxsb3dmdWxsc2NyZWVuJTNFJTNDJTJGaWZyYW1lJTNF[\/vc_raw_html][vc_column_text uncode_shortcode_id=&#8221;201216&#8243;]<\/p>\n<h3><a href=\"https:\/\/www.editorialelpirata.com\/ca\/llibres-6-anys-lletra-lligada\/\" target=\"_blank\" rel=\"noopener noreferrer\"><b>Disponible tamb\u00e9 en castell\u00e0 en la combinaci\u00f3 de lletra de pal i imprenta<\/b><\/a><\/h3>\n<p>[\/vc_column_text][vc_column_text uncode_shortcode_id=&#8221;160762&#8243;]<\/p>\n<h3><b><\/b>Ara pots aconseguir els nou t\u00edtols amb una <a href=\"https:\/\/www.edicionsdelpirata.cat\/producte\/motxilla-plou-fa-sol-aprendre-a-llegir\/\" target=\"_blank\" rel=\"noopener noreferrer\">motxilla<\/a> de regal<\/h3>\n<p>[\/vc_column_text][vc_raw_html]JTIwJTNDaWZyYW1lJTIwd2lkdGglM0QlMjI1NjAlMjIlMjBoZWlnaHQlM0QlMjIzMTUlMjIlMjBzcmMlM0QlMjJodHRwcyUzQSUyRiUyRnd3dy55b3V0dWJlLmNvbSUyRmVtYmVkJTJGLUdDTUEtbkFsOVUlM0ZzaSUzRHpaVVV1MVY2bGQ0R0hBWV8lMjIlMjB0aXRsZSUzRCUyMllvdVR1YmUlMjB2aWRlbyUyMHBsYXllciUyMiUyMGZyYW1lYm9yZGVyJTNEJTIyMCUyMiUyMGFsbG93JTNEJTIyYWNjZWxlcm9tZXRlciUzQiUyMGF1dG9wbGF5JTNCJTIwY2xpcGJvYXJkLXdyaXRlJTNCJTIwZW5jcnlwdGVkLW1lZGlhJTNCJTIwZ3lyb3Njb3BlJTNCJTIwcGljdHVyZS1pbi1waWN0dXJlJTNCJTIwd2ViLXNoYXJlJTIyJTIwcmVmZXJyZXJwb2xpY3klM0QlMjJzdHJpY3Qtb3JpZ2luLXdoZW4tY3Jvc3Mtb3JpZ2luJTIyJTIwYWxsb3dmdWxsc2NyZWVuJTNFJTNDJTJGaWZyYW1lJTNF[\/vc_raw_html][\/vc_column][\/vc_row]<\/p>\n<\/div>","protected":false},"excerpt":{"rendered":"<h3><strong>5a. edici\u00f3<\/strong><\/h3>\n<p>En Simba \u00e9s un entremaliat cadell de lle\u00f3 que, de tant en tant, s&#8217;escapa de la seva colla per fer excursions i veure altres animals. Li agraden les zebres, les girafes de coll llarg, els micos esvalotats i divertits&#8230;<br \/>\nFins que un dia, veu una cosa que no havia observat mai fins aleshores.<\/p>\n<p>&nbsp;<\/p>\n<p>Autor: <a href=\"https:\/\/www.edicionsdelpirata.cat\/bernat-cusso\/\" target=\"_blank\" rel=\"noopener noreferrer\">Bernat Cuss\u00f3<\/a><\/p>\n<p>Il\u00b7lustradora: <a href=\"https:\/\/www.edicionsdelpirata.cat\/anna-clariana\/\" target=\"_blank\" rel=\"noopener noreferrer\">Anna Clariana<\/a><\/p>\n","protected":false},"featured_media":96671,"template":"","meta":[],"product_brand":[],"product_cat":[2117,2118,2123,2126,2127],"product_tag":[3090,601,919,2124,2880,2881],"class_list":{"0":"post-96670","1":"product","2":"type-product","3":"status-publish","4":"has-post-thumbnail","6":"product_cat-llibres-per-6-anys","7":"product_cat-aprendre-a-llegir","8":"product_cat-tots-els-llibres","9":"product_cat-anna-clariana-illustradors","10":"product_cat-bernat-cusso-grau-escriptors","11":"product_tag-animals-ca","12":"product_tag-lleons","13":"product_tag-selva","14":"product_tag-primers-lectors","15":"product_tag-aprendre-a-llegir-ca","16":"product_tag-contes-infantils-ca","18":"first","19":"instock","20":"shipping-taxable","21":"purchasable","22":"product-type-variable","23":"has-default-attributes"},"_links":{"self":[{"href":"https:\/\/www.editorialelpirata.com\/ca\/wp-json\/wp\/v2\/product\/96670","targetHints":{"allow":["GET"]}}],"collection":[{"href":"https:\/\/www.editorialelpirata.com\/ca\/wp-json\/wp\/v2\/product"}],"about":[{"href":"https:\/\/www.editorialelpirata.com\/ca\/wp-json\/wp\/v2\/types\/product"}],"wp:featuredmedia":[{"embeddable":true,"href":"https:\/\/www.editorialelpirata.com\/ca\/wp-json\/wp\/v2\/media\/96671"}],"wp:attachment":[{"href":"https:\/\/www.editorialelpirata.com\/ca\/wp-json\/wp\/v2\/media?parent=96670"}],"wp:term":[{"taxonomy":"product_brand","embeddable":true,"href":"https:\/\/www.editorialelpirata.com\/ca\/wp-json\/wp\/v2\/product_brand?post=96670"},{"taxonomy":"product_cat","embeddable":true,"href":"https:\/\/www.editorialelpirata.com\/ca\/wp-json\/wp\/v2\/product_cat?post=96670"},{"taxonomy":"product_tag","embeddable":true,"href":"https:\/\/www.editorialelpirata.com\/ca\/wp-json\/wp\/v2\/product_tag?post=96670"}],"curies":[{"name":"wp","href":"https:\/\/api.w.org\/{rel}","templated":true}]}}