{"id":96666,"date":"2021-06-01T16:22:36","date_gmt":"2021-06-01T16:22:36","guid":{"rendered":"https:\/\/www.editorialelpirata.com\/?post_type=product&#038;p=96666"},"modified":"2025-05-16T09:29:28","modified_gmt":"2025-05-16T09:29:28","slug":"trompa-llarga","status":"publish","type":"product","link":"https:\/\/www.editorialelpirata.com\/ca\/Producte\/trompa-llarga\/","title":{"rendered":"TROMPA LLARGA"},"content":{"rendered":"<div class=\"wpb-content-wrapper\"><p>[vc_row][vc_column][vc_column_text uncode_shortcode_id=&#8221;164416&#8243;]<\/p>\n<h1>Un llibre ideal per aprendre a llegir en lletra de pal i lligada<\/h1>\n<p>&#8220;<strong>Trompa Llarga<\/strong>\u201d \u00e9s un llibre de la col\u00b7lecci\u00f3 \u201c<strong>Plou i Fa Sol<\/strong>\u201d.<\/p>\n<p>Narra la hist\u00f2ria d&#8217;una colla d&#8217;elefants que aprenen que, de vegades, ser diferent pot ser molt benefici\u00f3s.<\/p>\n<p><strong>El text est\u00e0 tant en lletra de pal com en lletra lligada.<\/strong><\/p>\n<p>L\u2019objectiu \u00e9s ajudar a l\u2019aprenentatge d\u2019ambd\u00f3s estils de lletra a la vegada que es passa una bona estona.[\/vc_column_text][\/vc_column][\/vc_row][vc_row][vc_column column_width_percent=&#8221;100&#8243; align_horizontal=&#8221;align_center&#8221; gutter_size=&#8221;3&#8243; overlay_alpha=&#8221;50&#8243; shift_x=&#8221;0&#8243; shift_y=&#8221;0&#8243; shift_y_down=&#8221;0&#8243; z_index=&#8221;0&#8243; medium_width=&#8221;0&#8243; mobile_width=&#8221;0&#8243; width=&#8221;1\/1&#8243; uncode_shortcode_id=&#8221;681265&#8243;][vc_raw_html]JTNDaWZyYW1lJTIwd2lkdGglM0QlMjI2MjBweCUyMiUyMGhlaWdodCUzRCUyMjQwMHB4JTIyJTIwc3JjJTNEJTIyaHR0cHMlM0ElMkYlMkZ3d3cueXVtcHUuY29tJTJGeHglMkZlbWJlZCUyRnZpZXclMkZ2bktFRmEwb1JJcDd4cUxZJTIyJTIwZnJhbWVib3JkZXIlM0QlMjIwJTIyJTIwYWxsb3dmdWxsc2NyZWVuJTNEJTIydHJ1ZSUyMiUyMCUyMGFsbG93dHJhbnNwYXJlbmN5JTNEJTIydHJ1ZSUyMiUzRSUzQyUyRmlmcmFtZSUzRQ==[\/vc_raw_html][\/vc_column][\/vc_row][vc_row][vc_column width=&#8221;1\/1&#8243;][vc_column_text uncode_shortcode_id=&#8221;435065&#8243;]<\/p>\n<p><iframe title=\"Apr\u00e8n a llegir amb la COL\u00b7LECCI\u00d3 PLOU I FA SOL\" width=\"840\" height=\"473\" src=\"https:\/\/www.youtube.com\/embed\/490ifwt9dqk?feature=oembed&#038;enablejsapi=1&#038;origin=https:\/\/www.editorialelpirata.com&#038;width=840&#038;height=1000&#038;discover=1\" frameborder=\"0\" allow=\"accelerometer; autoplay; clipboard-write; encrypted-media; gyroscope; picture-in-picture; web-share\" referrerpolicy=\"strict-origin-when-cross-origin\" allowfullscreen><\/iframe><\/p>\n<h3><a href=\"https:\/\/www.editorialelpirata.com\/ca\/llibres-6-anys-lletra-lligada\/\" target=\"_blank\" rel=\"noopener noreferrer\"><b>Disponible tamb\u00e9 en castell\u00e0 en la combinaci\u00f3 de lletra de pal i imprenta<\/b><\/a><\/h3>\n<hr \/>\n<h2>Ara pots aconseguir els nou t\u00edtols amb una <a href=\"https:\/\/www.edicionsdelpirata.cat\/producte\/motxilla-plou-fa-sol-aprendre-a-llegir\/\" target=\"_blank\" rel=\"noopener noreferrer\">motxilla<\/a> de regal<\/h2>\n<p><iframe title=\"Col\u00b7lecci\u00f3 APR\u00c8N A LLEGIR - Amb MOTXILLA de regal!\" width=\"840\" height=\"473\" src=\"https:\/\/www.youtube.com\/embed\/-GCMA-nAl9U?feature=oembed&#038;enablejsapi=1&#038;origin=https:\/\/www.editorialelpirata.com&#038;width=840&#038;height=1000&#038;discover=1\" frameborder=\"0\" allow=\"accelerometer; autoplay; clipboard-write; encrypted-media; gyroscope; picture-in-picture; web-share\" referrerpolicy=\"strict-origin-when-cross-origin\" allowfullscreen><\/iframe><\/p>\n<p>[\/vc_column_text][\/vc_column][\/vc_row]<\/p>\n<\/div>","protected":false},"excerpt":{"rendered":"<h3><span style=\"color: #000000;\"><strong>Conte per aprendre a llegir i tractar el respecte cap als altres.<\/strong><\/span><\/h3>\n<p>Una vegada, quan encara tots els elefants tenien la trompa curteta, n\u2019hi havia ja un que la tenia llarga. Aix\u00f2 feia que els seus companys se\u2019n riguessin. Fins que un dia&#8230;<\/p>\n<p>Voleu saber perqu\u00e8 despr\u00e9s tots van voler imitar-lo? Doncs llegiu aquesta hist\u00f2ria.<\/p>\n<p>&nbsp;<\/p>\n<p>Autora: <a href=\"https:\/\/www.edicionsdelpirata.cat\/nuria-cusso\/\" target=\"_blank\" rel=\"noopener noreferrer\">N\u00faria Cuss\u00f3<\/a><\/p>\n<p>Il\u00b7lustradora: <a href=\"https:\/\/www.edicionsdelpirata.cat\/laia-guerrero\/\" target=\"_blank\" rel=\"noopener noreferrer\">Laia Guerrero<\/a><\/p>\n","protected":false},"featured_media":96667,"template":"","meta":[],"product_brand":[],"product_cat":[2123,2117,2118,2120,2122],"product_tag":[2124,2880,3005,3090,919,3157,920],"class_list":{"0":"post-96666","1":"product","2":"type-product","3":"status-publish","4":"has-post-thumbnail","6":"product_cat-tots-els-llibres","7":"product_cat-llibres-per-6-anys","8":"product_cat-aprendre-a-llegir","9":"product_cat-laia-guerrero-illustradors","10":"product_cat-nuria-cusso-escriptors","11":"product_tag-primers-lectors","12":"product_tag-aprendre-a-llegir-ca","13":"product_tag-contes-valors-ca","14":"product_tag-animals-ca","15":"product_tag-selva","16":"product_tag-llibres-nens-ca-2","17":"product_tag-respecte","19":"first","20":"instock","21":"shipping-taxable","22":"purchasable","23":"product-type-variable","24":"has-default-attributes"},"_links":{"self":[{"href":"https:\/\/www.editorialelpirata.com\/ca\/wp-json\/wp\/v2\/product\/96666","targetHints":{"allow":["GET"]}}],"collection":[{"href":"https:\/\/www.editorialelpirata.com\/ca\/wp-json\/wp\/v2\/product"}],"about":[{"href":"https:\/\/www.editorialelpirata.com\/ca\/wp-json\/wp\/v2\/types\/product"}],"wp:featuredmedia":[{"embeddable":true,"href":"https:\/\/www.editorialelpirata.com\/ca\/wp-json\/wp\/v2\/media\/96667"}],"wp:attachment":[{"href":"https:\/\/www.editorialelpirata.com\/ca\/wp-json\/wp\/v2\/media?parent=96666"}],"wp:term":[{"taxonomy":"product_brand","embeddable":true,"href":"https:\/\/www.editorialelpirata.com\/ca\/wp-json\/wp\/v2\/product_brand?post=96666"},{"taxonomy":"product_cat","embeddable":true,"href":"https:\/\/www.editorialelpirata.com\/ca\/wp-json\/wp\/v2\/product_cat?post=96666"},{"taxonomy":"product_tag","embeddable":true,"href":"https:\/\/www.editorialelpirata.com\/ca\/wp-json\/wp\/v2\/product_tag?post=96666"}],"curies":[{"name":"wp","href":"https:\/\/api.w.org\/{rel}","templated":true}]}}