{"id":106530,"date":"2026-05-06T09:00:33","date_gmt":"2026-05-06T09:00:33","guid":{"rendered":"https:\/\/www.editorialelpirata.com\/?post_type=product&#038;p=106530"},"modified":"2026-04-28T13:30:10","modified_gmt":"2026-04-28T13:30:10","slug":"jo-desapareguda-trilogia","status":"publish","type":"product","link":"https:\/\/www.editorialelpirata.com\/ca\/Producte\/jo-desapareguda-trilogia\/","title":{"rendered":"Jo desapareguda"},"content":{"rendered":"<div class=\"wpb-content-wrapper\"><p>[vc_row][vc_column][vc_column_text uncode_shortcode_id=&#8221;113410&#8243;]<\/p>\n<h2>L\u2019impactant final de la trilogia de thriller juvenil \u00abDesapareguda\u00bb<\/h2>\n<p>Han passat sis anys des del final de Germana desapareguda i la Madison ja \u00e9s adolescent.<br \/>\nDurante una visita a su hermana mayor descubre un secreto sobre su origen.<br \/>\nDescobreix un secret sobre el seu origen i inicia una investigaci\u00f3.<\/p>\n<h3>Un thriller imprescindible que et mantindr\u00e0 atrapat<\/h3>\n<p>Jo desaparegudam, \u00e9s el tercer t\u00edtol de la trilogia Desapareguda de Sophie McKenzie, la reina dels thrillers juvenils, totalment imprescindible per als amants d\u2019aquest g\u00e8nere.<\/p>\n<p>\u00abNo podr\u00e0s deixar de llegir\u00bb <em>(The Independent).<\/em><\/p>\n<p>\u00abEt mantindr\u00e0 atrapat durant hores\u00bb (Sunday Express).<\/p>\n<p>\u00abSi us plau, llegeix aquest llibre: \u00e9s brillant!\u00bb (The Guardian).<\/p>\n<p>\u00abQuan sento la frase \u201cthriller juvenil\u201d, nom\u00e9s penso en un nom, i aquest \u00e9s Sophie McKenzie. Per qu\u00e8? Perqu\u00e8 ning\u00fa no ho fa millor\u00bb (Phil Earle, autor).<\/p>\n<p>\u00abEls thrillers de Sophie s\u00f3n brillants\u2026 No pots deixar de llegir\u00bb (Robert Muchamore, autor supervendes).<\/p>\n<p>\u00abBrillantment descrit, aterridor i emotiu\u00bb (The Daily Mirror).<\/p>\n<h3 data-section-id=\"11r03et\" data-start=\"2271\" data-end=\"2296\">Per qu\u00e8 llegir aquest llibre<\/h3>\n<ul data-start=\"2298\" data-end=\"2594\">\n<li data-section-id=\"lec344\" data-start=\"2298\" data-end=\"2345\">\n<p data-start=\"2300\" data-end=\"2345\">Seq\u00fcela del thriller juvenil supervendes Noia desapareguda<\/p>\n<\/li>\n<li data-section-id=\"1msjgck\" data-start=\"2346\" data-end=\"2403\">\n<p data-start=\"2348\" data-end=\"2403\">Autora amb m\u00e9s <strong data-start=\"2371\" data-end=\"2403\">d\u2019un mili\u00f3 de lectors arreu del m\u00f3n<\/strong><\/p>\n<\/li>\n<li data-section-id=\"aqw695\" data-start=\"2404\" data-end=\"2455\">\n<p data-start=\"2406\" data-end=\"2455\">Ideal per a lectors joves que gaudeixen dels thrillers addictius<\/p>\n<\/li>\n<li data-section-id=\"1bq2398\" data-start=\"2456\" data-end=\"2508\">\n<p data-start=\"2458\" data-end=\"2508\">Forma part d\u2019una trilogia multipremiada internacionalment<\/p>\n<\/li>\n<li data-section-id=\"cpgwec\" data-start=\"2509\" data-end=\"2594\">\n<p data-start=\"2511\" data-end=\"2594\">Hist\u00f2ria plena de misteri, desaparicions i tensi\u00f3 narrativa<\/p>\n<\/li>\n<\/ul>\n<p><strong>Llibres de Sophie McKenzie:<\/strong><\/p>\n<ul>\n<li><a href=\"https:\/\/www.editorialelpirata.com\/ca\/Producte\/noia-desapareguda-juvenil\/\" target=\"_blank\" rel=\"noopener\"><em>llibres adolescencia<\/em><\/a><\/li>\n<li><a href=\"https:\/\/www.editorialelpirata.com\/ca\/Producte\/germana-desapareguda-thriller-juvenil-sophie-mckenzie\/\" target=\"_blank\" rel=\"noopener\"><em>Germana desapareguda<\/em><\/a><\/li>\n<li><em>Jo desapareguda<\/em><\/li>\n<\/ul>\n<h4>\u2022Premis de la trilogia Desapareguda:<\/p>\n<\/h4>\n<ul>\n<li>Guanyadora del Richard and Judy Best Kids\u2019 Books en la categoria +12 anys (2007)\n<\/li>\n<li>Guanyadora del RHCBA en la categoria +12 anys (2007)\n<\/li>\n<li>Guanyadora del John Lewis Solihull Book Award (2008)\n<\/li>\n<li>Guanyadora del Sakura Medal Award atorgat per la International School Libraries of Japan (2008)\n<\/li>\n<li>Guanyadora de l\u2019Ealing Readers Award (2013)<\/li>\n<\/ul>\n<p>[\/vc_column_text][vc_empty_space][vc_column_text uncode_shortcode_id=&#8221;115113&#8243;]Conoce un avance del libro:[\/vc_column_text][\/vc_column][\/vc_row][vc_row][vc_column width=&#8221;1\/4&#8243;][\/vc_column][vc_column width=&#8221;1\/2&#8243;][\/vc_column][vc_column width=&#8221;1\/4&#8243;][\/vc_column][\/vc_row][vc_row][vc_column width=&#8221;1\/1&#8243;][vc_column_text uncode_shortcode_id=&#8221;195412&#8243;]<\/p>\n<hr>\n<div>\n<div>Amb el suport de:<\/div>\n<\/div>\n<div><a href=\"https:\/\/www.editorialelpirata.com\/wp-content\/uploads\/2024\/11\/Logo-icec.jpg\"><img decoding=\"async\" class=\"alignnone wp-image-100853 size-medium\" src=\"https:\/\/www.editorialelpirata.com\/wp-content\/uploads\/2024\/11\/Logo-icec-300x45.jpg\" alt=\"Logo icec complert\" width=\"300\" height=\"45\" title=\"\" srcset=\"https:\/\/www.editorialelpirata.com\/wp-content\/uploads\/2024\/11\/Logo-icec-300x45.jpg 300w, https:\/\/www.editorialelpirata.com\/wp-content\/uploads\/2024\/11\/Logo-icec-1024x155.jpg 1024w, https:\/\/www.editorialelpirata.com\/wp-content\/uploads\/2024\/11\/Logo-icec-768x116.jpg 768w, https:\/\/www.editorialelpirata.com\/wp-content\/uploads\/2024\/11\/Logo-icec-350x53.jpg 350w, https:\/\/www.editorialelpirata.com\/wp-content\/uploads\/2024\/11\/Logo-icec-64x10.jpg 64w, https:\/\/www.editorialelpirata.com\/wp-content\/uploads\/2024\/11\/Logo-icec.jpg 1252w\" sizes=\"(max-width: 300px) 100vw, 300px\" \/><\/a><\/div>\n<p>[\/vc_column_text][\/vc_column][\/vc_row]<\/p>\n<\/div>","protected":false},"excerpt":{"rendered":"<p>Han passat sis anys des del final de Germana desapareguda i la Madison ja \u00e9s adolescent.<br \/>Descobreix un secret sobre el seu origen i inicia una investigaci\u00f3.<br \/>La seva recerca la portar\u00e0 a un misteri ple de noies desaparegudes i perills ocults.<\/p>\n<p>&nbsp;<\/p>\n<p>Aqu\u00ed <a href=\"https:\/\/www.yumpu.com\/xx\/document\/view\/71097786\/jo-desapareguda-yumpu\">en tens una mostra:<\/a><\/p>\n<div>.<\/div>\n<div>\n<p>Autora: <a href=\"https:\/\/www.editorialelpirata.com\/ca\/sophie-mckenzie-ca\/\" target=\"_blank\" rel=\"noopener\"> <strong>Sophie McKenzie<\/strong> <\/a><\/p>\n<\/div>\n","protected":false},"featured_media":106543,"template":"","meta":[],"product_brand":[],"product_cat":[3313,2354,3318,3314],"product_tag":[3316,3317,2915,3319,2916,2919],"class_list":{"0":"post-106530","1":"product","2":"type-product","3":"status-publish","4":"has-post-thumbnail","6":"product_cat-llibre-per-12-anys","7":"product_cat-novetats","8":"product_cat-sophie-mckenzie-ca","9":"product_cat-adolescents","10":"product_tag-llibre-per-12-anys","11":"product_tag-llibres-de-12-anys","12":"product_tag-adolescencia-ca","13":"product_tag-llibre-juvenil-ca-2","14":"product_tag-la-mar-salada-ca","15":"product_tag-novela-juvenil-ca","16":"product_shipping_class-envio-estandar-ca-2","18":"first","19":"instock","20":"shipping-taxable","21":"purchasable","22":"product-type-variable","23":"has-default-attributes"},"_links":{"self":[{"href":"https:\/\/www.editorialelpirata.com\/ca\/wp-json\/wp\/v2\/product\/106530","targetHints":{"allow":["GET"]}}],"collection":[{"href":"https:\/\/www.editorialelpirata.com\/ca\/wp-json\/wp\/v2\/product"}],"about":[{"href":"https:\/\/www.editorialelpirata.com\/ca\/wp-json\/wp\/v2\/types\/product"}],"wp:featuredmedia":[{"embeddable":true,"href":"https:\/\/www.editorialelpirata.com\/ca\/wp-json\/wp\/v2\/media\/106543"}],"wp:attachment":[{"href":"https:\/\/www.editorialelpirata.com\/ca\/wp-json\/wp\/v2\/media?parent=106530"}],"wp:term":[{"taxonomy":"product_brand","embeddable":true,"href":"https:\/\/www.editorialelpirata.com\/ca\/wp-json\/wp\/v2\/product_brand?post=106530"},{"taxonomy":"product_cat","embeddable":true,"href":"https:\/\/www.editorialelpirata.com\/ca\/wp-json\/wp\/v2\/product_cat?post=106530"},{"taxonomy":"product_tag","embeddable":true,"href":"https:\/\/www.editorialelpirata.com\/ca\/wp-json\/wp\/v2\/product_tag?post=106530"}],"curies":[{"name":"wp","href":"https:\/\/api.w.org\/{rel}","templated":true}]}}