{"id":105684,"date":"2023-06-05T08:22:00","date_gmt":"2023-06-05T08:22:00","guid":{"rendered":"https:\/\/www.editorialelpirata.com\/?post_type=product&#038;p=105684"},"modified":"2026-01-15T17:56:52","modified_gmt":"2026-01-15T17:56:52","slug":"la-banda-del-mosquit","status":"publish","type":"product","link":"https:\/\/www.editorialelpirata.com\/ca\/Producte\/la-banda-del-mosquit\/","title":{"rendered":"LA BANDA DEL MOSQUIT"},"content":{"rendered":"<div class=\"wpb-content-wrapper\"><p>[vc_row][vc_column][vc_column_text uncode_shortcode_id=&#8221;448580&#8243;]<\/p>\n<h4>La Banda del mosquit<\/h4>\n<p>S&#8217;anomenen a si mateixos \u201cmosquits&#8221; i aquest nom ja ho diu tot. S\u00f3n petits i actuen molt de pressa. El mateix Llampec ho pot comprovar quan es converteix en v\u00edctima de la Banda del Mosquit a l&#8217;estaci\u00f3 d&#8217;Hamburg.<br \/>\nPer\u00f2 el comissari tamb\u00e9 resol altres casos en qu\u00e8 participen bergants de m\u00e9s entitat. Fins i tot descobreix el misteri\u00f3s lladre que, aparentment, no deixa rastre, i tamb\u00e9 qui \u00e9s el miserable autor de l&#8217;assassinat d&#8217;un camell als estables del sult\u00e0 d\u2019Oman.<br \/>\nISBN:[\/vc_column_text][\/vc_column][\/vc_row][vc_row][vc_column width=&#8221;1\/1&#8243;][vc_column_text uncode_shortcode_id=&#8221;178151&#8243;]Amb el suport de:<\/p>\n<p><a href=\"https:\/\/www.editorialelpirata.com\/wp-content\/uploads\/2024\/11\/Logo-icec.jpg\"><img decoding=\"async\" class=\"alignnone size-medium wp-image-100854\" src=\"https:\/\/www.editorialelpirata.com\/wp-content\/uploads\/2024\/11\/Logo-icec-300x45.jpg\" alt=\"Logo icec complert\" width=\"300\" height=\"45\" title=\"\"><\/a>[\/vc_column_text][\/vc_column][\/vc_row]<\/p>\n<\/div>","protected":false},"excerpt":{"rendered":"<h3>Converteix-te en el millor detectiu del m\u00f3n!<\/h3>\n<p>Cada cap\u00edtol \u00e9s<strong> un cas diferent <\/strong>del Comissari Llampec. Al final de tots els casos,<b> una pregunta et permetr\u00e0 esbrinar si tu tamb\u00e9 ets capa\u00e7 de resoldre&#8217;ls.<\/b><\/p>\n<p>&nbsp;<\/p>\n<p>Autora: Ursel Scheffler<\/p>\n<p>Il\u00b7lustrador: Hannes Gerber<\/p>\n","protected":false},"featured_media":98349,"template":"","meta":[],"product_brand":[],"product_cat":[2170,3195,2123,3274,2162,2163,2165,2169],"product_tag":[3529,2166],"class_list":{"0":"post-105684","1":"product","2":"type-product","3":"status-publish","4":"has-post-thumbnail","6":"product_cat-llibres-per-10-anys","7":"product_cat-tots-els-llibres-ca","8":"product_cat-tots-els-llibres","9":"product_cat-llibres-per-10-anys-ca","10":"product_cat-comissari-llampec-tots-els-titols","11":"product_cat-hannes-gerber-illustradors","12":"product_cat-ursel-scheffler-escriptors","13":"product_cat-comissari-llampec-10-anys","14":"product_tag-10-anys-ca","15":"product_tag-comissari-llampec","16":"product_shipping_class-envio-estandar-ca-2","18":"first","19":"instock","20":"shipping-taxable","21":"purchasable","22":"product-type-simple"},"_links":{"self":[{"href":"https:\/\/www.editorialelpirata.com\/ca\/wp-json\/wp\/v2\/product\/105684","targetHints":{"allow":["GET"]}}],"collection":[{"href":"https:\/\/www.editorialelpirata.com\/ca\/wp-json\/wp\/v2\/product"}],"about":[{"href":"https:\/\/www.editorialelpirata.com\/ca\/wp-json\/wp\/v2\/types\/product"}],"wp:featuredmedia":[{"embeddable":true,"href":"https:\/\/www.editorialelpirata.com\/ca\/wp-json\/wp\/v2\/media\/98349"}],"wp:attachment":[{"href":"https:\/\/www.editorialelpirata.com\/ca\/wp-json\/wp\/v2\/media?parent=105684"}],"wp:term":[{"taxonomy":"product_brand","embeddable":true,"href":"https:\/\/www.editorialelpirata.com\/ca\/wp-json\/wp\/v2\/product_brand?post=105684"},{"taxonomy":"product_cat","embeddable":true,"href":"https:\/\/www.editorialelpirata.com\/ca\/wp-json\/wp\/v2\/product_cat?post=105684"},{"taxonomy":"product_tag","embeddable":true,"href":"https:\/\/www.editorialelpirata.com\/ca\/wp-json\/wp\/v2\/product_tag?post=105684"}],"curies":[{"name":"wp","href":"https:\/\/api.w.org\/{rel}","templated":true}]}}