{"id":105520,"date":"2026-01-28T09:00:41","date_gmt":"2026-01-28T09:00:41","guid":{"rendered":"https:\/\/www.editorialelpirata.com\/?post_type=product&#038;p=105520"},"modified":"2026-04-20T14:37:49","modified_gmt":"2026-04-20T14:37:49","slug":"popup-bebes","status":"publish","type":"product","link":"https:\/\/www.editorialelpirata.com\/ca\/Producte\/popup-bebes\/","title":{"rendered":"POP-UP BEBES"},"content":{"rendered":"<div class=\"wpb-content-wrapper\"><p>[vc_row][vc_column][vc_column_text uncode_shortcode_id=&#8221;104500&#8243;]<strong>Descobreix els beb\u00e8s dels animals amb solapes i pop-ups sorpresa!<\/strong><\/p>\n<p>Un llibre pop-up tendre i interactiu perqu\u00e8 els m\u00e9s petits gaudeixin descobrint els beb\u00e8s d\u2019animals mentre juguen a fet i amagar. A cada doble p\u00e0gina, escenes plenes de color conviden els infants a buscar qui s\u2019amaga darrere de les solapes grans i els sorprenents desplegables.<\/p>\n<p>Balena, lle\u00f3, cangur, ping\u00fc\u00ed o orangutan\u2026 Podr\u00e0s trobar el beb\u00e8 a cada p\u00e0gina? Les il\u00b7lustracions dolces i el mecanisme de pop-up<strong> estimulen la curiositat, la coordinaci\u00f3 i el plaer per la lectura<\/strong> des de ben petits.<\/p>\n<p>Un llibre resistent, ideal per a mans petites, que converteix la lectura en una experi\u00e8ncia l\u00fadica i participativa. Recomanat per a infants <strong>a<\/strong> <strong>partir de 2 anys<\/strong>.<\/p>\n<ul>\n<li>Amb solapes i pop-ups sorpresa<\/li>\n<li>Animals entranyables i escenes plenes de vida<\/li>\n<li>Perfecte per compartir i aprendre jugant<\/li>\n<\/ul>\n<p>Un primer llibre ideal per despertar l\u2019amor pels llibres i pels animals.<\/p>\n<p><strong>Descobreix m\u00e9s llibres per a beb\u00e8s:<\/strong><\/p>\n<ul>\n<li><a href=\"https:\/\/www.editorialelpirata.com\/ca\/Producte\/sons-animals\/\" target=\"_blank\" rel=\"noopener\"><em>Els animals i les seves mames<\/em> (conte amb sons)<\/a><\/li>\n<li><a href=\"https:\/\/www.editorialelpirata.com\/ca\/Producte\/soroll-al-bosc\/\" target=\"_blank\" rel=\"noopener\"><em>Qui ha fet aquest soroll? Al bosc<\/em> (conte amb sons)<\/a><\/li>\n<li><a href=\"https:\/\/www.editorialelpirata.com\/ca\/Producte\/soroll-a-la-jungla\/\" target=\"_blank\" rel=\"noopener\"><em>Qui ha fet aquest soroll? A la jungla<\/em> (conte amb sons)<\/a><\/li>\n<li><a href=\"https:\/\/www.editorialelpirata.com\/ca\/Producte\/els-meus-primers-contes-de-bebe\/\" target=\"_blank\" rel=\"noopener\"><em>Contes per a beb\u00e8s: tres contes interactius per als m\u00e9s petits<\/em> (contes de tela i per al bany)<\/a><\/li>\n<\/ul>\n<p>[\/vc_column_text][\/vc_column][\/vc_row][vc_row][vc_column width=&#8221;1\/1&#8243;][vc_raw_html]JTNDaWZyYW1lJTIwd2lkdGglM0QlMjI1NjAlMjIlMjBoZWlnaHQlM0QlMjIzMTUlMjIlMjBzcmMlM0QlMjJodHRwcyUzQSUyRiUyRnd3dy55b3V0dWJlLmNvbSUyRmVtYmVkJTJGOGxHNDF0cGJPRTQlM0ZzaSUzRGhvWWtVd3ZLM1VvNkppVC0lMjIlMjB0aXRsZSUzRCUyMllvdVR1YmUlMjB2aWRlbyUyMHBsYXllciUyMiUyMGZyYW1lYm9yZGVyJTNEJTIyMCUyMiUyMGFsbG93JTNEJTIyYWNjZWxlcm9tZXRlciUzQiUyMGF1dG9wbGF5JTNCJTIwY2xpcGJvYXJkLXdyaXRlJTNCJTIwZW5jcnlwdGVkLW1lZGlhJTNCJTIwZ3lyb3Njb3BlJTNCJTIwcGljdHVyZS1pbi1waWN0dXJlJTNCJTIwd2ViLXNoYXJlJTIyJTIwcmVmZXJyZXJwb2xpY3klM0QlMjJzdHJpY3Qtb3JpZ2luLXdoZW4tY3Jvc3Mtb3JpZ2luJTIyJTIwYWxsb3dmdWxsc2NyZWVuJTNFJTNDJTJGaWZyYW1lJTNF[\/vc_raw_html][\/vc_column][\/vc_row][vc_row][vc_column width=&#8221;1\/1&#8243;][vc_column_text uncode_shortcode_id=&#8221;434732&#8243;]<\/p>\n<hr \/>\n<p>Amb el suport de:<\/p>\n<p>&nbsp;<\/p>\n<p><a href=\"https:\/\/www.editorialelpirata.com\/wp-content\/uploads\/2024\/11\/Logo-icec.jpg\"><img decoding=\"async\" class=\"alignnone size-medium wp-image-100854\" src=\"https:\/\/www.editorialelpirata.com\/wp-content\/uploads\/2024\/11\/Logo-icec-300x45.jpg\" alt=\"Logo icec complert\" width=\"300\" height=\"45\" title=\"\"><\/a>[\/vc_column_text][\/vc_column][\/vc_row]<\/p>\n<\/div>","protected":false},"excerpt":{"rendered":"<h2>Descobreix els beb\u00e8s dels animals amb solapes i pop-ups sorpresa!<\/h2>\n<p>Un llibre pop-up tendre i interactiu perqu\u00e8 els m\u00e9s petits gaudeixin descobrint els beb\u00e8s d\u2019animals mentre juguen a fet i amagar.<\/p>\n<p>Il\u00b7lustradora: <a href=\"https:\/\/www.edicionsdelpirata.cat\/alicia-teba\/\" target=\"_blank\" rel=\"noopener\">Alicia Teba<\/a><\/p>\n","protected":false},"featured_media":106239,"template":"","meta":[],"product_brand":[],"product_cat":[2356,2419,3430,3685,3760,2123,2335,2956,2354,3195],"product_tag":[2808,2809,2810,2811,3761,2812,2813,2814],"class_list":{"0":"post-105520","1":"product","2":"type-product","3":"status-publish","4":"has-post-thumbnail","6":"product_cat-contes-2-a-5-anys","7":"product_cat-contes-per-bebes","8":"product_cat-llibres-per-explicar","9":"product_cat-llibres-per-jugar-ca","10":"product_cat-pop-up","11":"product_cat-tots-els-llibres","12":"product_cat-llibres-joc","13":"product_cat-llibres-per-jugar-2","14":"product_cat-novetats","15":"product_cat-tots-els-llibres-ca","16":"product_tag-contes-bebes-1-any-ca","17":"product_tag-contes-per-a-bebes-ca","18":"product_tag-contes-per-a-nadons-ca","19":"product_tag-contes-per-a-nadons-en-catala-ca","20":"product_tag-pop-up","21":"product_tag-llibre-contes-per-dormir-ca","22":"product_tag-llibres-interactius-ca","23":"product_tag-regals-per-a-nens-ca","25":"first","26":"instock","27":"shipping-taxable","28":"purchasable","29":"product-type-variable","30":"has-default-attributes"},"_links":{"self":[{"href":"https:\/\/www.editorialelpirata.com\/ca\/wp-json\/wp\/v2\/product\/105520","targetHints":{"allow":["GET"]}}],"collection":[{"href":"https:\/\/www.editorialelpirata.com\/ca\/wp-json\/wp\/v2\/product"}],"about":[{"href":"https:\/\/www.editorialelpirata.com\/ca\/wp-json\/wp\/v2\/types\/product"}],"wp:featuredmedia":[{"embeddable":true,"href":"https:\/\/www.editorialelpirata.com\/ca\/wp-json\/wp\/v2\/media\/106239"}],"wp:attachment":[{"href":"https:\/\/www.editorialelpirata.com\/ca\/wp-json\/wp\/v2\/media?parent=105520"}],"wp:term":[{"taxonomy":"product_brand","embeddable":true,"href":"https:\/\/www.editorialelpirata.com\/ca\/wp-json\/wp\/v2\/product_brand?post=105520"},{"taxonomy":"product_cat","embeddable":true,"href":"https:\/\/www.editorialelpirata.com\/ca\/wp-json\/wp\/v2\/product_cat?post=105520"},{"taxonomy":"product_tag","embeddable":true,"href":"https:\/\/www.editorialelpirata.com\/ca\/wp-json\/wp\/v2\/product_tag?post=105520"}],"curies":[{"name":"wp","href":"https:\/\/api.w.org\/{rel}","templated":true}]}}