{"id":105507,"date":"2026-01-20T09:00:34","date_gmt":"2026-01-20T09:00:34","guid":{"rendered":"https:\/\/www.editorialelpirata.com\/?post_type=product&#038;p=105507"},"modified":"2026-01-28T14:16:33","modified_gmt":"2026-01-28T14:16:33","slug":"el-gran-llibre-joc-de-fantasia","status":"publish","type":"product","link":"https:\/\/www.editorialelpirata.com\/ca\/Producte\/el-gran-llibre-joc-de-fantasia\/","title":{"rendered":"EL GRAN LLIBRE JOC DE LA FANTASIA"},"content":{"rendered":"<div class=\"wpb-content-wrapper\"><p>[vc_row][vc_column][vc_column_text uncode_shortcode_id=&#8221;211546&#8243;]<em>El gran llibre joc de la fantasia<\/em> \u00e9s un <strong>llibre per buscar i trobar gegant<\/strong> amb unes il\u00b7lustracions espectaculars i plenes de detalls.<\/p>\n<p>Inclou <strong>jocs de diferents nivells<\/strong>, cosa que permet que els infants el puguin fer servir durant uns quants anys, a mesura que van creixent, o que nens d\u2019edats diferents puguin jugar simult\u00e0niament, alhora que comencen a con\u00e8ixer millor alguns dels personatges fant\u00e0stics i les criatures mitol\u00f2giques m\u00e9s incre\u00efbles.<\/p>\n<p>Les p\u00e0gines <strong>de cartr\u00f3<\/strong> i les dimensions enormes del llibre, 27 x 37 cm, permeten que quedi de peu i que uns quants nens, l\u2019un al costat de l\u2019altre, hi puguin jugar junts. En cada doble p\u00e0gina hi ha una il\u00b7lustraci\u00f3 enorme i a tot color plena de detalls, i <strong>les propostes de joc s\u00f3n diverses segons l\u2019edat dels infants<\/strong>:<\/p>\n<ul>\n<li><strong>Per als m\u00e9s petits: <\/strong>Buscar els elements destacats en les il\u00b7lustracions. A partir de 3-4 anys.<\/li>\n<li><strong>Per als mitjans: <\/strong>Trobar 10 detalls que comencin per la mateixa lletra. A partir de 5-6 anys.<\/li>\n<li><strong>Per als m\u00e9s grans: <\/strong>Buscar 10 animals o objectes amagats dins les il\u00b7lustracions. A partir de 7-8 anys.<\/li>\n<\/ul>\n<p>Descobreix tot un m\u00f3n de fantasia i criatures m\u00e0giques! Dracs, bruixes i bruixots, criatures mitol\u00f2giques, fades i follets, unicorns i l\u2019Atl\u00e0ntida.<\/p>\n<p>El llibre inclou un codi QR que redirigeix al web d\u2019Editorial El Pirata, on es poden trobar les <strong>solucions dels jocs i curiositats sobre el m\u00f3n de la fantasia i la mitologia<\/strong> que hi ha representats en les il\u00b7lustracions.<\/p>\n<p><strong>M\u00e9s llibres joc de la col\u00b7lecci\u00f3:\u00a0<\/strong><\/p>\n<ul>\n<li><em>El gran llibre joc de les civilitzacions\u00a0<\/em><\/li>\n<li><em>El gran llibre joc dels monstres\u00a0<\/em><\/li>\n<li><em>El gran llibre joc dels aventurers\u00a0<\/em><\/li>\n<li><em>El gran llibre joc de l\u2019espai\u00a0<\/em><\/li>\n<li><em>El gran llibre joc de Nadal\u00a0<\/em><\/li>\n<li><em>El gran llibre joc dels dinosaures<\/em><\/li>\n<\/ul>\n<p>[\/vc_column_text][\/vc_column][\/vc_row][vc_row][vc_column column_width_percent=&#8221;100&#8243; align_horizontal=&#8221;align_center&#8221; gutter_size=&#8221;3&#8243; overlay_alpha=&#8221;50&#8243; shift_x=&#8221;0&#8243; shift_y=&#8221;0&#8243; shift_y_down=&#8221;0&#8243; z_index=&#8221;0&#8243; medium_width=&#8221;0&#8243; mobile_width=&#8221;0&#8243; width=&#8221;1\/1&#8243; uncode_shortcode_id=&#8221;188503&#8243;][vc_column_text uncode_shortcode_id=&#8221;828640&#8243;]<br \/>\nFes una ullada al seu interior:<br \/>\n[\/vc_column_text][vc_raw_html]JTNDaWZyYW1lJTIwd2lkdGglM0QlMjI2MjBweCUyMiUyMGhlaWdodCUzRCUyMjQwMHB4JTIyJTIwc3JjJTNEJTIyaHR0cHMlM0ElMkYlMkZ3d3cueXVtcHUuY29tJTJGeHglMkZlbWJlZCUyRnZpZXclMkZBb0NjOVhudkQzVHhQWnVkJTIyJTIwZnJhbWVib3JkZXIlM0QlMjIwJTIyJTIwYWxsb3dmdWxsc2NyZWVuJTNEJTIydHJ1ZSUyMiUyMCUyMGFsbG93dHJhbnNwYXJlbmN5JTNEJTIydHJ1ZSUyMiUzRSUzQyUyRmlmcmFtZSUzRQ==[\/vc_raw_html][\/vc_column][\/vc_row][vc_row][vc_column width=&#8221;1\/1&#8243;][vc_column_text uncode_shortcode_id=&#8221;179521&#8243;]Descobreix tot un m\u00f3n de fantasia i criatures m\u00e0giques! Dracs, bruixes i bruixots, criatures mitol\u00f2giques, fades i follets, unicorns i l\u2019Atl\u00e0ntida.<\/p>\n<p>El llibre inclou un codi QR que redirigeix al web d\u2019Editorial El Pirata, on es poden trobar les <strong>solucions dels jocs i curiositats sobre el m\u00f3n de la fantasia i la mitologia<\/strong> que hi ha representats en les il\u00b7lustracions.[\/vc_column_text][\/vc_column][\/vc_row][vc_row][vc_column column_width_percent=&#8221;100&#8243; align_horizontal=&#8221;align_center&#8221; gutter_size=&#8221;3&#8243; overlay_alpha=&#8221;50&#8243; shift_x=&#8221;0&#8243; shift_y=&#8221;0&#8243; shift_y_down=&#8221;0&#8243; z_index=&#8221;0&#8243; medium_width=&#8221;0&#8243; mobile_width=&#8221;0&#8243; width=&#8221;1\/1&#8243; uncode_shortcode_id=&#8221;598657&#8243;][vc_button button_color=&#8221;color-210407&#8243; border_width=&#8221;0&#8243; link=&#8221;url:https%3A%2F%2Fwww.editorialelpirata.com%2Fca%2F%3Fpage_id%3D103381|title:Solucionario%20Fantasia|target:_blank|&#8221; button_color_type=&#8221;uncode-palette&#8221; uncode_shortcode_id=&#8221;177607&#8243;]Ves al solucionari [\/vc_button][\/vc_column][\/vc_row][vc_row][vc_column width=&#8221;1\/1&#8243;][vc_column_text uncode_shortcode_id=&#8221;147421&#8243;]<\/p>\n<div>Amb el suport de:<\/div>\n<p><a href=\"https:\/\/www.editorialelpirata.com\/wp-content\/uploads\/2024\/11\/Logo-icec.jpg\"><img decoding=\"async\" class=\"alignnone size-medium wp-image-100853\" src=\"https:\/\/www.editorialelpirata.com\/wp-content\/uploads\/2024\/11\/Logo-icec-300x45.jpg\" alt=\"Logo icec complert\" width=\"300\" height=\"45\" title=\"\" srcset=\"https:\/\/www.editorialelpirata.com\/wp-content\/uploads\/2024\/11\/Logo-icec-300x45.jpg 300w, https:\/\/www.editorialelpirata.com\/wp-content\/uploads\/2024\/11\/Logo-icec-1024x155.jpg 1024w, https:\/\/www.editorialelpirata.com\/wp-content\/uploads\/2024\/11\/Logo-icec-768x116.jpg 768w, https:\/\/www.editorialelpirata.com\/wp-content\/uploads\/2024\/11\/Logo-icec-350x53.jpg 350w, https:\/\/www.editorialelpirata.com\/wp-content\/uploads\/2024\/11\/Logo-icec-64x10.jpg 64w, https:\/\/www.editorialelpirata.com\/wp-content\/uploads\/2024\/11\/Logo-icec.jpg 1252w\" sizes=\"(max-width: 300px) 100vw, 300px\" \/><\/a>[\/vc_column_text][\/vc_column][\/vc_row]<\/p>\n<\/div>","protected":false},"excerpt":{"rendered":"<h3>Descobreix tot un m\u00f3n de fantasia i criatures m\u00e0giques!<\/h3>\n<p>Amb les magn\u00edfiques il\u00b7lustracions de Subi, els nens s&#8217;ho passaran en gran jugant mentre aprenen sobre dracs, bruixes i bruixots, criatures mitol\u00f2giques, fades i follets, unicorns i l\u2019Atl\u00e0ntida.<\/p>\n<p>&nbsp;<\/p>\n<p>Autor: Subi<\/p>\n","protected":false},"featured_media":105698,"template":"","meta":[],"product_brand":[],"product_cat":[3685,3149,3150,3151,3152,2123,2354,2956,3148],"product_tag":[3764,3773,3774,2834,3763],"class_list":{"0":"post-105507","1":"product","2":"type-product","3":"status-publish","4":"has-post-thumbnail","6":"product_cat-llibres-per-jugar-ca","7":"product_cat-llibres-de-3-a-6-anys-ca","8":"product_cat-llibres-joc-ca","9":"product_cat-joan-subirana-queralt-ca","10":"product_cat-llibres-de-passatemps-ca","11":"product_cat-tots-els-llibres","12":"product_cat-novetats","13":"product_cat-llibres-per-jugar-2","14":"product_cat-llibres-de-4-a-7-anys-ca","15":"product_tag-jocs-i-buscar","16":"product_tag-grans-llibre-jocs","17":"product_tag-subi","18":"product_tag-llibre-jocs","19":"product_tag-busca-i-troba","20":"product_shipping_class-envio-estandar-ca-2","22":"first","23":"instock","24":"shipping-taxable","25":"purchasable","26":"product-type-variable","27":"has-default-attributes"},"_links":{"self":[{"href":"https:\/\/www.editorialelpirata.com\/ca\/wp-json\/wp\/v2\/product\/105507","targetHints":{"allow":["GET"]}}],"collection":[{"href":"https:\/\/www.editorialelpirata.com\/ca\/wp-json\/wp\/v2\/product"}],"about":[{"href":"https:\/\/www.editorialelpirata.com\/ca\/wp-json\/wp\/v2\/types\/product"}],"wp:featuredmedia":[{"embeddable":true,"href":"https:\/\/www.editorialelpirata.com\/ca\/wp-json\/wp\/v2\/media\/105698"}],"wp:attachment":[{"href":"https:\/\/www.editorialelpirata.com\/ca\/wp-json\/wp\/v2\/media?parent=105507"}],"wp:term":[{"taxonomy":"product_brand","embeddable":true,"href":"https:\/\/www.editorialelpirata.com\/ca\/wp-json\/wp\/v2\/product_brand?post=105507"},{"taxonomy":"product_cat","embeddable":true,"href":"https:\/\/www.editorialelpirata.com\/ca\/wp-json\/wp\/v2\/product_cat?post=105507"},{"taxonomy":"product_tag","embeddable":true,"href":"https:\/\/www.editorialelpirata.com\/ca\/wp-json\/wp\/v2\/product_tag?post=105507"}],"curies":[{"name":"wp","href":"https:\/\/api.w.org\/{rel}","templated":true}]}}