{"id":104730,"date":"2025-10-08T09:00:18","date_gmt":"2025-10-08T09:00:18","guid":{"rendered":"https:\/\/www.editorialelpirata.com\/?post_type=product&#038;p=104730"},"modified":"2026-03-30T10:26:38","modified_gmt":"2026-03-30T10:26:38","slug":"travessia-guerrer-basquet","status":"publish","type":"product","link":"https:\/\/www.editorialelpirata.com\/ca\/Producte\/travessia-guerrer-basquet\/","title":{"rendered":"Els B\u00e0squet Prodigis 4 &#8211; LA TRAVESSIA DEL GUERRER"},"content":{"rendered":"<div class=\"wpb-content-wrapper\"><p>[vc_row][vc_column][vc_column_text uncode_shortcode_id=&#8221;817468&#8243;]<strong>El b\u00e0squet mai no havia estat tan divertit!<\/strong> Coneix els B\u00e0squet Prodigis, l\u2019equip de b\u00e0squet m\u00e9s ins\u00f2lit que puguis imaginar: encara que els B\u00e0squet Prodigis estan molt lluny de ser el millor equip, la seva amistat i el seu humor inunden les seves novel\u00b7les.<\/p>\n<p>En <em>La travessia del guerrer<\/em>, els B\u00e0squet Prodigis viatgen a la jungla per resoldre un conflicte entre dues escoles de karate. Guanyar un partit contra uns karatekes que gaireb\u00e9 no han jugat mai a b\u00e0squet sembla una tasca senzilla, per\u00f2 qu\u00e8 hi t\u00e9 a veure l\u2019antiga llegenda de la travessia del guerrer? I on ha anat a parar la Duna?<\/p>\n<p><strong>\u00abEls B\u00e0squet Prodigis\u00bb<\/strong> \u00e9s una col\u00b7lecci\u00f3 sobre <strong>b\u00e0squet amb molt d\u2019humor<\/strong>, protagonitzada per un grup de nois i noies de nou anys que van al mateix col\u00b7legi. No cal ser un expert en b\u00e0squet per gaudir amb les esbojarrades aventures d\u2019en Joel i els seus amics!<\/p>\n<p>Un llibre amb il\u00b7lustracions en color, di\u00e0legs en bafarades de c\u00f2mic, un ritme de la lectura trepidant i ple d\u2019humor. <strong>Recomanat per a nens i nenes de 8 a 11 anys.<\/strong><\/p>\n<p><strong>Els t\u00edtols de la col\u00b7lecci\u00f3:<\/strong><\/p>\n<ol>\n<li><a href=\"https:\/\/www.editorialelpirata.com\/ca\/Producte\/els-basquet-prodigis-el-torneig-dels-somnis\/\" target=\"_blank\" rel=\"noopener\"><em>El torneig dels somnis<\/em><\/a><\/li>\n<li><a href=\"https:\/\/www.editorialelpirata.com\/ca\/Producte\/basquet-prodigis-misteri\/\" target=\"_blank\" rel=\"noopener\"><em>El misteri dels Joves d\u2019Or<\/em><\/a><\/li>\n<li><a href=\"https:\/\/www.editorialelpirata.com\/ca\/Producte\/basquet-prodigis-profecia-escorpi\/\" target=\"_blank\" rel=\"noopener\"><em>La profecia de l\u2019escorp\u00ed<\/em><\/a><\/li>\n<li><em>La travessia del guerrer<\/em><\/li>\n<\/ol>\n<p>Altres col\u00b7leccions d\u2019humor i aventures d\u2019Editorial el Pirata:<\/p>\n<ul>\n<li>Golassos (+8 anys)<\/li>\n<li><a href=\"https:\/\/www.editorialelpirata.com\/ca\/nova-col%c2%b7leccio-els-embolics-de-la-judit-i-el-johan-amb-poca-broma-amb-la-xocolata\/\" target=\"_blank\" rel=\"noopener\">Els embolics de la Judith i en Johan (+8 anys)<\/a><\/li>\n<li><a href=\"https:\/\/www.editorialelpirata.com\/ca\/exploradors-temps-aventures\/\" target=\"_blank\" rel=\"noopener\">Els Exploradors del Temps (+10 anys)<\/a><\/li>\n<\/ul>\n<p>[\/vc_column_text][vc_column_text uncode_shortcode_id=&#8221;697147&#8243;]<\/p>\n<blockquote><p><strong>Merc\u00e8 Company, escritora de libros infantiles y juveniles<\/strong>: &#8220;\u00a1&#8221;Canastones&#8221; funciona muy bien! Es un libro con mucha gracia, es fresco y directo. Los di\u00e1logos y los personajes son naturales y los ni\u00f1os se ver\u00e1n reflejados en ellos.&#8221;<\/p><\/blockquote>\n<p>[\/vc_column_text][vc_row_inner row_inner_height_percent=&#8221;0&#8243; overlay_alpha=&#8221;50&#8243; gutter_size=&#8221;3&#8243; shift_y=&#8221;0&#8243; z_index=&#8221;0&#8243; medium_visibility=&#8221;yes&#8221; mobile_visibility=&#8221;yes&#8221; inverted_device_order=&#8221;yes&#8221; uncode_shortcode_id=&#8221;919876&#8243;][vc_column_inner width=&#8221;1\/4&#8243;][\/vc_column_inner][vc_column_inner width=&#8221;1\/2&#8243;][vc_raw_html]JTNDaWZyYW1lJTIwd2lkdGglM0QlMjI2MDBweCUyMiUyMGhlaWdodCUzRCUyMjQwMHB4JTIyJTIwc3JjJTNEJTIyaHR0cHMlM0ElMkYlMkZ3d3cueXVtcHUuY29tJTJGeHglMkZlbWJlZCUyRnZpZXclMkZnQ2M5QWJqWnRZNXlHN1dYJTIyJTIwZnJhbWVib3JkZXIlM0QlMjIwJTIyJTIwYWxsb3dmdWxsc2NyZWVuJTNEJTIydHJ1ZSUyMiUyMGFsbG93dHJhbnNwYXJlbmN5JTNEJTIydHJ1ZSUyMiUzRSUzQyUyRmlmcmFtZSUzRSUyMCUyMCUyMCUyMCUyMCUyMCUyMCUyMCUyMCUyMCUyMCUyMCUyMCUyMCUyMCUyMCUyMCUyMCUyMCUyMCUyMCUyMCUyMCUyMCUyMCUyMCUyMCUyMCUyMCUyMCUyMCUyMCUyMCUyMCUyMCUyMCUyMCUyMCUyMCUyMCUyMCUyMCUyMCUyMCUyMCUyMCUyMCUyMCUyMCUyMCUyMCUyMCUyMCUyMCUyMCUyMCUyMCUyMCUyMCUyMCUyMCUyMCUyMCUyMCUyMCUyMCUyMCUyMCUyMCUyMCUyMCUyMCUyMCUyMCUyMCUyMCUyMCUyMCUyMCUyMCUyMCUyMCUyMCUyMCUyMCUyMCUyMCUyMCUyMA==[\/vc_raw_html][\/vc_column_inner][vc_column_inner width=&#8221;1\/4&#8243;][\/vc_column_inner][\/vc_row_inner][vc_row_inner row_inner_height_percent=&#8221;0&#8243; overlay_alpha=&#8221;50&#8243; gutter_size=&#8221;3&#8243; shift_y=&#8221;0&#8243; z_index=&#8221;0&#8243; desktop_visibility=&#8221;yes&#8221; uncode_shortcode_id=&#8221;139236&#8243;][vc_column_inner width=&#8221;1\/4&#8243;][\/vc_column_inner][vc_column_inner width=&#8221;1\/2&#8243;][vc_raw_html]JTNDaWZyYW1lJTIwd2lkdGglM0QlMjIzMDBweCUyMiUyMGhlaWdodCUzRCUyMjE1MHB4JTIyJTIwc3JjJTNEJTIyaHR0cHMlM0ElMkYlMkZ3d3cueXVtcHUuY29tJTJGeHglMkZlbWJlZCUyRnZpZXclMkZnQ2M5QWJqWnRZNXlHN1dYJTIyJTIwZnJhbWVib3JkZXIlM0QlMjIwJTIyJTIwYWxsb3dmdWxsc2NyZWVuJTNEJTIydHJ1ZSUyMiUyMGFsbG93dHJhbnNwYXJlbmN5JTNEJTIydHJ1ZSUyMiUzRSUzQyUyRmlmcmFtZSUzRSUyMCUyMCUyMCUyMCUyMCUyMCUyMCUyMCUyMCUyMCUyMCUyMCUyMCUyMCUyMCUyMCUyMCUyMCUyMCUyMCUyMCUyMCUyMCUyMCUyMCUyMCUyMCUyMCUyMCUyMCUyMCUyMCUyMCUyMCUyMCUyMCUyMCUyMCUyMCUyMCUyMCUyMCUyMCUyMCUyMCUyMCUyMCUyMCUyMCUyMCUyMCUyMCUyMCUyMCUyMCUyMCUyMCUyMCUyMCUyMCUyMCUyMCUyMCUyMCUyMCUyMCUyMCUyMCUyMCUyMCUyMCUyMCUyMCUyMCUyMCUyMCUyMCUyMCUyMCUyMCUyMCUyMA==[\/vc_raw_html][\/vc_column_inner][vc_column_inner width=&#8221;1\/4&#8243;][\/vc_column_inner][\/vc_row_inner][\/vc_column][\/vc_row][vc_row][vc_column width=&#8221;1\/1&#8243;][vc_column_text uncode_shortcode_id=&#8221;130658&#8243;]<\/p>\n<hr \/>\n<div>\n<div>Amb el suport del departament de cultura:<\/div>\n<\/div>\n<div><\/div>\n<div><a href=\"https:\/\/www.editorialelpirata.com\/wp-content\/uploads\/2024\/11\/Logo-icec.jpg\"><img decoding=\"async\" class=\"alignnone size-medium wp-image-100854\" src=\"https:\/\/www.editorialelpirata.com\/wp-content\/uploads\/2024\/11\/Logo-icec-300x45.jpg\" alt=\"Logo icec complert\" width=\"300\" height=\"45\" title=\"\"><\/a><\/div>\n<p>[\/vc_column_text][\/vc_column][\/vc_row]<\/p>\n<\/div>","protected":false},"excerpt":{"rendered":"<h2>El b\u00e0squet mai havia estat tan divertit!<\/h2>\n<p><strong>Els B\u00e0squet Prodigis<\/strong> \u00e9s una col\u00b7lecci\u00f3 molt divertida per a nens i nenes. No cal ser expert en b\u00e0squet per passar-s\u2019ho genial amb el Joel i el seu grup d\u2019amics. Tot amb un llenguatge senzill i divertit, acompanyat d\u2019unes divertides il\u00b7lustracions a tot color.<\/p>\n<p>Un llibre de b\u00e0squet <strong>a partir de 8 anys,<\/strong> pensat per a nenes i nens.<\/p>\n<p>&nbsp;<\/p>\n<p>&nbsp;<\/p>\n<p>Autor: <a href=\"https:\/\/www.edicionsdelpirata.cat\/alberto-casamayor\/\" target=\"_blank\" rel=\"noopener\">Alberto Casamayor<\/a><br \/>\nIl\u00b7lustradors: <a href=\"https:\/\/www.edicionsdelpirata.cat\/contes\/escriptors\/josep-carrasco-kako\/\" target=\"_blank\" rel=\"noopener\">Palma &amp; Kako<\/a><\/p>\n","protected":false},"featured_media":104744,"template":"","meta":[],"product_brand":[],"product_cat":[3148,3277,3278,2354,3274,3275,3276],"product_tag":[3279,3280,3216,3281,3282,3283,3284,3285,3286,3287],"class_list":{"0":"post-104730","1":"product","2":"type-product","3":"status-publish","4":"has-post-thumbnail","6":"product_cat-llibres-de-4-a-7-anys-ca","7":"product_cat-pepe-palma-ca","8":"product_cat-alberto-casamayor-ca","9":"product_cat-novetats","10":"product_cat-llibres-per-10-anys-ca","11":"product_cat-llibres-per-9-anys-ca","12":"product_cat-josep-carrasco-kako-ca","13":"product_tag-llibres-9-anys-ca-2","14":"product_tag-llibres-humor-ca-2","15":"product_tag-basquet","16":"product_tag-basket-ca","17":"product_tag-esports","18":"product_tag-llibres-humor-nen","19":"product_tag-llibres-basquet-nens","20":"product_tag-llibres-infantils-8-anys","21":"product_tag-basket-nens","22":"product_tag-basquet-9-anys-llibre","24":"first","25":"instock","26":"shipping-taxable","27":"purchasable","28":"product-type-variable","29":"has-default-attributes"},"_links":{"self":[{"href":"https:\/\/www.editorialelpirata.com\/ca\/wp-json\/wp\/v2\/product\/104730","targetHints":{"allow":["GET"]}}],"collection":[{"href":"https:\/\/www.editorialelpirata.com\/ca\/wp-json\/wp\/v2\/product"}],"about":[{"href":"https:\/\/www.editorialelpirata.com\/ca\/wp-json\/wp\/v2\/types\/product"}],"wp:featuredmedia":[{"embeddable":true,"href":"https:\/\/www.editorialelpirata.com\/ca\/wp-json\/wp\/v2\/media\/104744"}],"wp:attachment":[{"href":"https:\/\/www.editorialelpirata.com\/ca\/wp-json\/wp\/v2\/media?parent=104730"}],"wp:term":[{"taxonomy":"product_brand","embeddable":true,"href":"https:\/\/www.editorialelpirata.com\/ca\/wp-json\/wp\/v2\/product_brand?post=104730"},{"taxonomy":"product_cat","embeddable":true,"href":"https:\/\/www.editorialelpirata.com\/ca\/wp-json\/wp\/v2\/product_cat?post=104730"},{"taxonomy":"product_tag","embeddable":true,"href":"https:\/\/www.editorialelpirata.com\/ca\/wp-json\/wp\/v2\/product_tag?post=104730"}],"curies":[{"name":"wp","href":"https:\/\/api.w.org\/{rel}","templated":true}]}}