{"id":104636,"date":"2026-03-11T09:00:36","date_gmt":"2026-03-11T09:00:36","guid":{"rendered":"https:\/\/www.editorialelpirata.com\/?post_type=product&#038;p=104636"},"modified":"2026-03-27T14:49:58","modified_gmt":"2026-03-27T14:49:58","slug":"llibre-tela-solapes-nadons","status":"publish","type":"product","link":"https:\/\/www.editorialelpirata.com\/ca\/Producte\/llibre-tela-solapes-nadons\/","title":{"rendered":"JUGUEM A BUSCAR"},"content":{"rendered":"<div class=\"wpb-content-wrapper\"><p>[vc_row][vc_column][vc_column_text uncode_shortcode_id=&#8221;201237&#8243;]<em>Juguem a buscar<\/em> \u00e9s <strong>un llibre de tela amb solapes interactiu <\/strong>per a nadons de 0 a 36 mesos, amb tres solapes a l\u2019interior perqu\u00e8 els m\u00e9s petits juguin a descobrir animals. \u00c9s un <strong>conte estimulant <\/strong>perfecte per a nadons, ja que inclou:<\/p>\n<ul>\n<li><strong>Tela amb material sonor a la coberta i a l\u2019interior<\/strong>, per millorar la cognici\u00f3 auditiva de l\u2019infant.<\/li>\n<li>Un<strong> mirall<\/strong> per millorar l\u2019autoconsci\u00e8ncia i l\u2019observaci\u00f3 visual del nad\u00f3.<\/li>\n<li><strong>Tres solapes<\/strong> per a la interacci\u00f3 sensorial, que ajuden a millorar les habilitats motores del nad\u00f3.<\/li>\n<\/ul>\n<p>El conte est\u00e0 fet de tela suau, totalment segura per a nadons, i es pot rentar a m\u00e0. Tamb\u00e9 inclou una tira de tela cosida al llom, sense velcro, per penjar el llibre al cotxet, a la cadireta del cotxe o al gimn\u00e0s de nadons. La mida del conte, 13 \u00d7 13 cm, \u00e9s perfecta per a les mans m\u00e9s petites.<\/p>\n<p><strong>El regal ideal per a nadons de 0 a 36 mesos. <\/strong><\/p>\n<p>&nbsp;<\/p>\n<p>Descobreix m\u00e9s llibres per a nadons d\u2019Editorial el Pirata:<\/p>\n<ul>\n<li><em>Banyar-se \u00e9s divertit.<\/em><\/li>\n<li><em>L\u2019osset se\u2019n va a dormir.<\/em><\/li>\n<li><a href=\"https:\/\/www.editorialelpirata.com\/ca\/Producte\/contes-bebes\/\" target=\"_blank\" rel=\"noopener\"><em>Contes per a nadons: tres contes interactius per als m\u00e9s petits.<\/em><\/a><\/li>\n<li><a href=\"https:\/\/www.editorialelpirata.com\/ca\/Producte\/les-meves-primeres-paraules\/\" target=\"_blank\" rel=\"noopener\">Les meves primeres paraules<\/a><\/li>\n<li><a href=\"https:\/\/www.editorialelpirata.com\/ca\/Producte\/minillibres-per-jugar-i-aprendre\/\" target=\"_blank\" rel=\"noopener\">Minillibres per jugar i apendre<\/a><\/li>\n<\/ul>\n<p>[\/vc_column_text][vc_column_text uncode_shortcode_id=&#8221;109816&#8243;]<\/p>\n<blockquote><p><strong>Client d\u2019Amazon:<\/strong> Li\u2019l vaig regalar al meu nebot de 5 mesos i li agrada molt. De moment, nom\u00e9s es fixa en els colors i no en la hist\u00f2ria; per\u00f2 li encanta jugar amb el llibre.<\/p>\n<p><strong>Erase_una_vez_librosymas:<\/strong> \u00ab\u00c9s un llibre sensorial amb textures i solapes, totalment rentable. Ideal per a les sortides, l\u2019hora de menjar o una estoneta a la manta de jocs.\u00bb<\/p><\/blockquote>\n<p>[\/vc_column_text][\/vc_column][\/vc_row][vc_row][vc_column width=&#8221;1\/4&#8243;][\/vc_column][vc_column width=&#8221;1\/2&#8243;][vc_single_image media=&#8221;106044&#8243; media_width_percent=&#8221;100&#8243; uncode_shortcode_id=&#8221;606492&#8243;][\/vc_column][vc_column width=&#8221;1\/4&#8243;][\/vc_column][\/vc_row][vc_row][vc_column width=&#8221;1\/1&#8243;][vc_column_text uncode_shortcode_id=&#8221;198202&#8243;]<\/p>\n<hr \/>\n<div>\n<div>Amb el suport de:<\/div>\n<\/div>\n<div><a href=\"https:\/\/www.editorialelpirata.com\/wp-content\/uploads\/2024\/11\/Logo-icec.jpg\"><img decoding=\"async\" class=\"alignnone wp-image-100853 size-medium\" src=\"https:\/\/www.editorialelpirata.com\/wp-content\/uploads\/2024\/11\/Logo-icec-300x45.jpg\" alt=\"Logo icec complert\" width=\"300\" height=\"45\" title=\"\" srcset=\"https:\/\/www.editorialelpirata.com\/wp-content\/uploads\/2024\/11\/Logo-icec-300x45.jpg 300w, https:\/\/www.editorialelpirata.com\/wp-content\/uploads\/2024\/11\/Logo-icec-1024x155.jpg 1024w, https:\/\/www.editorialelpirata.com\/wp-content\/uploads\/2024\/11\/Logo-icec-768x116.jpg 768w, https:\/\/www.editorialelpirata.com\/wp-content\/uploads\/2024\/11\/Logo-icec-350x53.jpg 350w, https:\/\/www.editorialelpirata.com\/wp-content\/uploads\/2024\/11\/Logo-icec-64x10.jpg 64w, https:\/\/www.editorialelpirata.com\/wp-content\/uploads\/2024\/11\/Logo-icec.jpg 1252w\" sizes=\"(max-width: 300px) 100vw, 300px\" \/><\/a><\/div>\n<p>[\/vc_column_text][\/vc_column][\/vc_row]<\/p>\n<\/div>","protected":false},"excerpt":{"rendered":"<h2>Llibre de tela amb solapes interactiu<\/h2>\n<p>Llibre de tela interactiu amb solapes per buscar i con\u00e8ixer. De 0 a 36 mesos. Tres solapes per a la interacci\u00f3 sensorial, que ajuden a millorar les habilitats motores del nad\u00f3.<\/p>\n<h3><\/h3>\n<div>.<\/div>\n<div>Il\u00b7lustradora: <a href=\"https:\/\/www.editorialelpirata.com\/ca\/alicia-teba-ca\/\" target=\"_blank\" rel=\"noopener\">Alicia Teba<\/a><\/div>\n","protected":false},"featured_media":106285,"template":"","meta":[],"product_brand":[],"product_cat":[3441,3685,3699,2123,2354,2955,3150],"product_tag":[3779,3780,3781,3782,3783,3784,3792],"class_list":{"0":"post-104636","1":"product","2":"type-product","3":"status-publish","4":"has-post-thumbnail","6":"product_cat-llibres-nens-animals-ca","7":"product_cat-llibres-per-jugar-ca","8":"product_cat-alicia-teba-ca","9":"product_cat-tots-els-llibres","10":"product_cat-novetats","11":"product_cat-llibres-de-tela-per-bebes-2","12":"product_cat-llibres-joc-ca","13":"product_tag-llibre-bebe-solapa","14":"product_tag-contes-de-0-a-2-anys","15":"product_tag-llibres-estimulacio-visual","16":"product_tag-llibre-regal","17":"product_tag-conte-danimals-per-a-nens","18":"product_tag-llibre-de-tela-per-bebes","19":"product_tag-contes-en-catala-per-nadons","20":"product_shipping_class-envio-estandar-ca-2","22":"first","23":"instock","24":"shipping-taxable","25":"purchasable","26":"product-type-variable","27":"has-default-attributes"},"_links":{"self":[{"href":"https:\/\/www.editorialelpirata.com\/ca\/wp-json\/wp\/v2\/product\/104636","targetHints":{"allow":["GET"]}}],"collection":[{"href":"https:\/\/www.editorialelpirata.com\/ca\/wp-json\/wp\/v2\/product"}],"about":[{"href":"https:\/\/www.editorialelpirata.com\/ca\/wp-json\/wp\/v2\/types\/product"}],"wp:featuredmedia":[{"embeddable":true,"href":"https:\/\/www.editorialelpirata.com\/ca\/wp-json\/wp\/v2\/media\/106285"}],"wp:attachment":[{"href":"https:\/\/www.editorialelpirata.com\/ca\/wp-json\/wp\/v2\/media?parent=104636"}],"wp:term":[{"taxonomy":"product_brand","embeddable":true,"href":"https:\/\/www.editorialelpirata.com\/ca\/wp-json\/wp\/v2\/product_brand?post=104636"},{"taxonomy":"product_cat","embeddable":true,"href":"https:\/\/www.editorialelpirata.com\/ca\/wp-json\/wp\/v2\/product_cat?post=104636"},{"taxonomy":"product_tag","embeddable":true,"href":"https:\/\/www.editorialelpirata.com\/ca\/wp-json\/wp\/v2\/product_tag?post=104636"}],"curies":[{"name":"wp","href":"https:\/\/api.w.org\/{rel}","templated":true}]}}