{"id":104348,"date":"2025-10-29T09:00:00","date_gmt":"2025-10-29T09:00:00","guid":{"rendered":"https:\/\/www.editorialelpirata.com\/?post_type=product&#038;p=104348"},"modified":"2026-01-16T11:59:19","modified_gmt":"2026-01-16T11:59:19","slug":"pack-pilota-basquet","status":"publish","type":"product","link":"https:\/\/www.editorialelpirata.com\/ca\/Producte\/pack-pilota-basquet\/","title":{"rendered":"ESTOIG EL B\u00c0SQUET PRODIGIS: 2 llibres + pilota"},"content":{"rendered":"<div class=\"wpb-content-wrapper\"><p>[vc_row][vc_column][vc_column_text uncode_shortcode_id=&#8221;141751&#8243;]<strong>Un fant\u00e0stic estoig per regalar amb els dos primers t\u00edtols d\u2019\u00abEls B\u00e0squet Prodigis\u00bb, la col\u00b7lecci\u00f3 de b\u00e0squet supervendes, amb m\u00e9s de 30.000 exemplars venuts! Inclou una minipilota de b\u00e0squet de regal! <\/strong><\/p>\n<p>Coneix els B\u00e0squet Prodigis, l\u2019equip de b\u00e0squet m\u00e9s ins\u00f2lit que puguis imaginar. Una col\u00b7lecci\u00f3 sobre <strong>b\u00e0squet amb molt d\u2019humor<\/strong>, protagonitzada per un grup de nois i noies de nou anys que van al mateix col\u00b7legi. No cal ser un expert en b\u00e0squet per gaudir amb les esbojarrades aventures d\u2019en Joel i els seus amics!<\/p>\n<p>Un llibre amb il\u00b7lustracions en color, di\u00e0legs en bafarades de c\u00f2mic, un ritme de la lectura trepidant i ple d\u2019humor. <strong>Recomanat per a nens i nenes a partir de 8 anys.<\/strong><\/p>\n<p><strong>Dins l\u2019estoig trobar\u00e0s:<\/strong><\/p>\n<ol>\n<li><em>El torneig dels somnis<\/em><\/li>\n<\/ol>\n<p>Per poder aprovar educaci\u00f3 f\u00edsica, en Joel i en Berm\u00fadez creen el seu equip de b\u00e0squet. El problema \u00e9s que&#8230; no en tenen ni idea! Qui voldr\u00e0 unir-se al seu equip si no saben jugar?<\/p>\n<ol start=\"2\">\n<li><em>El misteri dels Joves d\u2019Or<\/em><\/li>\n<\/ol>\n<p>Els B\u00e0squet Prodigis s\u2019enfronten als Joves d\u2019Or en un campionat a partit \u00fanic. Per\u00f2 tenen un gran problema: no saben qui s\u00f3n i, si no guanyen, l\u2019equip desapareixer\u00e0! Seran capa\u00e7os de v\u00e8ncer el misteri\u00f3s equip i salvar-se?<\/p>\n<ol start=\"3\">\n<li>Una minipilota de b\u00e0squet de regal!<\/li>\n<\/ol>\n<p><strong>Guarda l\u2019estoig per col\u00b7leccionar la resta dels llibres dels B\u00e0squet Prodigis!<\/strong>[\/vc_column_text][\/vc_column][\/vc_row][vc_row][vc_column width=&#8221;1\/1&#8243;][vc_column_text uncode_shortcode_id=&#8221;140380&#8243;]<\/p>\n<hr \/>\n<div>\n<div>Amb el suport del departament de cultura:<\/div>\n<\/div>\n<div><\/div>\n<div><a href=\"https:\/\/www.editorialelpirata.com\/wp-content\/uploads\/2024\/11\/Logo-icec.jpg\"><img decoding=\"async\" class=\"alignnone size-medium wp-image-100854\" src=\"https:\/\/www.editorialelpirata.com\/wp-content\/uploads\/2024\/11\/Logo-icec-300x45.jpg\" alt=\"Logo icec complert\" width=\"300\" height=\"45\" title=\"\"><\/a><\/div>\n<p>[\/vc_column_text][\/vc_column][\/vc_row]<\/p>\n<\/div>","protected":false},"excerpt":{"rendered":"<p><strong>Un fant\u00e0stic estoig <\/strong>per regalar amb els dos primers t\u00edtols d\u2019\u00abEls B\u00e0squet Prodigis\u00bb, la col\u00b7lecci\u00f3 de b\u00e0squet supervendes, amb m\u00e9s de 30.000 exemplars venuts! Inclou una minipilota de b\u00e0squet de regal!<\/p>\n<p>&nbsp;<\/p>\n<p>Autor: <a href=\"https:\/\/www.edicionsdelpirata.cat\/alberto-casamayor\/\" target=\"_blank\" rel=\"noopener\">Alberto Casamayor<\/a><br \/>\nIl\u00b7lustradors: <a href=\"https:\/\/www.edicionsdelpirata.cat\/contes\/escriptors\/josep-carrasco-kako\/\" target=\"_blank\" rel=\"noopener\">Palma &amp; Kako<\/a><\/p>\n","protected":false},"featured_media":105186,"template":"","meta":[],"product_brand":[],"product_cat":[3148,3274,3275,3276,3277,3278,2354],"product_tag":[3282,3283,3284,3285,3286,3287,3279,3280,3216,3281],"class_list":{"0":"post-104348","1":"product","2":"type-product","3":"status-publish","4":"has-post-thumbnail","6":"product_cat-llibres-de-4-a-7-anys-ca","7":"product_cat-llibres-per-10-anys-ca","8":"product_cat-llibres-per-9-anys-ca","9":"product_cat-josep-carrasco-kako-ca","10":"product_cat-pepe-palma-ca","11":"product_cat-alberto-casamayor-ca","12":"product_cat-novetats","13":"product_tag-esports","14":"product_tag-llibres-humor-nen","15":"product_tag-llibres-basquet-nens","16":"product_tag-llibres-infantils-8-anys","17":"product_tag-basket-nens","18":"product_tag-basquet-9-anys-llibre","19":"product_tag-llibres-9-anys-ca-2","20":"product_tag-llibres-humor-ca-2","21":"product_tag-basquet","22":"product_tag-basket-ca","24":"first","25":"instock","26":"shipping-taxable","27":"purchasable","28":"product-type-variable","29":"has-default-attributes"},"_links":{"self":[{"href":"https:\/\/www.editorialelpirata.com\/ca\/wp-json\/wp\/v2\/product\/104348","targetHints":{"allow":["GET"]}}],"collection":[{"href":"https:\/\/www.editorialelpirata.com\/ca\/wp-json\/wp\/v2\/product"}],"about":[{"href":"https:\/\/www.editorialelpirata.com\/ca\/wp-json\/wp\/v2\/types\/product"}],"wp:featuredmedia":[{"embeddable":true,"href":"https:\/\/www.editorialelpirata.com\/ca\/wp-json\/wp\/v2\/media\/105186"}],"wp:attachment":[{"href":"https:\/\/www.editorialelpirata.com\/ca\/wp-json\/wp\/v2\/media?parent=104348"}],"wp:term":[{"taxonomy":"product_brand","embeddable":true,"href":"https:\/\/www.editorialelpirata.com\/ca\/wp-json\/wp\/v2\/product_brand?post=104348"},{"taxonomy":"product_cat","embeddable":true,"href":"https:\/\/www.editorialelpirata.com\/ca\/wp-json\/wp\/v2\/product_cat?post=104348"},{"taxonomy":"product_tag","embeddable":true,"href":"https:\/\/www.editorialelpirata.com\/ca\/wp-json\/wp\/v2\/product_tag?post=104348"}],"curies":[{"name":"wp","href":"https:\/\/api.w.org\/{rel}","templated":true}]}}