{"id":104320,"date":"2025-10-29T09:00:26","date_gmt":"2025-10-29T09:00:26","guid":{"rendered":"https:\/\/www.editorialelpirata.com\/?post_type=product&#038;p=104320"},"modified":"2026-03-23T14:06:00","modified_gmt":"2026-03-23T14:06:00","slug":"pack-pilota-golassos","status":"publish","type":"product","link":"https:\/\/www.editorialelpirata.com\/ca\/Producte\/pack-pilota-golassos\/","title":{"rendered":"ESTOIG GOLASSOS: 2 llibres + pilota"},"content":{"rendered":"<div class=\"wpb-content-wrapper\"><p>[vc_row][vc_column width=&#8221;5\/6&#8243;][vc_column_text uncode_shortcode_id=&#8221;189698&#8243;]<strong>Un fant\u00e0stic estoig per regalar amb els dos primers t\u00edtols de \u00abGolassos\u00bb, la col\u00b7lecci\u00f3 de futbol m\u00e9s divertida, amb una mini pilota de futbol de regal!<\/strong><\/p>\n<p>Coneix els Golassos, l\u2019equip de futbol m\u00e9s ins\u00f2lit que et puguis imaginar. Una col\u00b7lecci\u00f3 plena d\u2019<strong>humor, amistat i passi\u00f3 pel futbol<\/strong>, que ens ensenya que, amb perseveran\u00e7a i ganes de lluitar, sempre es pot marcar el gol de la vict\u00f2ria!<\/p>\n<p>Un llibre amb il\u00b7lustracions en color, di\u00e0legs en bafarades de c\u00f2mic, un ritme de la lectura trepidant i ple d\u2019humor. <strong>Recomanat per a nens i nenes de 8 a 11 anys.<\/strong><\/p>\n<p><strong>Dins l\u2019estoig trobar\u00e0s:<\/strong><\/p>\n<ol>\n<li><em>Aquest partit el guanyarem <\/em><\/li>\n<\/ol>\n<p>L\u2019\u00c0lex, una apassionada del futbol, somia a formar part dels Golassos, per\u00f2 la nova entrenadora no li ho posar\u00e0 gens f\u00e0cil. Per qu\u00e8 li t\u00e9 tanta mania? \u00c9s perqu\u00e8 no dorm b\u00e9? I, per cert, qu\u00e8 hi fa el gripau de la seva \u00e0via enmig d\u2019aquesta hist\u00f2ria?<\/p>\n<ol start=\"2\">\n<li><em>El torneig m\u00e9s desitjat<\/em><\/li>\n<\/ol>\n<p>Els Golassos participen en un torneig que promet solucionar el problema m\u00e9s gran de l\u2019\u00c0lex. Per\u00f2 ha aparegut un nou equip al barri i&#8230; est\u00e0 format pels millors jugadors de la ciutat! Seran capa\u00e7os de guanyar el torneig i ajudar l\u2019\u00c0lex?<\/p>\n<ol start=\"3\">\n<li>Una minipilota de futbol de regal!<\/li>\n<\/ol>\n<p><strong>Guarda l\u2019estoig per col\u00b7leccionar la resta dels llibres dels Golassos!<\/strong>[\/vc_column_text][\/vc_column][vc_column width=&#8221;1\/6&#8243;][vc_single_image media=&#8221;105141&#8243; media_width_percent=&#8221;100&#8243; uncode_shortcode_id=&#8221;199288&#8243;][\/vc_column][\/vc_row][vc_row][vc_column column_width_percent=&#8221;100&#8243; align_horizontal=&#8221;align_center&#8221; gutter_size=&#8221;3&#8243; overlay_alpha=&#8221;50&#8243; shift_x=&#8221;0&#8243; shift_y=&#8221;0&#8243; shift_y_down=&#8221;0&#8243; z_index=&#8221;0&#8243; medium_width=&#8221;0&#8243; mobile_width=&#8221;0&#8243; width=&#8221;1\/1&#8243; uncode_shortcode_id=&#8221;263627&#8243;][\/vc_column][\/vc_row][vc_row][vc_column width=&#8221;1\/1&#8243;][vc_column_text uncode_shortcode_id=&#8221;350493&#8243;]<\/p>\n<hr \/>\n<p>Amb el suport de:<\/p>\n<p><a href=\"https:\/\/www.editorialelpirata.com\/wp-content\/uploads\/2024\/11\/Logo-icec.jpg\"><img decoding=\"async\" class=\"alignnone size-medium wp-image-100854\" src=\"https:\/\/www.editorialelpirata.com\/wp-content\/uploads\/2024\/11\/Logo-icec-300x45.jpg\" alt=\"Logo icec complert\" width=\"300\" height=\"45\" title=\"\"><\/a>[\/vc_column_text][\/vc_column][\/vc_row]<\/p>\n<\/div>","protected":false},"excerpt":{"rendered":"<p><strong>Un fant\u00e0stic estoig per regalar amb els dos primers t\u00edtols de \u00abGolassos\u00bb, la col\u00b7lecci\u00f3 de futbol m\u00e9s divertida, amb una mini pilota de futbol de regal!<\/strong> Coneix els Golassos, l\u2019equip de futbol m\u00e9s ins\u00f2lit que et puguis imaginar. Una col\u00b7lecci\u00f3 plena d\u2019<strong>humor, amistat i passi\u00f3 pel futbol<\/strong>, que ens ensenya que, amb perseveran\u00e7a i ganes de lluitar, sempre es pot marcar el gol de la vict\u00f2ria!<\/p>\n<p>Autor: <a href=\"https:\/\/www.edicionsdelpirata.cat\/alberto-casamayor\/\" target=\"_blank\" rel=\"noopener\">Alberto Casamayor<\/a><br \/>\nIl\u00b7lustradors: <a href=\"https:\/\/www.edicionsdelpirata.cat\/contes\/escriptors\/josep-carrasco-kako\/\" target=\"_blank\" rel=\"noopener\">Palma &amp; Kako<\/a><\/p>\n","protected":false},"featured_media":105140,"template":"","meta":[],"product_brand":[],"product_cat":[2123,3194,2164,3195,2170,2328,2349,2354,2376,2377,2878,2879],"product_tag":[2896,3215,3217,3658,3659,3660],"class_list":{"0":"post-104320","1":"product","2":"type-product","3":"status-publish","4":"has-post-thumbnail","6":"product_cat-tots-els-llibres","7":"product_cat-no-ficcio-ca","8":"product_cat-llibres-per-8-anys","9":"product_cat-tots-els-llibres-ca","10":"product_cat-llibres-per-10-anys","11":"product_cat-llibres-per-9-anys","12":"product_cat-llibres-aventures-10-anys","13":"product_cat-novetats","14":"product_cat-josep-carrasco-kako-escriptors","15":"product_cat-pepe-palma-illustradors","16":"product_cat-alberto-casamayor-escriptors","17":"product_cat-josep-carrasco","18":"product_tag-en-catala-ca","19":"product_tag-llibres-en-catala-8-anys","20":"product_tag-llibres-infantils-en-catala-8-anys","21":"product_tag-futbol","22":"product_tag-equip-futbol","23":"product_tag-golassos","25":"first","26":"instock","27":"shipping-taxable","28":"purchasable","29":"product-type-variable","30":"has-default-attributes"},"_links":{"self":[{"href":"https:\/\/www.editorialelpirata.com\/ca\/wp-json\/wp\/v2\/product\/104320","targetHints":{"allow":["GET"]}}],"collection":[{"href":"https:\/\/www.editorialelpirata.com\/ca\/wp-json\/wp\/v2\/product"}],"about":[{"href":"https:\/\/www.editorialelpirata.com\/ca\/wp-json\/wp\/v2\/types\/product"}],"wp:featuredmedia":[{"embeddable":true,"href":"https:\/\/www.editorialelpirata.com\/ca\/wp-json\/wp\/v2\/media\/105140"}],"wp:attachment":[{"href":"https:\/\/www.editorialelpirata.com\/ca\/wp-json\/wp\/v2\/media?parent=104320"}],"wp:term":[{"taxonomy":"product_brand","embeddable":true,"href":"https:\/\/www.editorialelpirata.com\/ca\/wp-json\/wp\/v2\/product_brand?post=104320"},{"taxonomy":"product_cat","embeddable":true,"href":"https:\/\/www.editorialelpirata.com\/ca\/wp-json\/wp\/v2\/product_cat?post=104320"},{"taxonomy":"product_tag","embeddable":true,"href":"https:\/\/www.editorialelpirata.com\/ca\/wp-json\/wp\/v2\/product_tag?post=104320"}],"curies":[{"name":"wp","href":"https:\/\/api.w.org\/{rel}","templated":true}]}}