{"id":104285,"date":"2025-10-15T09:00:26","date_gmt":"2025-10-15T09:00:26","guid":{"rendered":"https:\/\/www.editorialelpirata.com\/?post_type=product&#038;p=104285"},"modified":"2026-04-09T10:16:38","modified_gmt":"2026-04-09T10:16:38","slug":"golassos-futbol-equip","status":"publish","type":"product","link":"https:\/\/www.editorialelpirata.com\/ca\/Producte\/golassos-futbol-equip\/","title":{"rendered":"Golassos 2 &#8211; EL TORNEIG M\u00c9S DESITJAT"},"content":{"rendered":"<div class=\"wpb-content-wrapper\"><p>[vc_row][vc_column][vc_column_text uncode_shortcode_id=&#8221;870419&#8243;]<strong>Futbol, humor i un equip que ho peta!<\/strong><\/p>\n<p>Coneix els Golassos, l\u2019equip de futbol m\u00e9s ins\u00f2lit que et puguis imaginar. Una col\u00b7lecci\u00f3 plena d\u2019humor, amistat i passi\u00f3 pel futbol, que ens ensenya que, amb perseveran\u00e7a i ganes de lluitar, sempre es pot marcar el gol de la vict\u00f2ria!<\/p>\n<p>En <em>El torneig m\u00e9s desitjat<\/em>, els Golassos participen en un torneig que promet solucionar el problema m\u00e9s gran de l\u2019\u00c0lex. Per\u00f2 ha aparegut un nou equip al barri i&#8230; est\u00e0 format pels millors jugadors de la ciutat! <strong>Seran capa\u00e7os de guanyar el torneig i ajudar l\u2019\u00c0lex?<\/strong><\/p>\n<p>Un llibre amb il\u00b7lustracions en color, di\u00e0legs en bafarades de c\u00f2mic, un ritme de la lectura trepidant i ple d\u2019humor. <strong>Recomanat per a nens i nenes de 8 a 11 anys.<\/strong><\/p>\n<p><strong>Altres t\u00edtols de la col\u00b7lecci\u00f3 \u00abGolassos\u00bb:<\/strong><\/p>\n<ol>\n<li>Aquest partit el guanyarem<\/li>\n<li>El torneig m\u00e9s desitjat<\/li>\n<\/ol>\n<p>Descobreix altres col\u00b7leccions d\u2019Editorial el Pirata:<\/p>\n<ul>\n<li style=\"list-style-type: none\">\n<ul>\n<li><a href=\"https:\/\/www.editorialelpirata.com\/ca\/els-basquet-prodigis\/\" target=\"_blank\" rel=\"noopener\">Els B\u00e0squet Prodigis<\/a> (+8 anys)<\/li>\n<li><a href=\"https:\/\/www.editorialelpirata.com\/ca\/els-embolics-de-la-judit-i-el-johan\/\" target=\"_blank\" rel=\"noopener\">Els embolics de la Judith i el Johan<\/a> (+8 anys)<\/li>\n<li><a href=\"https:\/\/www.editorialelpirata.com\/ca\/exploradors-temps-aventures\/\" target=\"_blank\" rel=\"noopener\">Els Exploradors del Temps<\/a> (+10 anys)<\/li>\n<\/ul>\n<\/li>\n<\/ul>\n<p>[\/vc_column_text][\/vc_column][\/vc_row][vc_row][vc_column column_width_percent=&#8221;100&#8243; align_horizontal=&#8221;align_center&#8221; gutter_size=&#8221;3&#8243; overlay_alpha=&#8221;50&#8243; shift_x=&#8221;0&#8243; shift_y=&#8221;0&#8243; shift_y_down=&#8221;0&#8243; z_index=&#8221;0&#8243; medium_width=&#8221;0&#8243; mobile_width=&#8221;0&#8243; width=&#8221;1\/1&#8243; uncode_shortcode_id=&#8221;263627&#8243;][vc_raw_html]JTNDaWZyYW1lJTIwd2lkdGglM0QlMjI2MjBweCUyMiUyMGhlaWdodCUzRCUyMjQwMHB4JTIyJTIwc3JjJTNEJTIyaHR0cHMlM0ElMkYlMkZ3d3cueXVtcHUuY29tJTJGeHglMkZlbWJlZCUyRnZpZXclMkZISWhqMnJpZHk3ZjZQbUEwJTIyJTIwZnJhbWVib3JkZXIlM0QlMjIwJTIyJTIwYWxsb3dmdWxsc2NyZWVuJTNEJTIydHJ1ZSUyMiUyMGFsbG93dHJhbnNwYXJlbmN5JTNEJTIydHJ1ZSUyMiUzRSUzQyUyRmlmcmFtZSUzRSUyMCUyMCUyMCUyMCUyMCUyMCUyMCUyMCUyMCUyMCUyMCUyMCUyMCUyMCUyMCUyMCUyMCUyMCUyMCUyMCUyMCUyMCUyMCUyMCUyMCUyMCUyMCUyMCUyMCUyMCUyMCUyMCUyMCUyMCUyMCUyMCUyMCUyMCUyMCUyMCUyMCUyMCUyMCUyMCUyMCUyMCUyMCUyMCUyMCUyMCUyMCUyMCUyMCUyMCUyMCUyMCUyMCUyMCUyMCUyMCUyMCUyMCUyMCUyMCUyMCUyMCUyMCUyMCUyMCUyMCUyMCUyMCUyMCUyMCUyMCUyMCUyMCUyMCUyMCUyMCUyMCUyMCUyMCUyMCUyMA==[\/vc_raw_html][\/vc_column][\/vc_row][vc_row][vc_column width=&#8221;1\/1&#8243;][vc_column_text uncode_shortcode_id=&#8221;350493&#8243;]<\/p>\n<hr \/>\n<p>Amb el suport de:<\/p>\n<p><a href=\"https:\/\/www.editorialelpirata.com\/wp-content\/uploads\/2024\/11\/Logo-icec.jpg\"><img decoding=\"async\" class=\"alignnone size-medium wp-image-100854\" src=\"https:\/\/www.editorialelpirata.com\/wp-content\/uploads\/2024\/11\/Logo-icec-300x45.jpg\" alt=\"Logo icec complert\" width=\"300\" height=\"45\" title=\"\"><\/a>[\/vc_column_text][\/vc_column][\/vc_row]<\/p>\n<\/div>","protected":false},"excerpt":{"rendered":"<p>En <em>El torneig m\u00e9s desitjat<\/em>, els Golassos participen en un torneig que promet solucionar el problema m\u00e9s gran de l\u2019\u00c0lex. Per\u00f2 ha aparegut un nou equip al barri i&#8230; est\u00e0 format pels millors jugadors de la ciutat! <strong>Seran capa\u00e7os de guanyar el torneig i ajudar l\u2019\u00c0lex?<\/strong><\/p>\n<p>&nbsp;<\/p>\n<p>Autor: <a href=\"https:\/\/www.edicionsdelpirata.cat\/alberto-casamayor\/\" target=\"_blank\" rel=\"noopener\">Alberto Casamayor<\/a><br \/>\nIl\u00b7lustradors: <a href=\"https:\/\/www.edicionsdelpirata.cat\/contes\/escriptors\/josep-carrasco-kako\/\" target=\"_blank\" rel=\"noopener\">Palma &amp; Kako<\/a><\/p>\n","protected":false},"featured_media":104367,"template":"","meta":[],"product_brand":[],"product_cat":[2349,2354,2376,2377,2878,2879,2123,3194,2164,3195,2170,2328],"product_tag":[3658,3659,3660,2896,3215,3217],"class_list":{"0":"post-104285","1":"product","2":"type-product","3":"status-publish","4":"has-post-thumbnail","6":"product_cat-llibres-aventures-10-anys","7":"product_cat-novetats","8":"product_cat-josep-carrasco-kako-escriptors","9":"product_cat-pepe-palma-illustradors","10":"product_cat-alberto-casamayor-escriptors","11":"product_cat-josep-carrasco","12":"product_cat-tots-els-llibres","13":"product_cat-no-ficcio-ca","14":"product_cat-llibres-per-8-anys","15":"product_cat-tots-els-llibres-ca","16":"product_cat-llibres-per-10-anys","17":"product_cat-llibres-per-9-anys","18":"product_tag-futbol","19":"product_tag-equip-futbol","20":"product_tag-golassos","21":"product_tag-en-catala-ca","22":"product_tag-llibres-en-catala-8-anys","23":"product_tag-llibres-infantils-en-catala-8-anys","25":"first","26":"instock","27":"shipping-taxable","28":"purchasable","29":"product-type-variable","30":"has-default-attributes"},"_links":{"self":[{"href":"https:\/\/www.editorialelpirata.com\/ca\/wp-json\/wp\/v2\/product\/104285","targetHints":{"allow":["GET"]}}],"collection":[{"href":"https:\/\/www.editorialelpirata.com\/ca\/wp-json\/wp\/v2\/product"}],"about":[{"href":"https:\/\/www.editorialelpirata.com\/ca\/wp-json\/wp\/v2\/types\/product"}],"wp:featuredmedia":[{"embeddable":true,"href":"https:\/\/www.editorialelpirata.com\/ca\/wp-json\/wp\/v2\/media\/104367"}],"wp:attachment":[{"href":"https:\/\/www.editorialelpirata.com\/ca\/wp-json\/wp\/v2\/media?parent=104285"}],"wp:term":[{"taxonomy":"product_brand","embeddable":true,"href":"https:\/\/www.editorialelpirata.com\/ca\/wp-json\/wp\/v2\/product_brand?post=104285"},{"taxonomy":"product_cat","embeddable":true,"href":"https:\/\/www.editorialelpirata.com\/ca\/wp-json\/wp\/v2\/product_cat?post=104285"},{"taxonomy":"product_tag","embeddable":true,"href":"https:\/\/www.editorialelpirata.com\/ca\/wp-json\/wp\/v2\/product_tag?post=104285"}],"curies":[{"name":"wp","href":"https:\/\/api.w.org\/{rel}","templated":true}]}}