{"id":104263,"date":"2025-10-22T09:00:38","date_gmt":"2025-10-22T09:00:38","guid":{"rendered":"https:\/\/www.editorialelpirata.com\/?post_type=product&#038;p=104263"},"modified":"2026-04-17T09:38:57","modified_gmt":"2026-04-17T09:38:57","slug":"primeres-paraules-minillibres","status":"publish","type":"product","link":"https:\/\/www.editorialelpirata.com\/ca\/Producte\/primeres-paraules-minillibres\/","title":{"rendered":"MINILLIBRES -LES MEVES PRIMERES PARAULES"},"content":{"rendered":"<div class=\"wpb-content-wrapper\"><p>[vc_row][vc_column][vc_column_text uncode_shortcode_id=&#8221;563537&#8243;]<strong>Apr\u00e8n les primeres paraules en catal\u00e0 i en angl\u00e8s amb aquest lot de 6 fant\u00e0stics minillibres biling\u00fces!<\/strong><\/p>\n<p>Descobreix les paraules del teu dia a dia amb aquests minillibres recomanats a partir d\u20191 any! S\u00f3n perfectes per a mans petites. El text \u00e9s en lletra de pal i la caixa inclou un trencaclosques!<\/p>\n<p>Els sis minillibres s\u00f3n de cartr\u00f3 gruixut i es poden apilar per convertir-los en un joc de construccions. Les vores s\u00f3n arrodonides, i cada llibre permet aprendre paraules d\u2019una tem\u00e0tica diferent: els colors, els nombres, els animals, les rutines, el menjar i els oficis.<\/p>\n<p>\u00c9s un lot molt complet que es pot utilitzar durant molts anys:<\/p>\n<ul>\n<li><strong>A partir d\u20191 any<\/strong> els infants juguen amb els llibres com si fossin construccions (desenvolupament de la motricitat), poden guardar els contes al lloc corresponent de la capsa i comencen a con\u00e8ixer les primeres paraules.<\/li>\n<li><strong>A partir de 2 anys<\/strong> perfeccionen l\u2019aprenentatge de les paraules en el seu idioma propi, fan construccions m\u00e9s elaborades i comencen a aprendre paraules en l\u2019idioma que no \u00e9s el matern (angl\u00e8s si el nen \u00e9s catal\u00e0 o catal\u00e0 si el nen \u00e9s angl\u00e8s).<\/li>\n<li><strong>A partir de 3 anys<\/strong> perfeccionen les paraules en l\u2019idioma que no els \u00e9s propi i poden resoldre el trencaclosques.<\/li>\n<li><strong>A partir de 4 anys<\/strong> ja poden fer servir el text en lletra de pal per comen\u00e7ar a llegir en els dos idiomes.<\/li>\n<\/ul>\n<p>Descobreix altres contes d\u2019Editorial el Pirata:<\/p>\n<ul>\n<li><a href=\"https:\/\/www.editorialelpirata.com\/ca\/Producte\/minillibres-per-jugar-i-aprendre\/\" target=\"_blank\" rel=\"noopener\">Minillibres per a jugar i aprendre<\/a><\/li>\n<li><a href=\"http:\/\/EL\">El so dels instruments<\/a><\/li>\n<li><a href=\"https:\/\/www.editorialelpirata.com\/ca\/Producte\/sons-vehicles\/\" target=\"_blank\" rel=\"noopener\">El so dels vehicles<\/a><\/li>\n<li><a href=\"https:\/\/www.editorialelpirata.com\/ca\/Producte\/sons-animals\/\" target=\"_blank\" rel=\"noopener\">Els animals i les seves mames<\/a><\/li>\n<li><a href=\"https:\/\/www.editorialelpirata.com\/ca\/Producte\/descobreix-els-animals\/\" target=\"_blank\" rel=\"noopener\">Descobreix els animals<\/a><\/li>\n<\/ul>\n<p>[\/vc_column_text][\/vc_column][\/vc_row][vc_row][vc_column width=&#8221;1\/2&#8243;][vc_single_image media=&#8221;104372&#8243; media_width_percent=&#8221;100&#8243; uncode_shortcode_id=&#8221;137522&#8243;][\/vc_column][vc_column width=&#8221;1\/2&#8243;][vc_single_image media=&#8221;104375&#8243; media_width_percent=&#8221;100&#8243; uncode_shortcode_id=&#8221;113713&#8243;][\/vc_column][\/vc_row][vc_row][vc_column width=&#8221;1\/1&#8243;][vc_column_text uncode_shortcode_id=&#8221;151016&#8243;]<\/p>\n<hr \/>\n<div>Amb el suport de:<\/div>\n<div><a href=\"https:\/\/www.editorialelpirata.com\/wp-content\/uploads\/2024\/11\/Logo-icec.jpg\"><img decoding=\"async\" class=\"alignnone size-medium wp-image-100853\" src=\"https:\/\/www.editorialelpirata.com\/wp-content\/uploads\/2024\/11\/Logo-icec-300x45.jpg\" alt=\"Logo icec complert\" width=\"300\" height=\"45\" title=\"\" srcset=\"https:\/\/www.editorialelpirata.com\/wp-content\/uploads\/2024\/11\/Logo-icec-300x45.jpg 300w, https:\/\/www.editorialelpirata.com\/wp-content\/uploads\/2024\/11\/Logo-icec-1024x155.jpg 1024w, https:\/\/www.editorialelpirata.com\/wp-content\/uploads\/2024\/11\/Logo-icec-768x116.jpg 768w, https:\/\/www.editorialelpirata.com\/wp-content\/uploads\/2024\/11\/Logo-icec-350x53.jpg 350w, https:\/\/www.editorialelpirata.com\/wp-content\/uploads\/2024\/11\/Logo-icec-64x10.jpg 64w, https:\/\/www.editorialelpirata.com\/wp-content\/uploads\/2024\/11\/Logo-icec.jpg 1252w\" sizes=\"(max-width: 300px) 100vw, 300px\" \/><\/a><\/div>\n<p>[\/vc_column_text][\/vc_column][\/vc_row]<\/p>\n<\/div>","protected":false},"excerpt":{"rendered":"<h4><strong>Apr\u00e8n les primeres paraules en catal\u00e0 i en angl\u00e8s amb aquest lot de 6 fant\u00e0stics minillibres biling\u00fces!<\/strong><\/h4>\n<p>Recomanats a partir d\u20191 any!<\/p>\n","protected":false},"featured_media":105124,"template":"","meta":[],"product_brand":[],"product_cat":[3685,3686,2123,2354,2362],"product_tag":[3689,3690,3691,2898,3692,3154,3693],"class_list":{"0":"post-104263","1":"product","2":"type-product","3":"status-publish","4":"has-post-thumbnail","6":"product_cat-llibres-per-jugar-ca","7":"product_cat-pam-lopez-ca","8":"product_cat-tots-els-llibres","9":"product_cat-novetats","10":"product_cat-contes-cartrone","11":"product_tag-minillibres-ca-2","12":"product_tag-blocs-de-construccio-ca-2","13":"product_tag-llibres-per-bebes","14":"product_tag-llibres-bebes-ca","15":"product_tag-puzzles-ca","16":"product_tag-aprendre-jugant-ca-2","17":"product_tag-llibres-bilingues","18":"product_shipping_class-envio-estandar-ca-2","20":"first","21":"instock","22":"shipping-taxable","23":"purchasable","24":"product-type-variable","25":"has-default-attributes"},"_links":{"self":[{"href":"https:\/\/www.editorialelpirata.com\/ca\/wp-json\/wp\/v2\/product\/104263","targetHints":{"allow":["GET"]}}],"collection":[{"href":"https:\/\/www.editorialelpirata.com\/ca\/wp-json\/wp\/v2\/product"}],"about":[{"href":"https:\/\/www.editorialelpirata.com\/ca\/wp-json\/wp\/v2\/types\/product"}],"wp:featuredmedia":[{"embeddable":true,"href":"https:\/\/www.editorialelpirata.com\/ca\/wp-json\/wp\/v2\/media\/105124"}],"wp:attachment":[{"href":"https:\/\/www.editorialelpirata.com\/ca\/wp-json\/wp\/v2\/media?parent=104263"}],"wp:term":[{"taxonomy":"product_brand","embeddable":true,"href":"https:\/\/www.editorialelpirata.com\/ca\/wp-json\/wp\/v2\/product_brand?post=104263"},{"taxonomy":"product_cat","embeddable":true,"href":"https:\/\/www.editorialelpirata.com\/ca\/wp-json\/wp\/v2\/product_cat?post=104263"},{"taxonomy":"product_tag","embeddable":true,"href":"https:\/\/www.editorialelpirata.com\/ca\/wp-json\/wp\/v2\/product_tag?post=104263"}],"curies":[{"name":"wp","href":"https:\/\/api.w.org\/{rel}","templated":true}]}}